{"id":5804,"date":"2017-01-17T18:09:56","date_gmt":"2017-01-17T20:09:56","guid":{"rendered":"http:\/\/totallubri.com.br\/?post_type=product&#038;p=5804"},"modified":"2024-12-21T16:47:19","modified_gmt":"2024-12-21T19:47:19","slug":"medidor-digital-2178-fill-rite","status":"publish","type":"product","link":"https:\/\/totallubri.com.br\/?product=medidor-digital-2178-fill-rite","title":{"rendered":"MEDIDOR DIGITAL &#8211; 2178 &#8211; FILL-RITE"},"content":{"rendered":"<p>Com corpo em alum\u00ednio anodizado, selos em viton, registrador eletr\u00f4nico midcom em litros, preset, compensa\u00e7\u00e3o de temperatura e acionamento por passagem de flu\u00eddo.<br \/>\nVaz\u00e3o Livre: 230 L\/min<br \/>\nEntrada e sa\u00edda: \u00d8 1 1\/2&#8243; NPT<br \/>\nPress\u00e3o m\u00e1xima de opera\u00e7\u00e3o: 150 PSI<br \/>\nSistema de medi\u00e7\u00e3o: engrenagens ovais<br \/>\nPeso: 33 kg<br \/>\nMedidas: (A) 420 mm x (L) 430 mm x (C) 330 mm<\/p>\n","protected":false},"excerpt":{"rendered":"<p>Com corpo em alum\u00ednio anodizado, selos em viton, registrador eletr\u00f4nico midcom em litros, preset, compensa\u00e7\u00e3o de temperatura e acionamento por passagem de flu\u00eddo. Vaz\u00e3o Livre: 230 L\/min Entrada e sa\u00edda: \u00d8 1 1\/2&#8243; NPT Press\u00e3o m\u00e1xima de opera\u00e7\u00e3o: 150 PSI Sistema de medi\u00e7\u00e3o: engrenagens ovais Peso: 33 kg Medidas: (A) 420 mm x (L) 430 [&hellip;]<\/p>\n","protected":false},"featured_media":5805,"comment_status":"open","ping_status":"closed","template":"","meta":{"_exactmetrics_skip_tracking":false,"_exactmetrics_sitenote_active":false,"_exactmetrics_sitenote_note":"","_exactmetrics_sitenote_category":0},"product_brand":[],"product_cat":[108,50],"product_tag":[],"class_list":{"0":"post-5804","1":"product","2":"type-product","3":"status-publish","4":"has-post-thumbnail","6":"product_cat-medidor-digital","7":"product_cat-aviacao","9":"first","10":"instock","11":"shipping-taxable","12":"product-type-simple"},"_links":{"self":[{"href":"https:\/\/totallubri.com.br\/index.php?rest_route=\/wp\/v2\/product\/5804","targetHints":{"allow":["GET"]}}],"collection":[{"href":"https:\/\/totallubri.com.br\/index.php?rest_route=\/wp\/v2\/product"}],"about":[{"href":"https:\/\/totallubri.com.br\/index.php?rest_route=\/wp\/v2\/types\/product"}],"replies":[{"embeddable":true,"href":"https:\/\/totallubri.com.br\/index.php?rest_route=%2Fwp%2Fv2%2Fcomments&post=5804"}],"wp:featuredmedia":[{"embeddable":true,"href":"https:\/\/totallubri.com.br\/index.php?rest_route=\/wp\/v2\/media\/5805"}],"wp:attachment":[{"href":"https:\/\/totallubri.com.br\/index.php?rest_route=%2Fwp%2Fv2%2Fmedia&parent=5804"}],"wp:term":[{"taxonomy":"product_brand","embeddable":true,"href":"https:\/\/totallubri.com.br\/index.php?rest_route=%2Fwp%2Fv2%2Fproduct_brand&post=5804"},{"taxonomy":"product_cat","embeddable":true,"href":"https:\/\/totallubri.com.br\/index.php?rest_route=%2Fwp%2Fv2%2Fproduct_cat&post=5804"},{"taxonomy":"product_tag","embeddable":true,"href":"https:\/\/totallubri.com.br\/index.php?rest_route=%2Fwp%2Fv2%2Fproduct_tag&post=5804"}],"curies":[{"name":"wp","href":"https:\/\/api.w.org\/{rel}","templated":true}]}}