{"id":5820,"date":"2017-01-17T18:20:27","date_gmt":"2017-01-17T20:20:27","guid":{"rendered":"http:\/\/totallubri.com.br\/?post_type=product&#038;p=5820"},"modified":"2025-04-29T14:20:35","modified_gmt":"2025-04-29T17:20:35","slug":"visor-de-combustivel-2103-lupus","status":"publish","type":"product","link":"https:\/\/totallubri.com.br\/?product=visor-de-combustivel-2103-lupus","title":{"rendered":"2103-VISOR DE COMBUST\u00cdVEL \u2013 2103 \u2013 LUPUS"},"content":{"rendered":"<div class=\"cont_produto\">\n<p>Em alum\u00ednio.<\/p>\n<p>Entrada e sa\u00edda . <strong>\u00f8 1\u201d NPT<br \/>\n<\/strong><br \/>\n<strong>Peso: 170 g<br \/>\nMedidas: (A) 84 mm x (L) 45 mm<\/strong><\/p>\n<\/div>\n","protected":false},"excerpt":{"rendered":"<p>Em alum\u00ednio. Entrada e sa\u00edda . \u00f8 1\u201d NPT Peso: 170 g Medidas: (A) 84 mm x (L) 45 mm<\/p>\n","protected":false},"featured_media":5821,"comment_status":"open","ping_status":"closed","template":"","meta":{"_exactmetrics_skip_tracking":false,"_exactmetrics_sitenote_active":false,"_exactmetrics_sitenote_note":"","_exactmetrics_sitenote_category":0},"product_brand":[],"product_cat":[129],"product_tag":[],"class_list":{"0":"post-5820","1":"product","2":"type-product","3":"status-publish","4":"has-post-thumbnail","6":"product_cat-tampa-camlock-para-acoplador-e-adaptador","8":"first","9":"instock","10":"shipping-taxable","11":"product-type-simple"},"_links":{"self":[{"href":"https:\/\/totallubri.com.br\/index.php?rest_route=\/wp\/v2\/product\/5820","targetHints":{"allow":["GET"]}}],"collection":[{"href":"https:\/\/totallubri.com.br\/index.php?rest_route=\/wp\/v2\/product"}],"about":[{"href":"https:\/\/totallubri.com.br\/index.php?rest_route=\/wp\/v2\/types\/product"}],"replies":[{"embeddable":true,"href":"https:\/\/totallubri.com.br\/index.php?rest_route=%2Fwp%2Fv2%2Fcomments&post=5820"}],"wp:featuredmedia":[{"embeddable":true,"href":"https:\/\/totallubri.com.br\/index.php?rest_route=\/wp\/v2\/media\/5821"}],"wp:attachment":[{"href":"https:\/\/totallubri.com.br\/index.php?rest_route=%2Fwp%2Fv2%2Fmedia&parent=5820"}],"wp:term":[{"taxonomy":"product_brand","embeddable":true,"href":"https:\/\/totallubri.com.br\/index.php?rest_route=%2Fwp%2Fv2%2Fproduct_brand&post=5820"},{"taxonomy":"product_cat","embeddable":true,"href":"https:\/\/totallubri.com.br\/index.php?rest_route=%2Fwp%2Fv2%2Fproduct_cat&post=5820"},{"taxonomy":"product_tag","embeddable":true,"href":"https:\/\/totallubri.com.br\/index.php?rest_route=%2Fwp%2Fv2%2Fproduct_tag&post=5820"}],"curies":[{"name":"wp","href":"https:\/\/api.w.org\/{rel}","templated":true}]}}