{"id":5822,"date":"2017-01-17T18:21:42","date_gmt":"2017-01-17T20:21:42","guid":{"rendered":"http:\/\/totallubri.com.br\/?post_type=product&#038;p=5822"},"modified":"2024-11-29T14:57:53","modified_gmt":"2024-11-29T17:57:53","slug":"uniao-giratoria-reta-2101-lupus","status":"publish","type":"product","link":"https:\/\/totallubri.com.br\/?product=uniao-giratoria-reta-2101-lupus","title":{"rendered":"Uni\u00e3o Girat\u00f3ria Reta &#8211; 2101 &#8211; LUPUS"},"content":{"rendered":"<p>Em alum\u00ednio.<\/p>\n<p>Para mangueira . \u00f8 <strong>3\/4\u201d NPT<\/strong><\/p>\n<p>Peso: 121 g<br \/>\nMedidas: (A) 60 mm x (L) 40 mm<\/p>\n","protected":false},"excerpt":{"rendered":"<p>Em alum\u00ednio. Para mangueira . \u00f8 3\/4\u201d NPT Peso: 121 g Medidas: (A) 60 mm x (L) 40 mm<\/p>\n","protected":false},"featured_media":5823,"comment_status":"open","ping_status":"closed","template":"","meta":{"_exactmetrics_skip_tracking":false,"_exactmetrics_sitenote_active":false,"_exactmetrics_sitenote_note":"","_exactmetrics_sitenote_category":0},"product_brand":[],"product_cat":[97],"product_tag":[],"class_list":{"0":"post-5822","1":"product","2":"type-product","3":"status-publish","4":"has-post-thumbnail","6":"product_cat-mangueiras-terminais-e-acessorios-para-mangueiras","8":"first","9":"instock","10":"shipping-taxable","11":"product-type-simple"},"_links":{"self":[{"href":"https:\/\/totallubri.com.br\/index.php?rest_route=\/wp\/v2\/product\/5822","targetHints":{"allow":["GET"]}}],"collection":[{"href":"https:\/\/totallubri.com.br\/index.php?rest_route=\/wp\/v2\/product"}],"about":[{"href":"https:\/\/totallubri.com.br\/index.php?rest_route=\/wp\/v2\/types\/product"}],"replies":[{"embeddable":true,"href":"https:\/\/totallubri.com.br\/index.php?rest_route=%2Fwp%2Fv2%2Fcomments&post=5822"}],"wp:featuredmedia":[{"embeddable":true,"href":"https:\/\/totallubri.com.br\/index.php?rest_route=\/wp\/v2\/media\/5823"}],"wp:attachment":[{"href":"https:\/\/totallubri.com.br\/index.php?rest_route=%2Fwp%2Fv2%2Fmedia&parent=5822"}],"wp:term":[{"taxonomy":"product_brand","embeddable":true,"href":"https:\/\/totallubri.com.br\/index.php?rest_route=%2Fwp%2Fv2%2Fproduct_brand&post=5822"},{"taxonomy":"product_cat","embeddable":true,"href":"https:\/\/totallubri.com.br\/index.php?rest_route=%2Fwp%2Fv2%2Fproduct_cat&post=5822"},{"taxonomy":"product_tag","embeddable":true,"href":"https:\/\/totallubri.com.br\/index.php?rest_route=%2Fwp%2Fv2%2Fproduct_tag&post=5822"}],"curies":[{"name":"wp","href":"https:\/\/api.w.org\/{rel}","templated":true}]}}