{"id":5836,"date":"2017-01-17T18:28:38","date_gmt":"2017-01-17T20:28:38","guid":{"rendered":"http:\/\/totallubri.com.br\/?post_type=product&#038;p=5836"},"modified":"2025-04-29T14:16:19","modified_gmt":"2025-04-29T17:16:19","slug":"valvula-de-seguranca-breakway-2108-lupus","status":"publish","type":"product","link":"https:\/\/totallubri.com.br\/?product=valvula-de-seguranca-breakway-2108-lupus","title":{"rendered":"2108-V\u00e1lvula de Seguran\u00e7a Breakway \u2013 2108 \u2013 LUPUS"},"content":{"rendered":"<p>Em alum\u00ednio, reconect\u00e1vel.<\/p>\n<p>Vaz\u00e3o livre . <strong>60 L\/min<\/strong><br \/>\nEntrada e sa\u00edda . \u00f8 <strong>3\/4\u201d NPT<\/strong><\/p>\n<p>Peso: 250 g<br \/>\nMedidas: (A) 120 mm x (L) 40 mm<\/p>\n","protected":false},"excerpt":{"rendered":"<p>Em alum\u00ednio, reconect\u00e1vel. Vaz\u00e3o livre . 60 L\/min Entrada e sa\u00edda . \u00f8 3\/4\u201d NPT Peso: 250 g Medidas: (A) 120 mm x (L) 40 mm<\/p>\n","protected":false},"featured_media":5837,"comment_status":"open","ping_status":"closed","template":"","meta":{"_exactmetrics_skip_tracking":false,"_exactmetrics_sitenote_active":false,"_exactmetrics_sitenote_note":"","_exactmetrics_sitenote_category":0},"product_brand":[],"product_cat":[129],"product_tag":[],"class_list":{"0":"post-5836","1":"product","2":"type-product","3":"status-publish","4":"has-post-thumbnail","6":"product_cat-tampa-camlock-para-acoplador-e-adaptador","8":"first","9":"instock","10":"shipping-taxable","11":"product-type-simple"},"_links":{"self":[{"href":"https:\/\/totallubri.com.br\/index.php?rest_route=\/wp\/v2\/product\/5836","targetHints":{"allow":["GET"]}}],"collection":[{"href":"https:\/\/totallubri.com.br\/index.php?rest_route=\/wp\/v2\/product"}],"about":[{"href":"https:\/\/totallubri.com.br\/index.php?rest_route=\/wp\/v2\/types\/product"}],"replies":[{"embeddable":true,"href":"https:\/\/totallubri.com.br\/index.php?rest_route=%2Fwp%2Fv2%2Fcomments&post=5836"}],"wp:featuredmedia":[{"embeddable":true,"href":"https:\/\/totallubri.com.br\/index.php?rest_route=\/wp\/v2\/media\/5837"}],"wp:attachment":[{"href":"https:\/\/totallubri.com.br\/index.php?rest_route=%2Fwp%2Fv2%2Fmedia&parent=5836"}],"wp:term":[{"taxonomy":"product_brand","embeddable":true,"href":"https:\/\/totallubri.com.br\/index.php?rest_route=%2Fwp%2Fv2%2Fproduct_brand&post=5836"},{"taxonomy":"product_cat","embeddable":true,"href":"https:\/\/totallubri.com.br\/index.php?rest_route=%2Fwp%2Fv2%2Fproduct_cat&post=5836"},{"taxonomy":"product_tag","embeddable":true,"href":"https:\/\/totallubri.com.br\/index.php?rest_route=%2Fwp%2Fv2%2Fproduct_tag&post=5836"}],"curies":[{"name":"wp","href":"https:\/\/api.w.org\/{rel}","templated":true}]}}