{"id":5840,"date":"2017-01-17T18:31:30","date_gmt":"2017-01-17T20:31:30","guid":{"rendered":"http:\/\/totallubri.com.br\/?post_type=product&#038;p=5840"},"modified":"2024-12-15T13:32:58","modified_gmt":"2024-12-15T16:32:58","slug":"valvula-vantage-2112-lupus","status":"publish","type":"product","link":"https:\/\/totallubri.com.br\/?product=valvula-vantage-2112-lupus","title":{"rendered":"V\u00e1lvula Vantage &#8211; 2112 &#8211; LUPUS"},"content":{"rendered":"<p>Em polietileno, ecologicamente correta, reconect\u00e1vel e antigotejante, filtro de rede contra res\u00edduos.<\/p>\n<p>Entrada e sa\u00edda . \u00f8<strong> 1\u201d BSP<\/strong><\/p>\n<p>Peso: 113 g<br \/>\nMedidas: (A) 110 mm x (L) 45 mm<\/p>\n","protected":false},"excerpt":{"rendered":"<p>Em polietileno, ecologicamente correta, reconect\u00e1vel e antigotejante, filtro de rede contra res\u00edduos. Entrada e sa\u00edda . \u00f8 1\u201d BSP Peso: 113 g Medidas: (A) 110 mm x (L) 45 mm<\/p>\n","protected":false},"featured_media":5841,"comment_status":"open","ping_status":"closed","template":"","meta":{"_exactmetrics_skip_tracking":false,"_exactmetrics_sitenote_active":false,"_exactmetrics_sitenote_note":"","_exactmetrics_sitenote_category":0},"product_brand":[],"product_cat":[114],"product_tag":[],"class_list":{"0":"post-5840","1":"product","2":"type-product","3":"status-publish","4":"has-post-thumbnail","6":"product_cat-solucoes-para-abastecimento","8":"first","9":"instock","10":"shipping-taxable","11":"product-type-simple"},"_links":{"self":[{"href":"https:\/\/totallubri.com.br\/index.php?rest_route=\/wp\/v2\/product\/5840","targetHints":{"allow":["GET"]}}],"collection":[{"href":"https:\/\/totallubri.com.br\/index.php?rest_route=\/wp\/v2\/product"}],"about":[{"href":"https:\/\/totallubri.com.br\/index.php?rest_route=\/wp\/v2\/types\/product"}],"replies":[{"embeddable":true,"href":"https:\/\/totallubri.com.br\/index.php?rest_route=%2Fwp%2Fv2%2Fcomments&post=5840"}],"wp:featuredmedia":[{"embeddable":true,"href":"https:\/\/totallubri.com.br\/index.php?rest_route=\/wp\/v2\/media\/5841"}],"wp:attachment":[{"href":"https:\/\/totallubri.com.br\/index.php?rest_route=%2Fwp%2Fv2%2Fmedia&parent=5840"}],"wp:term":[{"taxonomy":"product_brand","embeddable":true,"href":"https:\/\/totallubri.com.br\/index.php?rest_route=%2Fwp%2Fv2%2Fproduct_brand&post=5840"},{"taxonomy":"product_cat","embeddable":true,"href":"https:\/\/totallubri.com.br\/index.php?rest_route=%2Fwp%2Fv2%2Fproduct_cat&post=5840"},{"taxonomy":"product_tag","embeddable":true,"href":"https:\/\/totallubri.com.br\/index.php?rest_route=%2Fwp%2Fv2%2Fproduct_tag&post=5840"}],"curies":[{"name":"wp","href":"https:\/\/api.w.org\/{rel}","templated":true}]}}