{"id":5842,"date":"2017-01-17T18:32:51","date_gmt":"2017-01-17T20:32:51","guid":{"rendered":"http:\/\/totallubri.com.br\/?post_type=product&#038;p=5842"},"modified":"2024-12-21T18:01:56","modified_gmt":"2024-12-21T21:01:56","slug":"valvula-de-pe-2111-lupus","status":"publish","type":"product","link":"https:\/\/totallubri.com.br\/?product=valvula-de-pe-2111-lupus","title":{"rendered":"V\u00e1lvula de P\u00e9 &#8211; 2111 &#8211; LUPUS"},"content":{"rendered":"<div class=\"cont_produto\">\n<p>Em lat\u00e3o.<\/p>\n<p>Entrada e sa\u00edda . \u00f8 <strong>1 1\/2\u201d NPT<\/strong><\/p>\n<p>Peso: 1,3 kg<br \/>\nMedidas: (A) 140 mm x (L) 67 mm<\/p>\n<\/div>\n","protected":false},"excerpt":{"rendered":"<p>Em lat\u00e3o. Entrada e sa\u00edda . \u00f8 1 1\/2\u201d NPT Peso: 1,3 kg Medidas: (A) 140 mm x (L) 67 mm<\/p>\n","protected":false},"featured_media":5843,"comment_status":"open","ping_status":"closed","template":"","meta":{"_exactmetrics_skip_tracking":false,"_exactmetrics_sitenote_active":false,"_exactmetrics_sitenote_note":"","_exactmetrics_sitenote_category":0},"product_brand":[],"product_cat":[114],"product_tag":[],"class_list":{"0":"post-5842","1":"product","2":"type-product","3":"status-publish","4":"has-post-thumbnail","6":"product_cat-solucoes-para-abastecimento","8":"first","9":"instock","10":"shipping-taxable","11":"product-type-simple"},"_links":{"self":[{"href":"https:\/\/totallubri.com.br\/index.php?rest_route=\/wp\/v2\/product\/5842","targetHints":{"allow":["GET"]}}],"collection":[{"href":"https:\/\/totallubri.com.br\/index.php?rest_route=\/wp\/v2\/product"}],"about":[{"href":"https:\/\/totallubri.com.br\/index.php?rest_route=\/wp\/v2\/types\/product"}],"replies":[{"embeddable":true,"href":"https:\/\/totallubri.com.br\/index.php?rest_route=%2Fwp%2Fv2%2Fcomments&post=5842"}],"wp:featuredmedia":[{"embeddable":true,"href":"https:\/\/totallubri.com.br\/index.php?rest_route=\/wp\/v2\/media\/5843"}],"wp:attachment":[{"href":"https:\/\/totallubri.com.br\/index.php?rest_route=%2Fwp%2Fv2%2Fmedia&parent=5842"}],"wp:term":[{"taxonomy":"product_brand","embeddable":true,"href":"https:\/\/totallubri.com.br\/index.php?rest_route=%2Fwp%2Fv2%2Fproduct_brand&post=5842"},{"taxonomy":"product_cat","embeddable":true,"href":"https:\/\/totallubri.com.br\/index.php?rest_route=%2Fwp%2Fv2%2Fproduct_cat&post=5842"},{"taxonomy":"product_tag","embeddable":true,"href":"https:\/\/totallubri.com.br\/index.php?rest_route=%2Fwp%2Fv2%2Fproduct_tag&post=5842"}],"curies":[{"name":"wp","href":"https:\/\/api.w.org\/{rel}","templated":true}]}}