{"id":5846,"date":"2017-01-17T18:35:33","date_gmt":"2017-01-17T20:35:33","guid":{"rendered":"http:\/\/totallubri.com.br\/?post_type=product&#038;p=5846"},"modified":"2024-11-28T16:10:05","modified_gmt":"2024-11-28T19:10:05","slug":"receptor-para-bico-de-abastecimento-2100-vt-lupus","status":"publish","type":"product","link":"https:\/\/totallubri.com.br\/?product=receptor-para-bico-de-abastecimento-2100-vt-lupus","title":{"rendered":"Receptor para Bico de Abastecimento &#8211; 2100-VT &#8211; LUPUS"},"content":{"rendered":"<p>Em alum\u00ednio, com v\u00e1lvula de seguran\u00e7a.<\/p>\n<p>Para mangueira . \u00f8<strong> 1 1\/2\u201d NPT<\/strong><br \/>\nPara bico de abastecimento:\u00a0<strong>2100ZZ<\/strong><br \/>\nPeso: 450 g<br \/>\nMedidas: (A) 115 mm x (L) 60 mm<\/p>\n","protected":false},"excerpt":{"rendered":"<p>Em alum\u00ednio, com v\u00e1lvula de seguran\u00e7a. Para mangueira . \u00f8 1 1\/2\u201d NPT Para bico de abastecimento:\u00a02100ZZ Peso: 450 g Medidas: (A) 115 mm x (L) 60 mm<\/p>\n","protected":false},"featured_media":5847,"comment_status":"open","ping_status":"closed","template":"","meta":{"_exactmetrics_skip_tracking":false,"_exactmetrics_sitenote_active":false,"_exactmetrics_sitenote_note":"","_exactmetrics_sitenote_category":0},"product_brand":[],"product_cat":[60],"product_tag":[],"class_list":{"0":"post-5846","1":"product","2":"type-product","3":"status-publish","4":"has-post-thumbnail","6":"product_cat-equiptos-ppostos-de-abastecimento","8":"first","9":"instock","10":"shipping-taxable","11":"product-type-simple"},"_links":{"self":[{"href":"https:\/\/totallubri.com.br\/index.php?rest_route=\/wp\/v2\/product\/5846","targetHints":{"allow":["GET"]}}],"collection":[{"href":"https:\/\/totallubri.com.br\/index.php?rest_route=\/wp\/v2\/product"}],"about":[{"href":"https:\/\/totallubri.com.br\/index.php?rest_route=\/wp\/v2\/types\/product"}],"replies":[{"embeddable":true,"href":"https:\/\/totallubri.com.br\/index.php?rest_route=%2Fwp%2Fv2%2Fcomments&post=5846"}],"wp:featuredmedia":[{"embeddable":true,"href":"https:\/\/totallubri.com.br\/index.php?rest_route=\/wp\/v2\/media\/5847"}],"wp:attachment":[{"href":"https:\/\/totallubri.com.br\/index.php?rest_route=%2Fwp%2Fv2%2Fmedia&parent=5846"}],"wp:term":[{"taxonomy":"product_brand","embeddable":true,"href":"https:\/\/totallubri.com.br\/index.php?rest_route=%2Fwp%2Fv2%2Fproduct_brand&post=5846"},{"taxonomy":"product_cat","embeddable":true,"href":"https:\/\/totallubri.com.br\/index.php?rest_route=%2Fwp%2Fv2%2Fproduct_cat&post=5846"},{"taxonomy":"product_tag","embeddable":true,"href":"https:\/\/totallubri.com.br\/index.php?rest_route=%2Fwp%2Fv2%2Fproduct_tag&post=5846"}],"curies":[{"name":"wp","href":"https:\/\/api.w.org\/{rel}","templated":true}]}}