{"id":5848,"date":"2017-01-17T18:37:02","date_gmt":"2017-01-17T20:37:02","guid":{"rendered":"http:\/\/totallubri.com.br\/?post_type=product&#038;p=5848"},"modified":"2024-11-28T16:13:24","modified_gmt":"2024-11-28T19:13:24","slug":"receptor-para-bico-de-abastecimento-com-cabo-2100-vtc-lupus","status":"publish","type":"product","link":"https:\/\/totallubri.com.br\/?product=receptor-para-bico-de-abastecimento-com-cabo-2100-vtc-lupus","title":{"rendered":"Receptor para Bico de Abastecimento com Cabo &#8211; 2100-VTC &#8211; LUPUS"},"content":{"rendered":"<p>Em alum\u00ednio, com v\u00e1lvula de seguran\u00e7a.<\/p>\n<p>Para mangueira . <strong>\u00f8 1 1\/2\u201d NPT<br \/>\n<\/strong>Para bico de abastecimento <strong>2100ZZ<br \/>\n<\/strong><br \/>\n<strong>Peso: 450 g<br \/>\nMedidas: (A) 115 mm x (L) 60 mm<\/strong><\/p>\n","protected":false},"excerpt":{"rendered":"<p>Em alum\u00ednio, com v\u00e1lvula de seguran\u00e7a. Para mangueira . \u00f8 1 1\/2\u201d NPT Para bico de abastecimento 2100ZZ Peso: 450 g Medidas: (A) 115 mm x (L) 60 mm<\/p>\n","protected":false},"featured_media":5849,"comment_status":"open","ping_status":"closed","template":"","meta":{"_exactmetrics_skip_tracking":false,"_exactmetrics_sitenote_active":false,"_exactmetrics_sitenote_note":"","_exactmetrics_sitenote_category":0},"product_brand":[],"product_cat":[60],"product_tag":[],"class_list":{"0":"post-5848","1":"product","2":"type-product","3":"status-publish","4":"has-post-thumbnail","6":"product_cat-equiptos-ppostos-de-abastecimento","8":"first","9":"instock","10":"shipping-taxable","11":"product-type-simple"},"_links":{"self":[{"href":"https:\/\/totallubri.com.br\/index.php?rest_route=\/wp\/v2\/product\/5848","targetHints":{"allow":["GET"]}}],"collection":[{"href":"https:\/\/totallubri.com.br\/index.php?rest_route=\/wp\/v2\/product"}],"about":[{"href":"https:\/\/totallubri.com.br\/index.php?rest_route=\/wp\/v2\/types\/product"}],"replies":[{"embeddable":true,"href":"https:\/\/totallubri.com.br\/index.php?rest_route=%2Fwp%2Fv2%2Fcomments&post=5848"}],"wp:featuredmedia":[{"embeddable":true,"href":"https:\/\/totallubri.com.br\/index.php?rest_route=\/wp\/v2\/media\/5849"}],"wp:attachment":[{"href":"https:\/\/totallubri.com.br\/index.php?rest_route=%2Fwp%2Fv2%2Fmedia&parent=5848"}],"wp:term":[{"taxonomy":"product_brand","embeddable":true,"href":"https:\/\/totallubri.com.br\/index.php?rest_route=%2Fwp%2Fv2%2Fproduct_brand&post=5848"},{"taxonomy":"product_cat","embeddable":true,"href":"https:\/\/totallubri.com.br\/index.php?rest_route=%2Fwp%2Fv2%2Fproduct_cat&post=5848"},{"taxonomy":"product_tag","embeddable":true,"href":"https:\/\/totallubri.com.br\/index.php?rest_route=%2Fwp%2Fv2%2Fproduct_tag&post=5848"}],"curies":[{"name":"wp","href":"https:\/\/api.w.org\/{rel}","templated":true}]}}