{"id":5873,"date":"2017-01-18T08:32:44","date_gmt":"2017-01-18T10:32:44","guid":{"rendered":"http:\/\/totallubri.com.br\/?post_type=product&#038;p=5873"},"modified":"2024-12-03T16:36:23","modified_gmt":"2024-12-03T19:36:23","slug":"lavadora-de-pecas-com-coletor-pressurizado-1241-lupus","status":"publish","type":"product","link":"https:\/\/totallubri.com.br\/?product=lavadora-de-pecas-com-coletor-pressurizado-1241-lupus","title":{"rendered":"LAVADORA DE PE\u00c7AS COM COLETOR PRESSURIZADO \u2013 1241 \u2013 LUPUS"},"content":{"rendered":"<p>Para limpeza e lavagem de pe\u00e7as mec\u00e2nicas e artigos em geral. Trabalho em baixa press\u00e3o. Permite a lavagem com escova e fluxo cont\u00ednuo de \u00e1gua e\/ ou pe\u00e7as imersas no liquido diretamente na bacia. Unidade composta por filtro e grade de decanta\u00e7\u00e3o, gatilho para ar comprimido com mangueira espiral, escova com cerdas de nylon e mangueira.<\/p>\n<p>Entrada de ar: conector<br \/>\nPress\u00e3o m\u00e1xima de trabalho: 7 PSI<br \/>\nCapacidade da bacia: 50 L<br \/>\nCapacidade do reservat\u00f3rio: 65 L<br \/>\nCom tampa removida<br \/>\nMangueira: 1,5 m \/ PVC<\/p>\n<p>Peso:\u00a0 42,710 Kg<br \/>\nMedidas: (A) 1030 mm x (L) 650 mm x (C) 690 mm<\/p>\n<p>OBS: N\u00e3o usar estes equipamentos com produtos inflam\u00e1veis ou l\u00edquidos corrosivos.<\/p>\n","protected":false},"excerpt":{"rendered":"<p>Para limpeza e lavagem de pe\u00e7as mec\u00e2nicas e artigos em geral. Trabalho em baixa press\u00e3o. Permite a lavagem com escova e fluxo cont\u00ednuo de \u00e1gua e\/ ou pe\u00e7as imersas no liquido diretamente na bacia. Unidade composta por filtro e grade de decanta\u00e7\u00e3o, gatilho para ar comprimido com mangueira espiral, escova com cerdas de nylon e [&hellip;]<\/p>\n","protected":false},"featured_media":5874,"comment_status":"open","ping_status":"closed","template":"","meta":{"_exactmetrics_skip_tracking":false,"_exactmetrics_sitenote_active":false,"_exactmetrics_sitenote_note":"","_exactmetrics_sitenote_category":0},"product_brand":[],"product_cat":[58],"product_tag":[],"class_list":{"0":"post-5873","1":"product","2":"type-product","3":"status-publish","4":"has-post-thumbnail","6":"product_cat-linha-industrial","8":"first","9":"instock","10":"featured","11":"shipping-taxable","12":"product-type-simple"},"_links":{"self":[{"href":"https:\/\/totallubri.com.br\/index.php?rest_route=\/wp\/v2\/product\/5873","targetHints":{"allow":["GET"]}}],"collection":[{"href":"https:\/\/totallubri.com.br\/index.php?rest_route=\/wp\/v2\/product"}],"about":[{"href":"https:\/\/totallubri.com.br\/index.php?rest_route=\/wp\/v2\/types\/product"}],"replies":[{"embeddable":true,"href":"https:\/\/totallubri.com.br\/index.php?rest_route=%2Fwp%2Fv2%2Fcomments&post=5873"}],"wp:featuredmedia":[{"embeddable":true,"href":"https:\/\/totallubri.com.br\/index.php?rest_route=\/wp\/v2\/media\/5874"}],"wp:attachment":[{"href":"https:\/\/totallubri.com.br\/index.php?rest_route=%2Fwp%2Fv2%2Fmedia&parent=5873"}],"wp:term":[{"taxonomy":"product_brand","embeddable":true,"href":"https:\/\/totallubri.com.br\/index.php?rest_route=%2Fwp%2Fv2%2Fproduct_brand&post=5873"},{"taxonomy":"product_cat","embeddable":true,"href":"https:\/\/totallubri.com.br\/index.php?rest_route=%2Fwp%2Fv2%2Fproduct_cat&post=5873"},{"taxonomy":"product_tag","embeddable":true,"href":"https:\/\/totallubri.com.br\/index.php?rest_route=%2Fwp%2Fv2%2Fproduct_tag&post=5873"}],"curies":[{"name":"wp","href":"https:\/\/api.w.org\/{rel}","templated":true}]}}