{"id":5875,"date":"2017-01-18T08:34:38","date_gmt":"2017-01-18T10:34:38","guid":{"rendered":"http:\/\/totallubri.com.br\/?post_type=product&#038;p=5875"},"modified":"2024-12-19T13:16:26","modified_gmt":"2024-12-19T16:16:26","slug":"bomba-com-vedacao-em-viton-1230-epoca","status":"publish","type":"product","link":"https:\/\/totallubri.com.br\/?product=bomba-com-vedacao-em-viton-1230-epoca","title":{"rendered":"BOMBA COM VEDA\u00c7\u00c3O EM VITON \u2013 1230 \u2013 LUPUS"},"content":{"rendered":"<p>Aplica\u00e7\u00f5es industriais agr\u00edcolas, automotivas, lubrifica\u00e7\u00e3o e aplica\u00e7\u00e3o de produtos abrasivos. Utilizada para a distribui\u00e7\u00e3o de l\u00edquidos ou produtos viscosos, como sabonetes, detergentes concentrados e pastas de lavagem.<\/p>\n<p>Material da veda\u00e7\u00e3o: viton<br \/>\nAcionamento: manual \/ atrav\u00e9s da v\u00e1lvula na parte superior da bomba<br \/>\nVaz\u00e3o livre: 200 ml\/10 ciclos.<\/p>\n<p>Peso: 100g<br \/>\nMedidas: (A) 501 mm x (L) 127,5 mm x (C) 240 mm<\/p>\n<p>OBS: Pode ser utilizado a seco. Compatibilidade de fluidos atrav\u00e9s de consulta com Dep. T\u00e9cnico Lupus.<\/p>\n","protected":false},"excerpt":{"rendered":"<p>Aplica\u00e7\u00f5es industriais agr\u00edcolas, automotivas, lubrifica\u00e7\u00e3o e aplica\u00e7\u00e3o de produtos abrasivos. Utilizada para a distribui\u00e7\u00e3o de l\u00edquidos ou produtos viscosos, como sabonetes, detergentes concentrados e pastas de lavagem. Material da veda\u00e7\u00e3o: viton Acionamento: manual \/ atrav\u00e9s da v\u00e1lvula na parte superior da bomba Vaz\u00e3o livre: 200 ml\/10 ciclos. Peso: 100g Medidas: (A) 501 mm x (L) [&hellip;]<\/p>\n","protected":false},"featured_media":5876,"comment_status":"open","ping_status":"closed","template":"","meta":{"_exactmetrics_skip_tracking":false,"_exactmetrics_sitenote_active":false,"_exactmetrics_sitenote_note":"","_exactmetrics_sitenote_category":0},"product_brand":[],"product_cat":[99],"product_tag":[],"class_list":{"0":"post-5875","1":"product","2":"type-product","3":"status-publish","4":"has-post-thumbnail","6":"product_cat-bomba-manual-para-liquidos","8":"first","9":"instock","10":"shipping-taxable","11":"product-type-simple"},"_links":{"self":[{"href":"https:\/\/totallubri.com.br\/index.php?rest_route=\/wp\/v2\/product\/5875","targetHints":{"allow":["GET"]}}],"collection":[{"href":"https:\/\/totallubri.com.br\/index.php?rest_route=\/wp\/v2\/product"}],"about":[{"href":"https:\/\/totallubri.com.br\/index.php?rest_route=\/wp\/v2\/types\/product"}],"replies":[{"embeddable":true,"href":"https:\/\/totallubri.com.br\/index.php?rest_route=%2Fwp%2Fv2%2Fcomments&post=5875"}],"wp:featuredmedia":[{"embeddable":true,"href":"https:\/\/totallubri.com.br\/index.php?rest_route=\/wp\/v2\/media\/5876"}],"wp:attachment":[{"href":"https:\/\/totallubri.com.br\/index.php?rest_route=%2Fwp%2Fv2%2Fmedia&parent=5875"}],"wp:term":[{"taxonomy":"product_brand","embeddable":true,"href":"https:\/\/totallubri.com.br\/index.php?rest_route=%2Fwp%2Fv2%2Fproduct_brand&post=5875"},{"taxonomy":"product_cat","embeddable":true,"href":"https:\/\/totallubri.com.br\/index.php?rest_route=%2Fwp%2Fv2%2Fproduct_cat&post=5875"},{"taxonomy":"product_tag","embeddable":true,"href":"https:\/\/totallubri.com.br\/index.php?rest_route=%2Fwp%2Fv2%2Fproduct_tag&post=5875"}],"curies":[{"name":"wp","href":"https:\/\/api.w.org\/{rel}","templated":true}]}}