{"id":5891,"date":"2017-01-18T08:43:19","date_gmt":"2017-01-18T10:43:19","guid":{"rendered":"http:\/\/totallubri.com.br\/?post_type=product&#038;p=5891"},"modified":"2024-11-28T16:56:36","modified_gmt":"2024-11-28T19:56:36","slug":"shamporizador-pressurizacao-manual-com-vedacao-em-viton-1233-epoca","status":"publish","type":"product","link":"https:\/\/totallubri.com.br\/?product=shamporizador-pressurizacao-manual-com-vedacao-em-viton-1233-epoca","title":{"rendered":"SHAMPORIZADOR PRESSURIZA\u00c7\u00c3O MANUAL COM VEDA\u00c7\u00c3O EM VITON \u2013 1233 \u2013 LUPUS"},"content":{"rendered":"<p>Aplica\u00e7\u00f5es industriais agr\u00edcolas, comerciais, automotivas e lavagens com shampoos neutros e \u00e1cidos. Utilizado em setores semiprofissionais e em qualquer tipo de limpeza que necessite produ\u00e7\u00e3o de espuma. Com v\u00e1lvula de despressuriza\u00e7\u00e3o.<\/p>\n<p>Material da veda\u00e7\u00e3o: viton<br \/>\nAcionamento:\u00a0 manual atrav\u00e9s da v\u00e1lvula<br \/>\nVaz\u00e3o livre: 840 ml\/ciclo<br \/>\nCapacidade do reservat\u00f3rio: 2 L<br \/>\nPress\u00e3o de opera\u00e7\u00e3o: 30 PSI<br \/>\nPressuriza\u00e7\u00e3o: alavanca manual na parte superior da tampa<br \/>\nControle de jato:\u00a0 regul\u00e1vel na ponteira.<\/p>\n<p>Peso: 480g<br \/>\nMedidas: (A) 305 mm x (L) 127,5 mm x (C) 240 mm<\/p>\n<p>OBS: Pode ser utilizado a seco. Compatibilidade de fluidos atrav\u00e9s de consulta com Dep. T\u00e9cnico Lupus.<\/p>\n","protected":false},"excerpt":{"rendered":"<p>Aplica\u00e7\u00f5es industriais agr\u00edcolas, comerciais, automotivas e lavagens com shampoos neutros e \u00e1cidos. Utilizado em setores semiprofissionais e em qualquer tipo de limpeza que necessite produ\u00e7\u00e3o de espuma. Com v\u00e1lvula de despressuriza\u00e7\u00e3o. Material da veda\u00e7\u00e3o: viton Acionamento:\u00a0 manual atrav\u00e9s da v\u00e1lvula Vaz\u00e3o livre: 840 ml\/ciclo Capacidade do reservat\u00f3rio: 2 L Press\u00e3o de opera\u00e7\u00e3o: 30 PSI Pressuriza\u00e7\u00e3o: [&hellip;]<\/p>\n","protected":false},"featured_media":5892,"comment_status":"open","ping_status":"closed","template":"","meta":{"_exactmetrics_skip_tracking":false,"_exactmetrics_sitenote_active":false,"_exactmetrics_sitenote_note":"","_exactmetrics_sitenote_category":0},"product_brand":[],"product_cat":[60],"product_tag":[],"class_list":{"0":"post-5891","1":"product","2":"type-product","3":"status-publish","4":"has-post-thumbnail","6":"product_cat-equiptos-ppostos-de-abastecimento","8":"first","9":"instock","10":"shipping-taxable","11":"product-type-simple"},"_links":{"self":[{"href":"https:\/\/totallubri.com.br\/index.php?rest_route=\/wp\/v2\/product\/5891","targetHints":{"allow":["GET"]}}],"collection":[{"href":"https:\/\/totallubri.com.br\/index.php?rest_route=\/wp\/v2\/product"}],"about":[{"href":"https:\/\/totallubri.com.br\/index.php?rest_route=\/wp\/v2\/types\/product"}],"replies":[{"embeddable":true,"href":"https:\/\/totallubri.com.br\/index.php?rest_route=%2Fwp%2Fv2%2Fcomments&post=5891"}],"wp:featuredmedia":[{"embeddable":true,"href":"https:\/\/totallubri.com.br\/index.php?rest_route=\/wp\/v2\/media\/5892"}],"wp:attachment":[{"href":"https:\/\/totallubri.com.br\/index.php?rest_route=%2Fwp%2Fv2%2Fmedia&parent=5891"}],"wp:term":[{"taxonomy":"product_brand","embeddable":true,"href":"https:\/\/totallubri.com.br\/index.php?rest_route=%2Fwp%2Fv2%2Fproduct_brand&post=5891"},{"taxonomy":"product_cat","embeddable":true,"href":"https:\/\/totallubri.com.br\/index.php?rest_route=%2Fwp%2Fv2%2Fproduct_cat&post=5891"},{"taxonomy":"product_tag","embeddable":true,"href":"https:\/\/totallubri.com.br\/index.php?rest_route=%2Fwp%2Fv2%2Fproduct_tag&post=5891"}],"curies":[{"name":"wp","href":"https:\/\/api.w.org\/{rel}","templated":true}]}}