{"id":5893,"date":"2017-01-18T08:44:24","date_gmt":"2017-01-18T10:44:24","guid":{"rendered":"http:\/\/totallubri.com.br\/?post_type=product&#038;p=5893"},"modified":"2024-11-28T16:54:44","modified_gmt":"2024-11-28T19:54:44","slug":"shamporizador-pressurizacao-manual-com-vedacao-em-viton-1234-epoca","status":"publish","type":"product","link":"https:\/\/totallubri.com.br\/?product=shamporizador-pressurizacao-manual-com-vedacao-em-viton-1234-epoca","title":{"rendered":"SHAMPORIZADOR PRESSURIZA\u00c7\u00c3O MANUAL COM VEDA\u00c7\u00c3O EM VITON \u2013 1234 \u2013 LUPUS"},"content":{"rendered":"<p>Aplica\u00e7\u00f5es industriais agr\u00edcolas, comerciais, automotivas e lavagens com shampoos neutros e \u00e1cidos. Utilizado em setores semiprofissionais e em qualquer tipo de limpeza que necessite produ\u00e7\u00e3o de espuma. Com al\u00e7a em nylon para transporte e v\u00e1lvula de despressuriza\u00e7\u00e3o.<\/p>\n<p>Material da veda\u00e7\u00e3o: viton<br \/>\nAcionamento: manual atrav\u00e9s do gatilho<br \/>\nVaz\u00e3o livre: 1 L\/ciclo<br \/>\nCapacidade do reservat\u00f3rio: 10 L<br \/>\nPress\u00e3o de opera\u00e7\u00e3o: 36 PSI<br \/>\nPressuriza\u00e7\u00e3o: manual atrav\u00e9s da alavanca da tampa<br \/>\nControle de jato:\u00a0 regul\u00e1vel na ponteira<br \/>\nMangueira: 1,40m<\/p>\n<p>Peso: 1,8 Kg<br \/>\nMedidas: (A) 501 mm x (L) 127,5 mm x (C) 240 mm<\/p>\n<p>OBS: Pode ser utilizado a seco. Compatibilidade de fluidos atrav\u00e9s de consulta com Dep. T\u00e9cnico Lupus.<\/p>\n","protected":false},"excerpt":{"rendered":"<p>Aplica\u00e7\u00f5es industriais agr\u00edcolas, comerciais, automotivas e lavagens com shampoos neutros e \u00e1cidos. Utilizado em setores semiprofissionais e em qualquer tipo de limpeza que necessite produ\u00e7\u00e3o de espuma. Com al\u00e7a em nylon para transporte e v\u00e1lvula de despressuriza\u00e7\u00e3o. Material da veda\u00e7\u00e3o: viton Acionamento: manual atrav\u00e9s do gatilho Vaz\u00e3o livre: 1 L\/ciclo Capacidade do reservat\u00f3rio: 10 L [&hellip;]<\/p>\n","protected":false},"featured_media":5894,"comment_status":"open","ping_status":"closed","template":"","meta":{"_exactmetrics_skip_tracking":false,"_exactmetrics_sitenote_active":false,"_exactmetrics_sitenote_note":"","_exactmetrics_sitenote_category":0},"product_brand":[],"product_cat":[60],"product_tag":[],"class_list":{"0":"post-5893","1":"product","2":"type-product","3":"status-publish","4":"has-post-thumbnail","6":"product_cat-equiptos-ppostos-de-abastecimento","8":"first","9":"instock","10":"shipping-taxable","11":"product-type-simple"},"_links":{"self":[{"href":"https:\/\/totallubri.com.br\/index.php?rest_route=\/wp\/v2\/product\/5893","targetHints":{"allow":["GET"]}}],"collection":[{"href":"https:\/\/totallubri.com.br\/index.php?rest_route=\/wp\/v2\/product"}],"about":[{"href":"https:\/\/totallubri.com.br\/index.php?rest_route=\/wp\/v2\/types\/product"}],"replies":[{"embeddable":true,"href":"https:\/\/totallubri.com.br\/index.php?rest_route=%2Fwp%2Fv2%2Fcomments&post=5893"}],"wp:featuredmedia":[{"embeddable":true,"href":"https:\/\/totallubri.com.br\/index.php?rest_route=\/wp\/v2\/media\/5894"}],"wp:attachment":[{"href":"https:\/\/totallubri.com.br\/index.php?rest_route=%2Fwp%2Fv2%2Fmedia&parent=5893"}],"wp:term":[{"taxonomy":"product_brand","embeddable":true,"href":"https:\/\/totallubri.com.br\/index.php?rest_route=%2Fwp%2Fv2%2Fproduct_brand&post=5893"},{"taxonomy":"product_cat","embeddable":true,"href":"https:\/\/totallubri.com.br\/index.php?rest_route=%2Fwp%2Fv2%2Fproduct_cat&post=5893"},{"taxonomy":"product_tag","embeddable":true,"href":"https:\/\/totallubri.com.br\/index.php?rest_route=%2Fwp%2Fv2%2Fproduct_tag&post=5893"}],"curies":[{"name":"wp","href":"https:\/\/api.w.org\/{rel}","templated":true}]}}