{"id":5908,"date":"2017-01-18T08:52:39","date_gmt":"2017-01-18T10:52:39","guid":{"rendered":"http:\/\/totallubri.com.br\/?post_type=product&#038;p=5908"},"modified":"2024-11-20T21:10:51","modified_gmt":"2024-11-21T00:10:51","slug":"bomba-de-duplo-diafragma-9197-samoa","status":"publish","type":"product","link":"https:\/\/totallubri.com.br\/?product=bomba-de-duplo-diafragma-9197-samoa","title":{"rendered":"BOMBA DE DUPLO DIAFRAGMA \u2013 9197 \u2013 SAMOA"},"content":{"rendered":"<p>Em acetal, revestida em alum\u00ednio, pneum\u00e1tica, com diafragma e esferas em teflon, para diversos fluidos.<\/p>\n<p>Vaz\u00e3o livre: 50 L\/min<br \/>\nEntrada de ar: \u00f8 3\/8\u201d BSP<br \/>\nPress\u00e3o de entrada de ar: 45 a 100 PSI<br \/>\nConsumo de ar: 10,5 pes\u00b3\/min<br \/>\nEntrada e sa\u00edda: \u00f8 1\/2\u201d BSP<\/p>\n<p>Peso: 3,5 kg<br \/>\nMedidas: (A) 165 mm x (L) 160 mm<\/p>\n","protected":false},"excerpt":{"rendered":"<p>Em acetal, revestida em alum\u00ednio, pneum\u00e1tica, com diafragma e esferas em teflon, para diversos fluidos. Vaz\u00e3o livre: 50 L\/min Entrada de ar: \u00f8 3\/8\u201d BSP Press\u00e3o de entrada de ar: 45 a 100 PSI Consumo de ar: 10,5 pes\u00b3\/min Entrada e sa\u00edda: \u00f8 1\/2\u201d BSP Peso: 3,5 kg Medidas: (A) 165 mm x (L) 160 [&hellip;]<\/p>\n","protected":false},"featured_media":5909,"comment_status":"open","ping_status":"closed","template":"","meta":{"_exactmetrics_skip_tracking":false,"_exactmetrics_sitenote_active":false,"_exactmetrics_sitenote_note":"","_exactmetrics_sitenote_category":0},"product_brand":[],"product_cat":[95],"product_tag":[],"class_list":{"0":"post-5908","1":"product","2":"type-product","3":"status-publish","4":"has-post-thumbnail","6":"product_cat-bomba-diafragma-palhetas-e-engrenagens","8":"first","9":"instock","10":"shipping-taxable","11":"product-type-simple"},"_links":{"self":[{"href":"https:\/\/totallubri.com.br\/index.php?rest_route=\/wp\/v2\/product\/5908","targetHints":{"allow":["GET"]}}],"collection":[{"href":"https:\/\/totallubri.com.br\/index.php?rest_route=\/wp\/v2\/product"}],"about":[{"href":"https:\/\/totallubri.com.br\/index.php?rest_route=\/wp\/v2\/types\/product"}],"replies":[{"embeddable":true,"href":"https:\/\/totallubri.com.br\/index.php?rest_route=%2Fwp%2Fv2%2Fcomments&post=5908"}],"wp:featuredmedia":[{"embeddable":true,"href":"https:\/\/totallubri.com.br\/index.php?rest_route=\/wp\/v2\/media\/5909"}],"wp:attachment":[{"href":"https:\/\/totallubri.com.br\/index.php?rest_route=%2Fwp%2Fv2%2Fmedia&parent=5908"}],"wp:term":[{"taxonomy":"product_brand","embeddable":true,"href":"https:\/\/totallubri.com.br\/index.php?rest_route=%2Fwp%2Fv2%2Fproduct_brand&post=5908"},{"taxonomy":"product_cat","embeddable":true,"href":"https:\/\/totallubri.com.br\/index.php?rest_route=%2Fwp%2Fv2%2Fproduct_cat&post=5908"},{"taxonomy":"product_tag","embeddable":true,"href":"https:\/\/totallubri.com.br\/index.php?rest_route=%2Fwp%2Fv2%2Fproduct_tag&post=5908"}],"curies":[{"name":"wp","href":"https:\/\/api.w.org\/{rel}","templated":true}]}}