{"id":5914,"date":"2017-01-18T08:57:02","date_gmt":"2017-01-18T10:57:02","guid":{"rendered":"http:\/\/totallubri.com.br\/?post_type=product&#038;p=5914"},"modified":"2024-12-08T12:39:04","modified_gmt":"2024-12-08T15:39:04","slug":"unidade-de-abastecimento-ibc-pro-pneumatica-9164-p-samoa","status":"publish","type":"product","link":"https:\/\/totallubri.com.br\/?product=unidade-de-abastecimento-ibc-pro-pneumatica-9164-p-samoa","title":{"rendered":"UNIDADE DE ABASTECIMENTO IBC PRO PNEUM\u00c1TICA &#8211; 9164-P \u2013 SAMOA"},"content":{"rendered":"<p>Reservat\u00f3rio em polietileno e porta palete em a\u00e7o (IBC), com bomba de duplo diafragma em acetal com membranas em hytrel e esferas em acetal, suporte para fixa\u00e7\u00e3o, medidor digital, bico de abastecimento, prote\u00e7\u00e3o para gatilho tubo de suc\u00e7\u00e3o, mangueira e conex\u00f5es.<\/p>\n<p>Vaz\u00e3o livre: 50 l\/min<br \/>\nPress\u00e3o m\u00e1xima de opera\u00e7\u00e3o: 45 a 100 PSI<br \/>\nEntrada de ar: 3\/8\u201d<br \/>\nEntrada e sa\u00edda do fluido: \u00f8 \u00bd\u201d<br \/>\nmangueira: EPDM \u00f8 3\/4\u201d \/ 4m<br \/>\nbico de abastecimento: autom\u00e1tico \/ magn\u00e9tico<br \/>\nmedidor: digital<\/p>\n<p>Peso: 90 kg<br \/>\nMedidas: (A) 1165 mm x (L) 1000 mm x (C) 1210 mm<\/p>\n","protected":false},"excerpt":{"rendered":"<p>Reservat\u00f3rio em polietileno e porta palete em a\u00e7o (IBC), com bomba de duplo diafragma em acetal com membranas em hytrel e esferas em acetal, suporte para fixa\u00e7\u00e3o, medidor digital, bico de abastecimento, prote\u00e7\u00e3o para gatilho tubo de suc\u00e7\u00e3o, mangueira e conex\u00f5es. Vaz\u00e3o livre: 50 l\/min Press\u00e3o m\u00e1xima de opera\u00e7\u00e3o: 45 a 100 PSI Entrada de [&hellip;]<\/p>\n","protected":false},"featured_media":5915,"comment_status":"open","ping_status":"closed","template":"","meta":{"_exactmetrics_skip_tracking":false,"_exactmetrics_sitenote_active":false,"_exactmetrics_sitenote_note":"","_exactmetrics_sitenote_category":0},"product_brand":[],"product_cat":[119],"product_tag":[],"class_list":{"0":"post-5914","1":"product","2":"type-product","3":"status-publish","4":"has-post-thumbnail","6":"product_cat-unidade-de-abastecimento-pneumatica","8":"first","9":"instock","10":"shipping-taxable","11":"product-type-simple"},"_links":{"self":[{"href":"https:\/\/totallubri.com.br\/index.php?rest_route=\/wp\/v2\/product\/5914","targetHints":{"allow":["GET"]}}],"collection":[{"href":"https:\/\/totallubri.com.br\/index.php?rest_route=\/wp\/v2\/product"}],"about":[{"href":"https:\/\/totallubri.com.br\/index.php?rest_route=\/wp\/v2\/types\/product"}],"replies":[{"embeddable":true,"href":"https:\/\/totallubri.com.br\/index.php?rest_route=%2Fwp%2Fv2%2Fcomments&post=5914"}],"wp:featuredmedia":[{"embeddable":true,"href":"https:\/\/totallubri.com.br\/index.php?rest_route=\/wp\/v2\/media\/5915"}],"wp:attachment":[{"href":"https:\/\/totallubri.com.br\/index.php?rest_route=%2Fwp%2Fv2%2Fmedia&parent=5914"}],"wp:term":[{"taxonomy":"product_brand","embeddable":true,"href":"https:\/\/totallubri.com.br\/index.php?rest_route=%2Fwp%2Fv2%2Fproduct_brand&post=5914"},{"taxonomy":"product_cat","embeddable":true,"href":"https:\/\/totallubri.com.br\/index.php?rest_route=%2Fwp%2Fv2%2Fproduct_cat&post=5914"},{"taxonomy":"product_tag","embeddable":true,"href":"https:\/\/totallubri.com.br\/index.php?rest_route=%2Fwp%2Fv2%2Fproduct_tag&post=5914"}],"curies":[{"name":"wp","href":"https:\/\/api.w.org\/{rel}","templated":true}]}}