{"id":5919,"date":"2017-01-18T08:59:18","date_gmt":"2017-01-18T10:59:18","guid":{"rendered":"http:\/\/totallubri.com.br\/?post_type=product&#038;p=5919"},"modified":"2025-03-16T19:17:32","modified_gmt":"2025-03-16T22:17:32","slug":"sistema-para-abaastecimento-a-granel-ebs4000-02-ebs","status":"publish","type":"product","link":"https:\/\/totallubri.com.br\/?product=sistema-para-abaastecimento-a-granel-ebs4000-02-ebs","title":{"rendered":"SISTEMA PARA ABASTECIMENTO \u00c0 GRANEL \u2013 EBS4000-02 \u2013 EBS-LUPUS"},"content":{"rendered":"<p>Reservat\u00f3rio em polietileno, com parede dupla para prote\u00e7\u00e3o t\u00e9rmica e fun\u00e7\u00e3o de dique de conten\u00e7\u00e3o. Sistema plug and play, prote\u00e7\u00e3o contra transbordo e vazamento, com conex\u00e3o de entrada \u00d8 2&#8243;, com sistema overfill, tubula\u00e7\u00e3o em a\u00e7o-inox, 02 medidores digitais, 02 bicos de abastecimento, mangueiras, bomba submersa el\u00e9trica com controlador on\/off, suporte\u00a0 para descanso do bico de abastecimento, filtro para absor\u00e7\u00e3o de part\u00edculas e medidor de n\u00edvel de tanque. Medidor de n\u00edvel anal\u00f3gico.<\/p>\n<p>Capacidade: 4.000 L<br \/>\nAcompanha:<br \/>\n01 Medidor de n\u00edvel do tanque: anal\u00f3gico<br \/>\n01 Bomba Submersa: 11000w<br \/>\nVaz\u00e3o livre: 150 L\/min<br \/>\nAlimenta\u00e7\u00e3o: 220 V \/ trif\u00e1sico<br \/>\n01 Controlador de vaz\u00e3o e press\u00e3o: 1,5 HP<br \/>\n01 Filtro para absor\u00e7\u00e3o de part\u00edculas: 1micra<br \/>\n02 Dispensers: com display digital<br \/>\n02 Mangueiras para abastecimento: EPDM\/ 5 m \/ \u00d8 3\/4&#8243;<br \/>\n02 Bicos de abastecimento: autom\u00e1tico \/ ponteira 13\/16&#8243; \/ capa de prote\u00e7\u00e3o<br \/>\nPeso: 390 kg<br \/>\nMedidas: (A) 2340 mm x (L) 1200 mm x (C) 3900 mm<\/p>\n","protected":false},"excerpt":{"rendered":"<p>Reservat\u00f3rio em polietileno, com parede dupla para prote\u00e7\u00e3o t\u00e9rmica e fun\u00e7\u00e3o de dique de conten\u00e7\u00e3o. Sistema plug and play, prote\u00e7\u00e3o contra transbordo e vazamento, com conex\u00e3o de entrada \u00d8 2&#8243;, com sistema overfill, tubula\u00e7\u00e3o em a\u00e7o-inox, 02 medidores digitais, 02 bicos de abastecimento, mangueiras, bomba submersa el\u00e9trica com controlador on\/off, suporte\u00a0 para descanso do bico [&hellip;]<\/p>\n","protected":false},"featured_media":5921,"comment_status":"open","ping_status":"closed","template":"","meta":{"_exactmetrics_skip_tracking":false,"_exactmetrics_sitenote_active":false,"_exactmetrics_sitenote_note":"","_exactmetrics_sitenote_category":0},"product_brand":[],"product_cat":[113],"product_tag":[],"class_list":{"0":"post-5919","1":"product","2":"type-product","3":"status-publish","4":"has-post-thumbnail","6":"product_cat-reservatorio-ibc-e-sistema-de-armazenamento","8":"first","9":"instock","10":"shipping-taxable","11":"product-type-simple"},"_links":{"self":[{"href":"https:\/\/totallubri.com.br\/index.php?rest_route=\/wp\/v2\/product\/5919","targetHints":{"allow":["GET"]}}],"collection":[{"href":"https:\/\/totallubri.com.br\/index.php?rest_route=\/wp\/v2\/product"}],"about":[{"href":"https:\/\/totallubri.com.br\/index.php?rest_route=\/wp\/v2\/types\/product"}],"replies":[{"embeddable":true,"href":"https:\/\/totallubri.com.br\/index.php?rest_route=%2Fwp%2Fv2%2Fcomments&post=5919"}],"wp:featuredmedia":[{"embeddable":true,"href":"https:\/\/totallubri.com.br\/index.php?rest_route=\/wp\/v2\/media\/5921"}],"wp:attachment":[{"href":"https:\/\/totallubri.com.br\/index.php?rest_route=%2Fwp%2Fv2%2Fmedia&parent=5919"}],"wp:term":[{"taxonomy":"product_brand","embeddable":true,"href":"https:\/\/totallubri.com.br\/index.php?rest_route=%2Fwp%2Fv2%2Fproduct_brand&post=5919"},{"taxonomy":"product_cat","embeddable":true,"href":"https:\/\/totallubri.com.br\/index.php?rest_route=%2Fwp%2Fv2%2Fproduct_cat&post=5919"},{"taxonomy":"product_tag","embeddable":true,"href":"https:\/\/totallubri.com.br\/index.php?rest_route=%2Fwp%2Fv2%2Fproduct_tag&post=5919"}],"curies":[{"name":"wp","href":"https:\/\/api.w.org\/{rel}","templated":true}]}}