{"id":5924,"date":"2017-01-18T09:05:27","date_gmt":"2017-01-18T11:05:27","guid":{"rendered":"http:\/\/totallubri.com.br\/?post_type=product&#038;p=5924"},"modified":"2025-02-26T16:02:49","modified_gmt":"2025-02-26T19:02:49","slug":"bico-automatico-medidor-digital-2100s-ar-samoa","status":"publish","type":"product","link":"https:\/\/totallubri.com.br\/?product=bico-automatico-medidor-digital-2100s-ar-samoa","title":{"rendered":"BICO AUTOM\u00c1TICO MEDIDOR DIGITAL \u2013 2100S-AR \u2013 SAMOA"},"content":{"rendered":"<p>Medidor em PVC e a\u00e7o inox, com veda\u00e7\u00f5es em acetal e viton, com controle de vaz\u00e3o reset\u00e1vel, conectado com bico autom\u00e1tico em a\u00e7o inox e veda\u00e7\u00f5es em viton, com capa de prote\u00e7\u00e3o, conex\u00f5es roscadas em a\u00e7o inox.<\/p>\n<p>Vaz\u00e3o Livre: 40 L\/min<br \/>\nPress\u00e3o m\u00e1xima: 435 PSI<br \/>\nGatilho: ponteira \u00f8 13\/16&#8243;<br \/>\nSistema de medi\u00e7\u00e3o: engrenagens ovais<br \/>\nConex\u00e3o de entrada: \u00f8 3\/4&#8243; NPT<\/p>\n<p>Ponteira de: 1\/2&#8243;<\/p>\n<p>Peso: 2,8 Kg<br \/>\nMedidas: (A) 510 mm x (L) 220 mm<\/p>\n<p><strong>+ DETALHES SOBRE O PRODUTO:<\/strong><\/p>\n<p>Adapt\u00e1vel \u00e0s mangueiras 3\/4&#8243;:<br \/>\n2100-AR5<br \/>\n2100-AR10<br \/>\n2100-AR15<br \/>\n2100-AR20<br \/>\n2100-AR25<br \/>\n2100-AR30<\/p>\n","protected":false},"excerpt":{"rendered":"<p>Medidor em PVC e a\u00e7o inox, com veda\u00e7\u00f5es em acetal e viton, com controle de vaz\u00e3o reset\u00e1vel, conectado com bico autom\u00e1tico em a\u00e7o inox e veda\u00e7\u00f5es em viton, com capa de prote\u00e7\u00e3o, conex\u00f5es roscadas em a\u00e7o inox. Vaz\u00e3o Livre: 40 L\/min Press\u00e3o m\u00e1xima: 435 PSI Gatilho: ponteira \u00f8 13\/16&#8243; Sistema de medi\u00e7\u00e3o: engrenagens ovais Conex\u00e3o [&hellip;]<\/p>\n","protected":false},"featured_media":5927,"comment_status":"open","ping_status":"closed","template":"","meta":{"_exactmetrics_skip_tracking":false,"_exactmetrics_sitenote_active":false,"_exactmetrics_sitenote_note":"","_exactmetrics_sitenote_category":0},"product_brand":[],"product_cat":[106],"product_tag":[],"class_list":{"0":"post-5924","1":"product","2":"type-product","3":"status-publish","4":"has-post-thumbnail","6":"product_cat-bico-de-abastecimento-para-combustiveis","8":"first","9":"instock","10":"shipping-taxable","11":"product-type-simple"},"_links":{"self":[{"href":"https:\/\/totallubri.com.br\/index.php?rest_route=\/wp\/v2\/product\/5924","targetHints":{"allow":["GET"]}}],"collection":[{"href":"https:\/\/totallubri.com.br\/index.php?rest_route=\/wp\/v2\/product"}],"about":[{"href":"https:\/\/totallubri.com.br\/index.php?rest_route=\/wp\/v2\/types\/product"}],"replies":[{"embeddable":true,"href":"https:\/\/totallubri.com.br\/index.php?rest_route=%2Fwp%2Fv2%2Fcomments&post=5924"}],"wp:featuredmedia":[{"embeddable":true,"href":"https:\/\/totallubri.com.br\/index.php?rest_route=\/wp\/v2\/media\/5927"}],"wp:attachment":[{"href":"https:\/\/totallubri.com.br\/index.php?rest_route=%2Fwp%2Fv2%2Fmedia&parent=5924"}],"wp:term":[{"taxonomy":"product_brand","embeddable":true,"href":"https:\/\/totallubri.com.br\/index.php?rest_route=%2Fwp%2Fv2%2Fproduct_brand&post=5924"},{"taxonomy":"product_cat","embeddable":true,"href":"https:\/\/totallubri.com.br\/index.php?rest_route=%2Fwp%2Fv2%2Fproduct_cat&post=5924"},{"taxonomy":"product_tag","embeddable":true,"href":"https:\/\/totallubri.com.br\/index.php?rest_route=%2Fwp%2Fv2%2Fproduct_tag&post=5924"}],"curies":[{"name":"wp","href":"https:\/\/api.w.org\/{rel}","templated":true}]}}