{"id":5930,"date":"2017-01-18T09:08:06","date_gmt":"2017-01-18T11:08:06","guid":{"rendered":"http:\/\/totallubri.com.br\/?post_type=product&#038;p=5930"},"modified":"2024-11-30T18:10:39","modified_gmt":"2024-11-30T21:10:39","slug":"medidor-digital-2120-ur-piusi","status":"publish","type":"product","link":"https:\/\/totallubri.com.br\/?product=medidor-digital-2120-ur-piusi","title":{"rendered":"MEDIDOR DIGITAL &#8211; 2120-UR \u2013 PIUSI"},"content":{"rendered":"<p>Em acetal.<br \/>\nVaz\u00e3o livre: <strong>05 a 120 L\/min<br \/>\n<\/strong>Press\u00e3o m\u00e1xima de opera\u00e7\u00e3o: <strong>145 PSI<br \/>\n<\/strong>Entrada e sa\u00edda: \u00f8<strong> 1\u201d<br \/>\n<\/strong>Precis\u00e3o: <strong>1%<br \/>\n<\/strong>Sistema de medi\u00e7\u00e3o: <strong>turbinas<br \/>\n<\/strong>Acompanha: luva de a\u00e7o-inox com veda\u00e7\u00e3o \/ \u00d8 1&#8243;<br \/>\nPeso: 400 g<br \/>\nMedidas: (A) 100 mm x (L) 75 mm<\/p>\n","protected":false},"excerpt":{"rendered":"<p>Medidor de vaz\u00e3o para o fluido ARLA 32.<\/p>\n","protected":false},"featured_media":5931,"comment_status":"open","ping_status":"closed","template":"","meta":{"_exactmetrics_skip_tracking":false,"_exactmetrics_sitenote_active":false,"_exactmetrics_sitenote_note":"","_exactmetrics_sitenote_category":0},"product_brand":[],"product_cat":[108],"product_tag":[],"class_list":{"0":"post-5930","1":"product","2":"type-product","3":"status-publish","4":"has-post-thumbnail","6":"product_cat-medidor-digital","8":"first","9":"instock","10":"shipping-taxable","11":"product-type-simple"},"_links":{"self":[{"href":"https:\/\/totallubri.com.br\/index.php?rest_route=\/wp\/v2\/product\/5930","targetHints":{"allow":["GET"]}}],"collection":[{"href":"https:\/\/totallubri.com.br\/index.php?rest_route=\/wp\/v2\/product"}],"about":[{"href":"https:\/\/totallubri.com.br\/index.php?rest_route=\/wp\/v2\/types\/product"}],"replies":[{"embeddable":true,"href":"https:\/\/totallubri.com.br\/index.php?rest_route=%2Fwp%2Fv2%2Fcomments&post=5930"}],"wp:featuredmedia":[{"embeddable":true,"href":"https:\/\/totallubri.com.br\/index.php?rest_route=\/wp\/v2\/media\/5931"}],"wp:attachment":[{"href":"https:\/\/totallubri.com.br\/index.php?rest_route=%2Fwp%2Fv2%2Fmedia&parent=5930"}],"wp:term":[{"taxonomy":"product_brand","embeddable":true,"href":"https:\/\/totallubri.com.br\/index.php?rest_route=%2Fwp%2Fv2%2Fproduct_brand&post=5930"},{"taxonomy":"product_cat","embeddable":true,"href":"https:\/\/totallubri.com.br\/index.php?rest_route=%2Fwp%2Fv2%2Fproduct_cat&post=5930"},{"taxonomy":"product_tag","embeddable":true,"href":"https:\/\/totallubri.com.br\/index.php?rest_route=%2Fwp%2Fv2%2Fproduct_tag&post=5930"}],"curies":[{"name":"wp","href":"https:\/\/api.w.org\/{rel}","templated":true}]}}