{"id":5932,"date":"2017-01-18T09:09:07","date_gmt":"2017-01-18T11:09:07","guid":{"rendered":"http:\/\/totallubri.com.br\/?post_type=product&#038;p=5932"},"modified":"2024-11-30T18:12:16","modified_gmt":"2024-11-30T21:12:16","slug":"medidor-digital-2126-samoa","status":"publish","type":"product","link":"https:\/\/totallubri.com.br\/?product=medidor-digital-2126-samoa","title":{"rendered":"MEDIDOR DIGITAL &#8211; 2126 \u2013 SAMOA"},"content":{"rendered":"<p>Em PVC.<br \/>\nVaz\u00e3o m\u00e1xima: 50 L\/min<br \/>\nPress\u00e3o de trabalho: 435 PSI<br \/>\nPrecis\u00e3o: 0,5%<br \/>\nEntrada e sa\u00edda: 1\/2&#8243; BSP<br \/>\nSistema de media\u00e7\u00e3o: engrenagens ovais<br \/>\nAlimenta\u00e7\u00e3o: duas pilhas alcalinas1.4 V (AAA)<\/p>\n<p>Peso: 50 g<br \/>\nMedidas: (A) 90mm x (L) 90mm<\/p>\n","protected":false},"excerpt":{"rendered":"<p>Em PVC. Vaz\u00e3o m\u00e1xima: 50 L\/min Press\u00e3o de trabalho: 435 PSI Precis\u00e3o: 0,5% Entrada e sa\u00edda: 1\/2&#8243; BSP Sistema de media\u00e7\u00e3o: engrenagens ovais Alimenta\u00e7\u00e3o: duas pilhas alcalinas1.4 V (AAA) Peso: 50 g Medidas: (A) 90mm x (L) 90mm<\/p>\n","protected":false},"featured_media":5933,"comment_status":"open","ping_status":"closed","template":"","meta":{"_exactmetrics_skip_tracking":false,"_exactmetrics_sitenote_active":false,"_exactmetrics_sitenote_note":"","_exactmetrics_sitenote_category":0},"product_brand":[],"product_cat":[108],"product_tag":[],"class_list":{"0":"post-5932","1":"product","2":"type-product","3":"status-publish","4":"has-post-thumbnail","6":"product_cat-medidor-digital","8":"first","9":"instock","10":"shipping-taxable","11":"product-type-simple"},"_links":{"self":[{"href":"https:\/\/totallubri.com.br\/index.php?rest_route=\/wp\/v2\/product\/5932","targetHints":{"allow":["GET"]}}],"collection":[{"href":"https:\/\/totallubri.com.br\/index.php?rest_route=\/wp\/v2\/product"}],"about":[{"href":"https:\/\/totallubri.com.br\/index.php?rest_route=\/wp\/v2\/types\/product"}],"replies":[{"embeddable":true,"href":"https:\/\/totallubri.com.br\/index.php?rest_route=%2Fwp%2Fv2%2Fcomments&post=5932"}],"wp:featuredmedia":[{"embeddable":true,"href":"https:\/\/totallubri.com.br\/index.php?rest_route=\/wp\/v2\/media\/5933"}],"wp:attachment":[{"href":"https:\/\/totallubri.com.br\/index.php?rest_route=%2Fwp%2Fv2%2Fmedia&parent=5932"}],"wp:term":[{"taxonomy":"product_brand","embeddable":true,"href":"https:\/\/totallubri.com.br\/index.php?rest_route=%2Fwp%2Fv2%2Fproduct_brand&post=5932"},{"taxonomy":"product_cat","embeddable":true,"href":"https:\/\/totallubri.com.br\/index.php?rest_route=%2Fwp%2Fv2%2Fproduct_cat&post=5932"},{"taxonomy":"product_tag","embeddable":true,"href":"https:\/\/totallubri.com.br\/index.php?rest_route=%2Fwp%2Fv2%2Fproduct_tag&post=5932"}],"curies":[{"name":"wp","href":"https:\/\/api.w.org\/{rel}","templated":true}]}}