{"id":5944,"date":"2017-01-18T09:37:53","date_gmt":"2017-01-18T11:37:53","guid":{"rendered":"http:\/\/totallubri.com.br\/?post_type=product&#038;p=5944"},"modified":"2024-12-21T18:31:34","modified_gmt":"2024-12-21T21:31:34","slug":"carretel-manual-com-mangueira-3010-mh25-lupus","status":"publish","type":"product","link":"https:\/\/totallubri.com.br\/?product=carretel-manual-com-mangueira-3010-mh25-lupus","title":{"rendered":"CARRETEL MANUAL COM MANGUEIRA &#8211; 3010-MH25 &#8211; LUPUS"},"content":{"rendered":"<p>Em a\u00e7o, com base simples e retra\u00e7\u00e3o manual. Montado com mangueira.<\/p>\n<p>Mangueira: 1\/2&#8221; \/ comp. 12m \/ SAE 100R1<br \/>\nPress\u00e3o m\u00e1xima de trabalho: 8700 PSI<\/p>\n<p>Peso: 33 Kg<br \/>\nMedidas: (A) 500 mm x (L) 450 mm<\/p>\n","protected":false},"excerpt":{"rendered":"<p>Em a\u00e7o, com base simples e retra\u00e7\u00e3o manual. Montado com mangueira. Mangueira: 1\/2&#8221; \/ comp. 12m \/ SAE 100R1 Press\u00e3o m\u00e1xima de trabalho: 8700 PSI Peso: 33 Kg Medidas: (A) 500 mm x (L) 450 mm<\/p>\n","protected":false},"featured_media":5945,"comment_status":"open","ping_status":"closed","template":"","meta":{"_exactmetrics_skip_tracking":false,"_exactmetrics_sitenote_active":false,"_exactmetrics_sitenote_note":"","_exactmetrics_sitenote_category":0},"product_brand":[],"product_cat":[101],"product_tag":[],"class_list":{"0":"post-5944","1":"product","2":"type-product","3":"status-publish","4":"has-post-thumbnail","6":"product_cat-carreteis-samoa-e-coxreels","8":"first","9":"instock","10":"shipping-taxable","11":"product-type-simple"},"_links":{"self":[{"href":"https:\/\/totallubri.com.br\/index.php?rest_route=\/wp\/v2\/product\/5944","targetHints":{"allow":["GET"]}}],"collection":[{"href":"https:\/\/totallubri.com.br\/index.php?rest_route=\/wp\/v2\/product"}],"about":[{"href":"https:\/\/totallubri.com.br\/index.php?rest_route=\/wp\/v2\/types\/product"}],"replies":[{"embeddable":true,"href":"https:\/\/totallubri.com.br\/index.php?rest_route=%2Fwp%2Fv2%2Fcomments&post=5944"}],"wp:featuredmedia":[{"embeddable":true,"href":"https:\/\/totallubri.com.br\/index.php?rest_route=\/wp\/v2\/media\/5945"}],"wp:attachment":[{"href":"https:\/\/totallubri.com.br\/index.php?rest_route=%2Fwp%2Fv2%2Fmedia&parent=5944"}],"wp:term":[{"taxonomy":"product_brand","embeddable":true,"href":"https:\/\/totallubri.com.br\/index.php?rest_route=%2Fwp%2Fv2%2Fproduct_brand&post=5944"},{"taxonomy":"product_cat","embeddable":true,"href":"https:\/\/totallubri.com.br\/index.php?rest_route=%2Fwp%2Fv2%2Fproduct_cat&post=5944"},{"taxonomy":"product_tag","embeddable":true,"href":"https:\/\/totallubri.com.br\/index.php?rest_route=%2Fwp%2Fv2%2Fproduct_tag&post=5944"}],"curies":[{"name":"wp","href":"https:\/\/api.w.org\/{rel}","templated":true}]}}