{"id":5954,"date":"2017-01-18T10:01:26","date_gmt":"2017-01-18T12:01:26","guid":{"rendered":"http:\/\/totallubri.com.br\/?post_type=product&#038;p=5954"},"modified":"2025-02-18T10:08:04","modified_gmt":"2025-02-18T13:08:04","slug":"unidade-de-filtragem-pneumatica-off-line-9180-pf-lupus","status":"publish","type":"product","link":"https:\/\/totallubri.com.br\/?product=unidade-de-filtragem-pneumatica-off-line-9180-pf-lupus","title":{"rendered":"UNIDADE DE FILTRAGEM PNEUM\u00c1TICA OFF-LINE \u2013 9180-PF \u2013 LUPUS"},"content":{"rendered":"<p>Unidade pneum\u00e1tica com 1 elemento filtrante absoluto. Pode ser utilizada para transfer\u00eancia de fluidos e filtragem de fluidos em reservat\u00f3rios sem a necessidade de paralisa\u00e7\u00e3o do equipamento contaminado. Pode ser pneum\u00e1tica com bomba em alum\u00ednio, esta linha pode ser utilizada em \u00e1reas classificadas.<\/p>\n<p>Press\u00e3o requerida para trabalho: 6 a 10 bar<br \/>\nVaz\u00e3o livre: 45 L\/min<br \/>\nFiltro de suc\u00e7\u00e3o: Alum\u00ednio lav\u00e1vel de 100<br \/>\nElemento filtrante: microglass 1000 x 5 c\/ indicador de satura\u00e7\u00e3o.<br \/>\nMangueiras de suc\u00e7\u00e3o e retorno: 3 m<br \/>\nViscosidade m\u00e1xima: ISO 220 (conforme execu\u00e7\u00e3o)<br \/>\nTemperatura do fluido: -10\u00b0C &#8230;. 80\u00b0C<br \/>\nTemperatura ambiente: -20\u00b0C &#8230;.50\u00b0C<br \/>\nAcionamento<br \/>\nPeso (vazio): 31 Kg<br \/>\nMedidas (A) 1180 mm x (L) 550 mm x (C) 570 mm<\/p>\n<p>Tipo de filtragem: particulado<\/p>\n<p>&nbsp;<\/p>\n","protected":false},"excerpt":{"rendered":"<p>Unidade pneum\u00e1tica com 1 elemento filtrante absoluto. Pode ser utilizada para transfer\u00eancia de fluidos e filtragem de fluidos em reservat\u00f3rios sem a necessidade de paralisa\u00e7\u00e3o do equipamento contaminado. Pode ser pneum\u00e1tica com bomba em alum\u00ednio, esta linha pode ser utilizada em \u00e1reas classificadas. Press\u00e3o requerida para trabalho: 6 a 10 bar Vaz\u00e3o livre: 45 L\/min [&hellip;]<\/p>\n","protected":false},"featured_media":5955,"comment_status":"open","ping_status":"closed","template":"","meta":{"_exactmetrics_skip_tracking":false,"_exactmetrics_sitenote_active":false,"_exactmetrics_sitenote_note":"","_exactmetrics_sitenote_category":0},"product_brand":[],"product_cat":[93],"product_tag":[],"class_list":{"0":"post-5954","1":"product","2":"type-product","3":"status-publish","4":"has-post-thumbnail","6":"product_cat-filtros-e-elementos-filtrantes","8":"first","9":"instock","10":"shipping-taxable","11":"product-type-simple"},"_links":{"self":[{"href":"https:\/\/totallubri.com.br\/index.php?rest_route=\/wp\/v2\/product\/5954","targetHints":{"allow":["GET"]}}],"collection":[{"href":"https:\/\/totallubri.com.br\/index.php?rest_route=\/wp\/v2\/product"}],"about":[{"href":"https:\/\/totallubri.com.br\/index.php?rest_route=\/wp\/v2\/types\/product"}],"replies":[{"embeddable":true,"href":"https:\/\/totallubri.com.br\/index.php?rest_route=%2Fwp%2Fv2%2Fcomments&post=5954"}],"wp:featuredmedia":[{"embeddable":true,"href":"https:\/\/totallubri.com.br\/index.php?rest_route=\/wp\/v2\/media\/5955"}],"wp:attachment":[{"href":"https:\/\/totallubri.com.br\/index.php?rest_route=%2Fwp%2Fv2%2Fmedia&parent=5954"}],"wp:term":[{"taxonomy":"product_brand","embeddable":true,"href":"https:\/\/totallubri.com.br\/index.php?rest_route=%2Fwp%2Fv2%2Fproduct_brand&post=5954"},{"taxonomy":"product_cat","embeddable":true,"href":"https:\/\/totallubri.com.br\/index.php?rest_route=%2Fwp%2Fv2%2Fproduct_cat&post=5954"},{"taxonomy":"product_tag","embeddable":true,"href":"https:\/\/totallubri.com.br\/index.php?rest_route=%2Fwp%2Fv2%2Fproduct_tag&post=5954"}],"curies":[{"name":"wp","href":"https:\/\/api.w.org\/{rel}","templated":true}]}}