{"id":5961,"date":"2017-01-18T10:06:05","date_gmt":"2017-01-18T12:06:05","guid":{"rendered":"http:\/\/totallubri.com.br\/?post_type=product&#038;p=5961"},"modified":"2024-12-09T16:58:50","modified_gmt":"2024-12-09T19:58:50","slug":"unidade-pressurizada-de-succao-de-oleo-pantografica-9806-lupus","status":"publish","type":"product","link":"https:\/\/totallubri.com.br\/?product=unidade-pressurizada-de-succao-de-oleo-pantografica-9806-lupus","title":{"rendered":"Unidade pressurizada de suc\u00e7\u00e3o de \u00f3leo pantogr\u00e1fica &#8211; 9806 &#8211; Lupus"},"content":{"rendered":"<p>Com reservat\u00f3rio em chapa de a\u00e7o com acabamento em pintura ep\u00f3xi, indicador de n\u00edvel e rodas acopladas.<br \/>\nAcompanha sondas, mangueira e bacia pantogr\u00e1fica com quebra-ondas e tela para reten\u00e7\u00e3o de part\u00edculas ( podem tamb\u00e9m ser<br \/>\nesgotadas atrav\u00e9s de bombas pneum\u00e1ticas).<br \/>\nO equipamento aspira \u00f3leo usado por suc\u00e7\u00e3o, evitando o derramamento de \u00f3leo no ch\u00e3o, como pode ocorrer com sistemas de esgotamento convencionais (porgravidade).<br \/>\nO reservat\u00f3rio pode ser pressurizado com ar comprimido de 80 PSI, de modo que o equipamento mantenha seu funcionamento autom\u00e1tico sem qualquer liga\u00e7\u00e3o cont\u00ednua de ar comprimido.<br \/>\nReservat\u00f3rios . 65 L<br \/>\nBacia pantogr\u00e1fica\u00a0 14L \/ 03 n\u00edveis de altura<br \/>\nSondas . 10 unidades<br \/>\nMangueiras de suc\u00e7\u00e3o . 2 m<br \/>\nUtiliza\u00e7\u00e3o . Motos<br \/>\nPress\u00e3o do ar para despressuriza\u00e7\u00e3o 100 PSI<br \/>\nTempo de despressuriza\u00e7\u00e3o 3&#8242; a 3,5&#8242; L\/min<br \/>\nCapacidade m\u00e1xima de suc\u00e7\u00e3o com a despressuriza\u00e7\u00e3o 85 a 90\u00a0L<br \/>\nTempo de suc\u00e7\u00e3o (\u00f8 6 \/ \u00f3leo entre 60\u00ba a 80\u00ba)<br \/>\n1,5 a 2 L\/min<\/p>\n<p>Peso: 38\u00a0kg<br \/>\nMedidas (Bacia): \u00a0\u00a0(L) 390 mm<br \/>\nMedidas (Total):\u00a0 (A) 1080 mm x (L) 530 mm<\/p>\n","protected":false},"excerpt":{"rendered":"<p>Com reservat\u00f3rio em chapa de a\u00e7o com acabamento em pintura ep\u00f3xi, indicador de n\u00edvel e rodas acopladas. Acompanha sondas, mangueira e bacia pantogr\u00e1fica com quebra-ondas e tela para reten\u00e7\u00e3o de part\u00edculas ( podem tamb\u00e9m ser esgotadas atrav\u00e9s de bombas pneum\u00e1ticas). O equipamento aspira \u00f3leo usado por suc\u00e7\u00e3o, evitando o derramamento de \u00f3leo no ch\u00e3o, como [&hellip;]<\/p>\n","protected":false},"featured_media":5962,"comment_status":"open","ping_status":"closed","template":"","meta":{"_exactmetrics_skip_tracking":false,"_exactmetrics_sitenote_active":false,"_exactmetrics_sitenote_note":"","_exactmetrics_sitenote_category":0},"product_brand":[],"product_cat":[107],"product_tag":[],"class_list":{"0":"post-5961","1":"product","2":"type-product","3":"status-publish","4":"has-post-thumbnail","6":"product_cat-equipamentos-para-troca-de-oleo","8":"first","9":"instock","10":"shipping-taxable","11":"product-type-simple"},"_links":{"self":[{"href":"https:\/\/totallubri.com.br\/index.php?rest_route=\/wp\/v2\/product\/5961","targetHints":{"allow":["GET"]}}],"collection":[{"href":"https:\/\/totallubri.com.br\/index.php?rest_route=\/wp\/v2\/product"}],"about":[{"href":"https:\/\/totallubri.com.br\/index.php?rest_route=\/wp\/v2\/types\/product"}],"replies":[{"embeddable":true,"href":"https:\/\/totallubri.com.br\/index.php?rest_route=%2Fwp%2Fv2%2Fcomments&post=5961"}],"wp:featuredmedia":[{"embeddable":true,"href":"https:\/\/totallubri.com.br\/index.php?rest_route=\/wp\/v2\/media\/5962"}],"wp:attachment":[{"href":"https:\/\/totallubri.com.br\/index.php?rest_route=%2Fwp%2Fv2%2Fmedia&parent=5961"}],"wp:term":[{"taxonomy":"product_brand","embeddable":true,"href":"https:\/\/totallubri.com.br\/index.php?rest_route=%2Fwp%2Fv2%2Fproduct_brand&post=5961"},{"taxonomy":"product_cat","embeddable":true,"href":"https:\/\/totallubri.com.br\/index.php?rest_route=%2Fwp%2Fv2%2Fproduct_cat&post=5961"},{"taxonomy":"product_tag","embeddable":true,"href":"https:\/\/totallubri.com.br\/index.php?rest_route=%2Fwp%2Fv2%2Fproduct_tag&post=5961"}],"curies":[{"name":"wp","href":"https:\/\/api.w.org\/{rel}","templated":true}]}}