{"id":5963,"date":"2017-01-18T10:13:47","date_gmt":"2017-01-18T12:13:47","guid":{"rendered":"http:\/\/totallubri.com.br\/?post_type=product&#038;p=5963"},"modified":"2024-12-02T12:01:39","modified_gmt":"2024-12-02T15:01:39","slug":"suporte-de-parede-para-propulsora-g7-9042-g7-lupus","status":"publish","type":"product","link":"https:\/\/totallubri.com.br\/?product=suporte-de-parede-para-propulsora-g7-9042-g7-lupus","title":{"rendered":"Suporte de parede para propulsora G7 &#8211; 9042-G7 &#8211; Lupus"},"content":{"rendered":"<p>Em a\u00e7o, para propulsoras para parede.<\/p>\n<p>C\u00d3D. 9000-OPG7<\/p>\n<p>C\u00d3D. 9044-PG7<\/p>\n<p>Peso: 1,2 kg<\/p>\n<p>Medidas: (A) 137 mm x (L) 140 mm<\/p>\n","protected":false},"excerpt":{"rendered":"<p>Em a\u00e7o, para propulsoras para parede. C\u00d3D. 9000-OPG7 C\u00d3D. 9044-PG7 Peso: 1,2 kg Medidas: (A) 137 mm x (L) 140 mm<\/p>\n","protected":false},"featured_media":5964,"comment_status":"open","ping_status":"closed","template":"","meta":{"_exactmetrics_skip_tracking":false,"_exactmetrics_sitenote_active":false,"_exactmetrics_sitenote_note":"","_exactmetrics_sitenote_category":0},"product_brand":[],"product_cat":[112],"product_tag":[],"class_list":{"0":"post-5963","1":"product","2":"type-product","3":"status-publish","4":"has-post-thumbnail","6":"product_cat-propulsoras-especiais-e-alta-vazao-suportes-e-acessorios-para-propulsoras","8":"first","9":"instock","10":"shipping-taxable","11":"product-type-simple"},"_links":{"self":[{"href":"https:\/\/totallubri.com.br\/index.php?rest_route=\/wp\/v2\/product\/5963","targetHints":{"allow":["GET"]}}],"collection":[{"href":"https:\/\/totallubri.com.br\/index.php?rest_route=\/wp\/v2\/product"}],"about":[{"href":"https:\/\/totallubri.com.br\/index.php?rest_route=\/wp\/v2\/types\/product"}],"replies":[{"embeddable":true,"href":"https:\/\/totallubri.com.br\/index.php?rest_route=%2Fwp%2Fv2%2Fcomments&post=5963"}],"wp:featuredmedia":[{"embeddable":true,"href":"https:\/\/totallubri.com.br\/index.php?rest_route=\/wp\/v2\/media\/5964"}],"wp:attachment":[{"href":"https:\/\/totallubri.com.br\/index.php?rest_route=%2Fwp%2Fv2%2Fmedia&parent=5963"}],"wp:term":[{"taxonomy":"product_brand","embeddable":true,"href":"https:\/\/totallubri.com.br\/index.php?rest_route=%2Fwp%2Fv2%2Fproduct_brand&post=5963"},{"taxonomy":"product_cat","embeddable":true,"href":"https:\/\/totallubri.com.br\/index.php?rest_route=%2Fwp%2Fv2%2Fproduct_cat&post=5963"},{"taxonomy":"product_tag","embeddable":true,"href":"https:\/\/totallubri.com.br\/index.php?rest_route=%2Fwp%2Fv2%2Fproduct_tag&post=5963"}],"curies":[{"name":"wp","href":"https:\/\/api.w.org\/{rel}","templated":true}]}}