{"id":5967,"date":"2017-01-18T10:19:30","date_gmt":"2017-01-18T12:19:30","guid":{"rendered":"http:\/\/totallubri.com.br\/?post_type=product&#038;p=5967"},"modified":"2024-12-02T12:06:05","modified_gmt":"2024-12-02T15:06:05","slug":"suporte-de-parede-para-propulsora-industrial-9046-s-lupus","status":"publish","type":"product","link":"https:\/\/totallubri.com.br\/?product=suporte-de-parede-para-propulsora-industrial-9046-s-lupus","title":{"rendered":"Suporte de parede para propulsora industrial \u2013 9046-S \u2013 Lupus"},"content":{"rendered":"<p>Em a\u00e7o, para propulsora pneum\u00e1tica de alta vaz\u00e3o.<\/p>\n<p>C\u00d3D. 9046<br \/>\nC\u00d3D. 9047<br \/>\nC\u00d3D. 9048<br \/>\nC\u00d3D. 9053<br \/>\nC\u00d3D. 9054<\/p>\n<p>Peso: 2,2 kg<br \/>\nMedidas: (A) 205 mm x (L) 365 mm<\/p>\n","protected":false},"excerpt":{"rendered":"<p>Em a\u00e7o, para propulsora pneum\u00e1tica de alta vaz\u00e3o. C\u00d3D. 9046 C\u00d3D. 9047 C\u00d3D. 9048 C\u00d3D. 9053 C\u00d3D. 9054 Peso: 2,2 kg Medidas: (A) 205 mm x (L) 365 mm<\/p>\n","protected":false},"featured_media":5968,"comment_status":"open","ping_status":"closed","template":"","meta":{"_exactmetrics_skip_tracking":false,"_exactmetrics_sitenote_active":false,"_exactmetrics_sitenote_note":"","_exactmetrics_sitenote_category":0},"product_brand":[],"product_cat":[112],"product_tag":[],"class_list":{"0":"post-5967","1":"product","2":"type-product","3":"status-publish","4":"has-post-thumbnail","6":"product_cat-propulsoras-especiais-e-alta-vazao-suportes-e-acessorios-para-propulsoras","8":"first","9":"instock","10":"shipping-taxable","11":"product-type-simple"},"_links":{"self":[{"href":"https:\/\/totallubri.com.br\/index.php?rest_route=\/wp\/v2\/product\/5967","targetHints":{"allow":["GET"]}}],"collection":[{"href":"https:\/\/totallubri.com.br\/index.php?rest_route=\/wp\/v2\/product"}],"about":[{"href":"https:\/\/totallubri.com.br\/index.php?rest_route=\/wp\/v2\/types\/product"}],"replies":[{"embeddable":true,"href":"https:\/\/totallubri.com.br\/index.php?rest_route=%2Fwp%2Fv2%2Fcomments&post=5967"}],"wp:featuredmedia":[{"embeddable":true,"href":"https:\/\/totallubri.com.br\/index.php?rest_route=\/wp\/v2\/media\/5968"}],"wp:attachment":[{"href":"https:\/\/totallubri.com.br\/index.php?rest_route=%2Fwp%2Fv2%2Fmedia&parent=5967"}],"wp:term":[{"taxonomy":"product_brand","embeddable":true,"href":"https:\/\/totallubri.com.br\/index.php?rest_route=%2Fwp%2Fv2%2Fproduct_brand&post=5967"},{"taxonomy":"product_cat","embeddable":true,"href":"https:\/\/totallubri.com.br\/index.php?rest_route=%2Fwp%2Fv2%2Fproduct_cat&post=5967"},{"taxonomy":"product_tag","embeddable":true,"href":"https:\/\/totallubri.com.br\/index.php?rest_route=%2Fwp%2Fv2%2Fproduct_tag&post=5967"}],"curies":[{"name":"wp","href":"https:\/\/api.w.org\/{rel}","templated":true}]}}