{"id":5974,"date":"2017-01-18T10:29:22","date_gmt":"2017-01-18T12:29:22","guid":{"rendered":"http:\/\/totallubri.com.br\/?post_type=product&#038;p=5974"},"modified":"2024-11-19T21:55:12","modified_gmt":"2024-11-20T00:55:12","slug":"unidade-de-filtragem-eletrica-off-line-avancada-9516-lupus","status":"publish","type":"product","link":"https:\/\/totallubri.com.br\/?product=unidade-de-filtragem-eletrica-off-line-avancada-9516-lupus","title":{"rendered":"UNIDADE DE FILTRAGEM EL\u00c9TRICA OFF-LINE AVAN\u00c7ADA \u2013 9516 \u2013 LUPUS"},"content":{"rendered":"<p>Unidade m\u00f3vel el\u00e9trica de filtragem off-line avan\u00e7ada com 2 elementos filtrantes absolutos e reservat\u00f3rio de armazenamento, abastecimento de 500 L. Pode ser utilizada para armazenamento, abastecimento em campo, transfer\u00eancia de fluidos e filtragem de fluidos em reservat\u00f3rios sem a necessidade de paralisa\u00e7\u00e3o do equipamento contaminado.<br \/>\nMotor: motos trif\u00e1sico 220\/380,3 cv<br \/>\nPress\u00e3o m\u00e1xima de trabalho: 140 PSI<br \/>\nVaz\u00e3o livre: 55 L\/min<br \/>\nFiltro de suc\u00e7\u00e3o: alum\u00ednio lav\u00e1vel 100<br \/>\nElemento filtrante prim\u00e1rio: microglass 1000 x 10 \/ indicador de satura\u00e7\u00e3o<br \/>\nElemento filtrante secund\u00e1rio: microglass 1000 x 5 \/ indicador de satura\u00e7\u00e3o<br \/>\nMangueiras de suc\u00e7\u00e3o: 3 m<br \/>\nComando de \u00f3leo: semi-autom\u00e1tico<br \/>\nMedidor de fluxo: digital \/ 4 d\u00edgitos<br \/>\nReservat\u00f3rio: Polietileno de 500 L<br \/>\nCarretel: Retr\u00e1til e autom\u00e1tico com 15 m de mangueira<br \/>\nBomba: engrenagens \/ v\u00e1lvula by-pass<br \/>\nViscosidade m\u00e1xima: ISO 680 (conforme execu\u00e7\u00e3o)<br \/>\nTemperatura do fluido: -10\u00b0C &#8230;. 80\u00b0C<br \/>\nTemperatura ambiente: -20\u00b0C &#8230;. 50\u00b0C<br \/>\nRespiro: Respirador higrosc\u00f3pico de alta efici\u00eancia<br \/>\nAnalise de \u00f3leo: tubo de pilot \/ 40 cm \/ via reservat\u00f3rio<br \/>\nMedidas: (A) 1750 mm x (L) 1010 mm x (C) 1920 mm<\/p>\n","protected":false},"excerpt":{"rendered":"<p>Unidade m\u00f3vel el\u00e9trica de filtragem off-line avan\u00e7ada com 2 elementos filtrantes absolutos e reservat\u00f3rio de armazenamento, abastecimento de 500 L. Pode ser utilizada para armazenamento, abastecimento em campo, transfer\u00eancia de fluidos e filtragem de fluidos em reservat\u00f3rios sem a necessidade de paralisa\u00e7\u00e3o do equipamento contaminado. Motor: motos trif\u00e1sico 220\/380,3 cv Press\u00e3o m\u00e1xima de trabalho: 140 [&hellip;]<\/p>\n","protected":false},"featured_media":5975,"comment_status":"open","ping_status":"closed","template":"","meta":{"_exactmetrics_skip_tracking":false,"_exactmetrics_sitenote_active":false,"_exactmetrics_sitenote_note":"","_exactmetrics_sitenote_category":0},"product_brand":[],"product_cat":[93],"product_tag":[],"class_list":{"0":"post-5974","1":"product","2":"type-product","3":"status-publish","4":"has-post-thumbnail","6":"product_cat-filtros-e-elementos-filtrantes","8":"first","9":"instock","10":"shipping-taxable","11":"product-type-simple"},"_links":{"self":[{"href":"https:\/\/totallubri.com.br\/index.php?rest_route=\/wp\/v2\/product\/5974","targetHints":{"allow":["GET"]}}],"collection":[{"href":"https:\/\/totallubri.com.br\/index.php?rest_route=\/wp\/v2\/product"}],"about":[{"href":"https:\/\/totallubri.com.br\/index.php?rest_route=\/wp\/v2\/types\/product"}],"replies":[{"embeddable":true,"href":"https:\/\/totallubri.com.br\/index.php?rest_route=%2Fwp%2Fv2%2Fcomments&post=5974"}],"wp:featuredmedia":[{"embeddable":true,"href":"https:\/\/totallubri.com.br\/index.php?rest_route=\/wp\/v2\/media\/5975"}],"wp:attachment":[{"href":"https:\/\/totallubri.com.br\/index.php?rest_route=%2Fwp%2Fv2%2Fmedia&parent=5974"}],"wp:term":[{"taxonomy":"product_brand","embeddable":true,"href":"https:\/\/totallubri.com.br\/index.php?rest_route=%2Fwp%2Fv2%2Fproduct_brand&post=5974"},{"taxonomy":"product_cat","embeddable":true,"href":"https:\/\/totallubri.com.br\/index.php?rest_route=%2Fwp%2Fv2%2Fproduct_cat&post=5974"},{"taxonomy":"product_tag","embeddable":true,"href":"https:\/\/totallubri.com.br\/index.php?rest_route=%2Fwp%2Fv2%2Fproduct_tag&post=5974"}],"curies":[{"name":"wp","href":"https:\/\/api.w.org\/{rel}","templated":true}]}}