{"id":5982,"date":"2017-01-18T11:09:49","date_gmt":"2017-01-18T13:09:49","guid":{"rendered":"http:\/\/totallubri.com.br\/?post_type=product&#038;p=5982"},"modified":"2024-12-09T16:53:31","modified_gmt":"2024-12-09T19:53:31","slug":"unidade-pneumatica-avancada-de-filtragem-e-abastecimento-9517-lupus","status":"publish","type":"product","link":"https:\/\/totallubri.com.br\/?product=unidade-pneumatica-avancada-de-filtragem-e-abastecimento-9517-lupus","title":{"rendered":"UNIDADE PNEUM\u00c1TICA AVAN\u00c7ADA DE FILTRAGEM E ABASTECIMENTO \u2013 9517 \u2013 LUPUS"},"content":{"rendered":"<p>Unidade pneum\u00e1tica m\u00f3vel avan\u00e7adas de filtragem e abastecimento com dois elementos filtrantes absolutos. Pode ser utilizada para abastecimento em campo via tambores de 200 L, transfer\u00eancia de fluidos em reservat\u00f3rios sem a necessidade de paralisa\u00e7\u00e3o do equipamento contaminado. Unidade com conten\u00e7\u00e3o contra vazamentos.<\/p>\n<p>Press\u00e3o m\u00e1xima de trabalho: 10 bar<br \/>\nVaz\u00e3o livre: 45 L\/min<br \/>\nFiltro de suc\u00e7\u00e3o: alum\u00ednio lav\u00e1vel 100<br \/>\nElemento filtrante prim\u00e1rio: microglass 1000 x 10 \/ indicador de satura\u00e7\u00e3o<br \/>\nElemento filtrante secund\u00e1rio: microglass 1000 x \u00a05 \/ indicador de satura\u00e7\u00e3o<br \/>\nMangueiras de suc\u00e7\u00e3o: 1,5 m com tubo dotado de v\u00e1lvula de p\u00e9<br \/>\nComando de \u00f3leo: semi-autom\u00e1tico com medidor digital<br \/>\nMedidor de fluxo: digital \/ 4 d\u00edgitos<br \/>\nReservat\u00f3rio: tambor de 200 L remov\u00edvel<br \/>\nCarretel: Retr\u00e1til e autom\u00e1tico com 15 m de mangueira<br \/>\nViscosidade m\u00e1xima: ISO 220 (conforme execu\u00e7\u00e3o)<br \/>\nTemperatura do fluido: -10\u00b0C &#8230;. 80\u00b0C<br \/>\nTemperatura ambiente: -20\u00b0C &#8230;. 50\u00b0C<br \/>\nTipo de filtragem: Particulado<\/p>\n<p>Peso (vazio): 31 Kg<br \/>\nMedidas: (A) 1180 mm x (L) 550 mm x (C) 570 mm<\/p>\n","protected":false},"excerpt":{"rendered":"<p>Unidade pneum\u00e1tica m\u00f3vel avan\u00e7adas de filtragem e abastecimento com dois elementos filtrantes absolutos. Pode ser utilizada para abastecimento em campo via tambores de 200 L, transfer\u00eancia de fluidos em reservat\u00f3rios sem a necessidade de paralisa\u00e7\u00e3o do equipamento contaminado. Unidade com conten\u00e7\u00e3o contra vazamentos. Press\u00e3o m\u00e1xima de trabalho: 10 bar Vaz\u00e3o livre: 45 L\/min Filtro de [&hellip;]<\/p>\n","protected":false},"featured_media":5993,"comment_status":"open","ping_status":"closed","template":"","meta":{"_exactmetrics_skip_tracking":false,"_exactmetrics_sitenote_active":false,"_exactmetrics_sitenote_note":"","_exactmetrics_sitenote_category":0},"product_brand":[],"product_cat":[116],"product_tag":[],"class_list":{"0":"post-5982","1":"product","2":"type-product","3":"status-publish","4":"has-post-thumbnail","6":"product_cat-unidade-movel","8":"first","9":"instock","10":"shipping-taxable","11":"product-type-simple"},"_links":{"self":[{"href":"https:\/\/totallubri.com.br\/index.php?rest_route=\/wp\/v2\/product\/5982","targetHints":{"allow":["GET"]}}],"collection":[{"href":"https:\/\/totallubri.com.br\/index.php?rest_route=\/wp\/v2\/product"}],"about":[{"href":"https:\/\/totallubri.com.br\/index.php?rest_route=\/wp\/v2\/types\/product"}],"replies":[{"embeddable":true,"href":"https:\/\/totallubri.com.br\/index.php?rest_route=%2Fwp%2Fv2%2Fcomments&post=5982"}],"wp:featuredmedia":[{"embeddable":true,"href":"https:\/\/totallubri.com.br\/index.php?rest_route=\/wp\/v2\/media\/5993"}],"wp:attachment":[{"href":"https:\/\/totallubri.com.br\/index.php?rest_route=%2Fwp%2Fv2%2Fmedia&parent=5982"}],"wp:term":[{"taxonomy":"product_brand","embeddable":true,"href":"https:\/\/totallubri.com.br\/index.php?rest_route=%2Fwp%2Fv2%2Fproduct_brand&post=5982"},{"taxonomy":"product_cat","embeddable":true,"href":"https:\/\/totallubri.com.br\/index.php?rest_route=%2Fwp%2Fv2%2Fproduct_cat&post=5982"},{"taxonomy":"product_tag","embeddable":true,"href":"https:\/\/totallubri.com.br\/index.php?rest_route=%2Fwp%2Fv2%2Fproduct_tag&post=5982"}],"curies":[{"name":"wp","href":"https:\/\/api.w.org\/{rel}","templated":true}]}}