{"id":5989,"date":"2017-01-18T11:00:54","date_gmt":"2017-01-18T13:00:54","guid":{"rendered":"http:\/\/totallubri.com.br\/?post_type=product&#038;p=5989"},"modified":"2024-12-04T13:10:03","modified_gmt":"2024-12-04T16:10:03","slug":"toalhas-absorventes-para-tambor-0400-trico","status":"publish","type":"product","link":"https:\/\/totallubri.com.br\/?product=toalhas-absorventes-para-tambor-0400-trico","title":{"rendered":"Toalhas absorventes para tambor \u2013 0400 \u2013 Trico"},"content":{"rendered":"<p>Toalhas absorventes para parte superior de tambores a fim de evitar acumulo de \u00f3leo em opera\u00e7\u00f5es de manuseio de flu\u00eddos. O padr\u00e3o de constru\u00e7\u00e3o das toalhas permitem r\u00e1pida absor\u00e7\u00e3o e distribui\u00e7\u00e3o do flu\u00eddo.<\/p>\n<p>Absorv\u00eancia . Flu\u00eddos em geral<\/p>\n<p>Di\u00e2metro . 22&#8243;<\/p>\n<p>Cor . Cinza<\/p>\n<p>Capacidade de absor\u00e7\u00e3o . 1 L\/ toalha<\/p>\n<p>Peso. 2,7 kg<\/p>\n<p>Embalagem . 25 unidades<\/p>\n","protected":false},"excerpt":{"rendered":"<p>Toalhas absorventes para parte superior de tambores a fim de evitar acumulo de \u00f3leo em opera\u00e7\u00f5es de manuseio de flu\u00eddos. O padr\u00e3o de constru\u00e7\u00e3o das toalhas permitem r\u00e1pida absor\u00e7\u00e3o e distribui\u00e7\u00e3o do flu\u00eddo. Absorv\u00eancia . Flu\u00eddos em geral Di\u00e2metro . 22&#8243; Cor . Cinza Capacidade de absor\u00e7\u00e3o . 1 L\/ toalha Peso. 2,7 kg Embalagem [&hellip;]<\/p>\n","protected":false},"featured_media":5990,"comment_status":"open","ping_status":"closed","template":"","meta":{"_exactmetrics_skip_tracking":false,"_exactmetrics_sitenote_active":false,"_exactmetrics_sitenote_note":"","_exactmetrics_sitenote_category":0},"product_brand":[],"product_cat":[58],"product_tag":[],"class_list":{"0":"post-5989","1":"product","2":"type-product","3":"status-publish","4":"has-post-thumbnail","6":"product_cat-linha-industrial","8":"first","9":"instock","10":"shipping-taxable","11":"product-type-simple"},"_links":{"self":[{"href":"https:\/\/totallubri.com.br\/index.php?rest_route=\/wp\/v2\/product\/5989","targetHints":{"allow":["GET"]}}],"collection":[{"href":"https:\/\/totallubri.com.br\/index.php?rest_route=\/wp\/v2\/product"}],"about":[{"href":"https:\/\/totallubri.com.br\/index.php?rest_route=\/wp\/v2\/types\/product"}],"replies":[{"embeddable":true,"href":"https:\/\/totallubri.com.br\/index.php?rest_route=%2Fwp%2Fv2%2Fcomments&post=5989"}],"wp:featuredmedia":[{"embeddable":true,"href":"https:\/\/totallubri.com.br\/index.php?rest_route=\/wp\/v2\/media\/5990"}],"wp:attachment":[{"href":"https:\/\/totallubri.com.br\/index.php?rest_route=%2Fwp%2Fv2%2Fmedia&parent=5989"}],"wp:term":[{"taxonomy":"product_brand","embeddable":true,"href":"https:\/\/totallubri.com.br\/index.php?rest_route=%2Fwp%2Fv2%2Fproduct_brand&post=5989"},{"taxonomy":"product_cat","embeddable":true,"href":"https:\/\/totallubri.com.br\/index.php?rest_route=%2Fwp%2Fv2%2Fproduct_cat&post=5989"},{"taxonomy":"product_tag","embeddable":true,"href":"https:\/\/totallubri.com.br\/index.php?rest_route=%2Fwp%2Fv2%2Fproduct_tag&post=5989"}],"curies":[{"name":"wp","href":"https:\/\/api.w.org\/{rel}","templated":true}]}}