{"id":5991,"date":"2017-01-18T11:08:27","date_gmt":"2017-01-18T13:08:27","guid":{"rendered":"http:\/\/totallubri.com.br\/?post_type=product&#038;p=5991"},"modified":"2024-12-04T17:31:20","modified_gmt":"2024-12-04T20:31:20","slug":"barreira-absorvente-organica-0500-trico","status":"publish","type":"product","link":"https:\/\/totallubri.com.br\/?product=barreira-absorvente-organica-0500-trico","title":{"rendered":"Barreira absorvente org\u00e2nica &#8211; 0500 &#8211; Trico"},"content":{"rendered":"<p>Barreiras absorventes org\u00e2nicas feitas de milho. Indicada para conten\u00e7\u00e3o e absor\u00e7\u00e3o de grandes vazamentos de flu\u00eddos. Sua tecnologia permite r\u00e1pida absor\u00e7\u00e3o de flu\u00eddo.<\/p>\n<p>Absorv\u00eancia . Flu\u00eddos em geral<\/p>\n<p>Tamanho . 0 3 x 1,2m<\/p>\n<p>Cor . Cinza<\/p>\n<p>Capacidade de absor\u00e7\u00e3o . 2,25L\/ Barreira<\/p>\n<p>Peso . 27 kg<\/p>\n<p>Embalagem . 40 unidades<\/p>\n","protected":false},"excerpt":{"rendered":"<p>Barreiras absorventes org\u00e2nicas feitas de milho. Indicada para conten\u00e7\u00e3o e absor\u00e7\u00e3o de grandes vazamentos de flu\u00eddos. Sua tecnologia permite r\u00e1pida absor\u00e7\u00e3o de flu\u00eddo. Absorv\u00eancia . Flu\u00eddos em geral Tamanho . 0 3 x 1,2m Cor . Cinza Capacidade de absor\u00e7\u00e3o . 2,25L\/ Barreira Peso . 27 kg Embalagem . 40 unidades<\/p>\n","protected":false},"featured_media":5992,"comment_status":"open","ping_status":"closed","template":"","meta":{"_exactmetrics_skip_tracking":false,"_exactmetrics_sitenote_active":false,"_exactmetrics_sitenote_note":"","_exactmetrics_sitenote_category":0},"product_brand":[],"product_cat":[63],"product_tag":[],"class_list":{"0":"post-5991","1":"product","2":"type-product","3":"status-publish","4":"has-post-thumbnail","6":"product_cat-meio-ambiente","8":"first","9":"instock","10":"shipping-taxable","11":"product-type-simple"},"_links":{"self":[{"href":"https:\/\/totallubri.com.br\/index.php?rest_route=\/wp\/v2\/product\/5991","targetHints":{"allow":["GET"]}}],"collection":[{"href":"https:\/\/totallubri.com.br\/index.php?rest_route=\/wp\/v2\/product"}],"about":[{"href":"https:\/\/totallubri.com.br\/index.php?rest_route=\/wp\/v2\/types\/product"}],"replies":[{"embeddable":true,"href":"https:\/\/totallubri.com.br\/index.php?rest_route=%2Fwp%2Fv2%2Fcomments&post=5991"}],"wp:featuredmedia":[{"embeddable":true,"href":"https:\/\/totallubri.com.br\/index.php?rest_route=\/wp\/v2\/media\/5992"}],"wp:attachment":[{"href":"https:\/\/totallubri.com.br\/index.php?rest_route=%2Fwp%2Fv2%2Fmedia&parent=5991"}],"wp:term":[{"taxonomy":"product_brand","embeddable":true,"href":"https:\/\/totallubri.com.br\/index.php?rest_route=%2Fwp%2Fv2%2Fproduct_brand&post=5991"},{"taxonomy":"product_cat","embeddable":true,"href":"https:\/\/totallubri.com.br\/index.php?rest_route=%2Fwp%2Fv2%2Fproduct_cat&post=5991"},{"taxonomy":"product_tag","embeddable":true,"href":"https:\/\/totallubri.com.br\/index.php?rest_route=%2Fwp%2Fv2%2Fproduct_tag&post=5991"}],"curies":[{"name":"wp","href":"https:\/\/api.w.org\/{rel}","templated":true}]}}