{"id":6012,"date":"2017-01-18T11:33:47","date_gmt":"2017-01-18T13:33:47","guid":{"rendered":"http:\/\/totallubri.com.br\/?post_type=product&#038;p=6012"},"modified":"2025-04-29T14:13:26","modified_gmt":"2025-04-29T17:13:26","slug":"visor-de-nivel-5803-lupus","status":"publish","type":"product","link":"https:\/\/totallubri.com.br\/?product=visor-de-nivel-5803-lupus","title":{"rendered":"5803-Visor de n\u00edvel \u2013 5803 \u2013 Lupus"},"content":{"rendered":"<p>Desenho de visualiza\u00e7\u00e3o estendida facilita a visualiza\u00e7\u00e3o do flu\u00eddo. Sua lente protuberante reduz a distor\u00e7\u00e3o criada pelas lentes tradicionais. \u00c9 possivel remover a lente termopl\u00e1stica para limpeza.<\/p>\n<p>Material . Bronze e Alum\u00ednio<\/p>\n<p>Temperatura m\u00e1xima de opera\u00e7\u00e3o . 150\u00b0C<\/p>\n<p>Lente . Termopl\u00e1stico<\/p>\n<p>Conex\u00e3o . \u00a01 &#8221; NPT<\/p>\n<p>Medidas: (0) 22 mm x (C) 38 mm<\/p>\n","protected":false},"excerpt":{"rendered":"<p>Desenho de visualiza\u00e7\u00e3o estendida facilita a visualiza\u00e7\u00e3o do flu\u00eddo. Sua lente protuberante reduz a distor\u00e7\u00e3o criada pelas lentes tradicionais. \u00c9 possivel remover a lente termopl\u00e1stica para limpeza. Material . Bronze e Alum\u00ednio Temperatura m\u00e1xima de opera\u00e7\u00e3o . 150\u00b0C Lente . Termopl\u00e1stico Conex\u00e3o . \u00a01 &#8221; NPT Medidas: (0) 22 mm x (C) 38 mm<\/p>\n","protected":false},"featured_media":6013,"comment_status":"open","ping_status":"closed","template":"","meta":{"_exactmetrics_skip_tracking":false,"_exactmetrics_sitenote_active":false,"_exactmetrics_sitenote_note":"","_exactmetrics_sitenote_category":0},"product_brand":[],"product_cat":[129],"product_tag":[],"class_list":{"0":"post-6012","1":"product","2":"type-product","3":"status-publish","4":"has-post-thumbnail","6":"product_cat-tampa-camlock-para-acoplador-e-adaptador","8":"first","9":"instock","10":"shipping-taxable","11":"product-type-simple"},"_links":{"self":[{"href":"https:\/\/totallubri.com.br\/index.php?rest_route=\/wp\/v2\/product\/6012","targetHints":{"allow":["GET"]}}],"collection":[{"href":"https:\/\/totallubri.com.br\/index.php?rest_route=\/wp\/v2\/product"}],"about":[{"href":"https:\/\/totallubri.com.br\/index.php?rest_route=\/wp\/v2\/types\/product"}],"replies":[{"embeddable":true,"href":"https:\/\/totallubri.com.br\/index.php?rest_route=%2Fwp%2Fv2%2Fcomments&post=6012"}],"wp:featuredmedia":[{"embeddable":true,"href":"https:\/\/totallubri.com.br\/index.php?rest_route=\/wp\/v2\/media\/6013"}],"wp:attachment":[{"href":"https:\/\/totallubri.com.br\/index.php?rest_route=%2Fwp%2Fv2%2Fmedia&parent=6012"}],"wp:term":[{"taxonomy":"product_brand","embeddable":true,"href":"https:\/\/totallubri.com.br\/index.php?rest_route=%2Fwp%2Fv2%2Fproduct_brand&post=6012"},{"taxonomy":"product_cat","embeddable":true,"href":"https:\/\/totallubri.com.br\/index.php?rest_route=%2Fwp%2Fv2%2Fproduct_cat&post=6012"},{"taxonomy":"product_tag","embeddable":true,"href":"https:\/\/totallubri.com.br\/index.php?rest_route=%2Fwp%2Fv2%2Fproduct_tag&post=6012"}],"curies":[{"name":"wp","href":"https:\/\/api.w.org\/{rel}","templated":true}]}}