{"id":6018,"date":"2017-01-18T11:41:05","date_gmt":"2017-01-18T13:41:05","guid":{"rendered":"http:\/\/totallubri.com.br\/?post_type=product&#038;p=6018"},"modified":"2025-04-29T14:11:48","modified_gmt":"2025-04-29T17:11:48","slug":"visor-de-nivel-5805-trico","status":"publish","type":"product","link":"https:\/\/totallubri.com.br\/?product=visor-de-nivel-5805-trico","title":{"rendered":"5805-Visor de n\u00edvel \u2013 5805-LUPUS"},"content":{"rendered":"<p>Visores com lentes de vidro com defletores. \u00c9 poss\u00edvel remover a lente de vidro para limpeza.<\/p>\n<p>Material . Bronze<\/p>\n<p>Temperatura m\u00e1xima de opera\u00e7\u00e3o . 150\u00b0C<\/p>\n<p>Lente .\u00a0Vidro<\/p>\n<p>Conex\u00e3o . \u00a01 &#8221; NPT<\/p>\n<p>Medidas: (0) 22 mm x (C) 27\u00a0mm<\/p>\n","protected":false},"excerpt":{"rendered":"<p>Visores com lentes de vidro com defletores. \u00c9 poss\u00edvel remover a lente de vidro para limpeza. Material . Bronze Temperatura m\u00e1xima de opera\u00e7\u00e3o . 150\u00b0C Lente .\u00a0Vidro Conex\u00e3o . \u00a01 &#8221; NPT Medidas: (0) 22 mm x (C) 27\u00a0mm<\/p>\n","protected":false},"featured_media":6019,"comment_status":"open","ping_status":"closed","template":"","meta":{"_exactmetrics_skip_tracking":false,"_exactmetrics_sitenote_active":false,"_exactmetrics_sitenote_note":"","_exactmetrics_sitenote_category":0},"product_brand":[],"product_cat":[129],"product_tag":[],"class_list":{"0":"post-6018","1":"product","2":"type-product","3":"status-publish","4":"has-post-thumbnail","6":"product_cat-tampa-camlock-para-acoplador-e-adaptador","8":"first","9":"instock","10":"shipping-taxable","11":"product-type-simple"},"_links":{"self":[{"href":"https:\/\/totallubri.com.br\/index.php?rest_route=\/wp\/v2\/product\/6018","targetHints":{"allow":["GET"]}}],"collection":[{"href":"https:\/\/totallubri.com.br\/index.php?rest_route=\/wp\/v2\/product"}],"about":[{"href":"https:\/\/totallubri.com.br\/index.php?rest_route=\/wp\/v2\/types\/product"}],"replies":[{"embeddable":true,"href":"https:\/\/totallubri.com.br\/index.php?rest_route=%2Fwp%2Fv2%2Fcomments&post=6018"}],"wp:featuredmedia":[{"embeddable":true,"href":"https:\/\/totallubri.com.br\/index.php?rest_route=\/wp\/v2\/media\/6019"}],"wp:attachment":[{"href":"https:\/\/totallubri.com.br\/index.php?rest_route=%2Fwp%2Fv2%2Fmedia&parent=6018"}],"wp:term":[{"taxonomy":"product_brand","embeddable":true,"href":"https:\/\/totallubri.com.br\/index.php?rest_route=%2Fwp%2Fv2%2Fproduct_brand&post=6018"},{"taxonomy":"product_cat","embeddable":true,"href":"https:\/\/totallubri.com.br\/index.php?rest_route=%2Fwp%2Fv2%2Fproduct_cat&post=6018"},{"taxonomy":"product_tag","embeddable":true,"href":"https:\/\/totallubri.com.br\/index.php?rest_route=%2Fwp%2Fv2%2Fproduct_tag&post=6018"}],"curies":[{"name":"wp","href":"https:\/\/api.w.org\/{rel}","templated":true}]}}