{"id":6038,"date":"2017-01-18T12:45:19","date_gmt":"2017-01-18T14:45:19","guid":{"rendered":"http:\/\/totallubri.com.br\/?post_type=product&#038;p=6038"},"modified":"2024-12-04T11:14:25","modified_gmt":"2024-12-04T14:14:25","slug":"toalhas-absorventes-0200-trico","status":"publish","type":"product","link":"https:\/\/totallubri.com.br\/?product=toalhas-absorventes-0200-trico","title":{"rendered":"Toalhas absorventes \u2013 0200 \u2013 Trico"},"content":{"rendered":"<p>As toalhas absorventes s\u00e3o ideais para controlar pequenos vazamentos. Atrav\u00e9s de sua alta tecnologia tamb\u00e9m s\u00e3o empregadas em opera\u00e7\u00f5es de limpeza de maquinas e opera\u00e7\u00f5es de lubrifica\u00e7\u00e3o por n\u00e3o soltarem fibras. O padr\u00e3o de constru\u00e7\u00e3o das toalhas permitem r\u00e1pida absor\u00e7\u00e3o e distribui\u00e7\u00e3o do flu\u00eddo.<\/p>\n<p>Absorv\u00eancia . \u00a0Flu\u00eddos em geral<\/p>\n<p>Tamanho . \u00a040 cm x 50 cm<\/p>\n<p>Cor . Cinza<\/p>\n<p>Capacidade de absor\u00e7\u00e3o . 828 ml\/ toalha<\/p>\n<p>peso . 7,250 kg<\/p>\n<p>Embalagem . 100 unidades<\/p>\n","protected":false},"excerpt":{"rendered":"<p>As toalhas absorventes s\u00e3o ideais para controlar pequenos vazamentos. Atrav\u00e9s de sua alta tecnologia tamb\u00e9m s\u00e3o empregadas em opera\u00e7\u00f5es de limpeza de maquinas e opera\u00e7\u00f5es de lubrifica\u00e7\u00e3o por n\u00e3o soltarem fibras. O padr\u00e3o de constru\u00e7\u00e3o das toalhas permitem r\u00e1pida absor\u00e7\u00e3o e distribui\u00e7\u00e3o do flu\u00eddo. Absorv\u00eancia . \u00a0Flu\u00eddos em geral Tamanho . \u00a040 cm x 50 [&hellip;]<\/p>\n","protected":false},"featured_media":6039,"comment_status":"open","ping_status":"closed","template":"","meta":{"_exactmetrics_skip_tracking":false,"_exactmetrics_sitenote_active":false,"_exactmetrics_sitenote_note":"","_exactmetrics_sitenote_category":0},"product_brand":[],"product_cat":[63],"product_tag":[],"class_list":{"0":"post-6038","1":"product","2":"type-product","3":"status-publish","4":"has-post-thumbnail","6":"product_cat-meio-ambiente","8":"first","9":"instock","10":"shipping-taxable","11":"product-type-simple"},"_links":{"self":[{"href":"https:\/\/totallubri.com.br\/index.php?rest_route=\/wp\/v2\/product\/6038","targetHints":{"allow":["GET"]}}],"collection":[{"href":"https:\/\/totallubri.com.br\/index.php?rest_route=\/wp\/v2\/product"}],"about":[{"href":"https:\/\/totallubri.com.br\/index.php?rest_route=\/wp\/v2\/types\/product"}],"replies":[{"embeddable":true,"href":"https:\/\/totallubri.com.br\/index.php?rest_route=%2Fwp%2Fv2%2Fcomments&post=6038"}],"wp:featuredmedia":[{"embeddable":true,"href":"https:\/\/totallubri.com.br\/index.php?rest_route=\/wp\/v2\/media\/6039"}],"wp:attachment":[{"href":"https:\/\/totallubri.com.br\/index.php?rest_route=%2Fwp%2Fv2%2Fmedia&parent=6038"}],"wp:term":[{"taxonomy":"product_brand","embeddable":true,"href":"https:\/\/totallubri.com.br\/index.php?rest_route=%2Fwp%2Fv2%2Fproduct_brand&post=6038"},{"taxonomy":"product_cat","embeddable":true,"href":"https:\/\/totallubri.com.br\/index.php?rest_route=%2Fwp%2Fv2%2Fproduct_cat&post=6038"},{"taxonomy":"product_tag","embeddable":true,"href":"https:\/\/totallubri.com.br\/index.php?rest_route=%2Fwp%2Fv2%2Fproduct_tag&post=6038"}],"curies":[{"name":"wp","href":"https:\/\/api.w.org\/{rel}","templated":true}]}}