{"id":6040,"date":"2017-01-18T12:48:33","date_gmt":"2017-01-18T14:48:33","guid":{"rendered":"http:\/\/totallubri.com.br\/?post_type=product&#038;p=6040"},"modified":"2024-12-04T17:40:09","modified_gmt":"2024-12-04T20:40:09","slug":"rampa-para-bacia-de-contencao-9300-rp200-lupus","status":"publish","type":"product","link":"https:\/\/totallubri.com.br\/?product=rampa-para-bacia-de-contencao-9300-rp200-lupus","title":{"rendered":"Rampa para bacia de conten\u00e7\u00e3o &#8211; 9300-RP200 &#8211; Lupus"},"content":{"rendered":"<p>Em a\u00e7o.<\/p>\n<p>Capacidade . 01 tambor \/ 200 L<\/p>\n<p>Peso: 8,5 kg<\/p>\n<p>Medidas: (A) 170 mm x (L) 700 mm x (C) 850<\/p>\n","protected":false},"excerpt":{"rendered":"<p>Em a\u00e7o. Capacidade . 01 tambor \/ 200 L Peso: 8,5 kg Medidas: (A) 170 mm x (L) 700 mm x (C) 850<\/p>\n","protected":false},"featured_media":6041,"comment_status":"open","ping_status":"closed","template":"","meta":{"_exactmetrics_skip_tracking":false,"_exactmetrics_sitenote_active":false,"_exactmetrics_sitenote_note":"","_exactmetrics_sitenote_category":0},"product_brand":[],"product_cat":[63],"product_tag":[],"class_list":{"0":"post-6040","1":"product","2":"type-product","3":"status-publish","4":"has-post-thumbnail","6":"product_cat-meio-ambiente","8":"first","9":"instock","10":"shipping-taxable","11":"product-type-simple"},"_links":{"self":[{"href":"https:\/\/totallubri.com.br\/index.php?rest_route=\/wp\/v2\/product\/6040","targetHints":{"allow":["GET"]}}],"collection":[{"href":"https:\/\/totallubri.com.br\/index.php?rest_route=\/wp\/v2\/product"}],"about":[{"href":"https:\/\/totallubri.com.br\/index.php?rest_route=\/wp\/v2\/types\/product"}],"replies":[{"embeddable":true,"href":"https:\/\/totallubri.com.br\/index.php?rest_route=%2Fwp%2Fv2%2Fcomments&post=6040"}],"wp:featuredmedia":[{"embeddable":true,"href":"https:\/\/totallubri.com.br\/index.php?rest_route=\/wp\/v2\/media\/6041"}],"wp:attachment":[{"href":"https:\/\/totallubri.com.br\/index.php?rest_route=%2Fwp%2Fv2%2Fmedia&parent=6040"}],"wp:term":[{"taxonomy":"product_brand","embeddable":true,"href":"https:\/\/totallubri.com.br\/index.php?rest_route=%2Fwp%2Fv2%2Fproduct_brand&post=6040"},{"taxonomy":"product_cat","embeddable":true,"href":"https:\/\/totallubri.com.br\/index.php?rest_route=%2Fwp%2Fv2%2Fproduct_cat&post=6040"},{"taxonomy":"product_tag","embeddable":true,"href":"https:\/\/totallubri.com.br\/index.php?rest_route=%2Fwp%2Fv2%2Fproduct_tag&post=6040"}],"curies":[{"name":"wp","href":"https:\/\/api.w.org\/{rel}","templated":true}]}}