{"id":6044,"date":"2017-01-18T12:59:55","date_gmt":"2017-01-18T14:59:55","guid":{"rendered":"http:\/\/totallubri.com.br\/?post_type=product&#038;p=6044"},"modified":"2024-12-05T21:27:24","modified_gmt":"2024-12-06T00:27:24","slug":"dispenser-manual-2132-lupus","status":"publish","type":"product","link":"https:\/\/totallubri.com.br\/?product=dispenser-manual-2132-lupus","title":{"rendered":"Dispenser manual &#8211; 2132 &#8211; Lupus"},"content":{"rendered":"<p>Uma solu\u00e7\u00e3o alternativa para situa\u00e7\u00f5es em que n\u00e3o se usa mangueira para o abastecimento mangueira para o abastecimento r\u00e1pido e sem contamina\u00e7\u00e3o do flu\u00eddo.<\/p>\n<p>Conectado ao sistema de ar comprimido (um para cada torneira) e usando a torneira para dispensar a quantidade desejada.<\/p>\n<p>Pontos . 03<\/p>\n<p>Conex\u00e3o de entrada de ar . 0 1\/4&#8243; BSP \/ F\u00eamea<\/p>\n<p>Sa\u00edda de \u00f3leo<\/p>\n<p>Torneira manual<\/p>\n<p>Peso: 25,250 kg<\/p>\n<p>Medidas: (A) 680 mm x (L) 595 mm x (C) 420 mm<\/p>\n","protected":false},"excerpt":{"rendered":"<p>Uma solu\u00e7\u00e3o alternativa para situa\u00e7\u00f5es em que n\u00e3o se usa mangueira para o abastecimento mangueira para o abastecimento r\u00e1pido e sem contamina\u00e7\u00e3o do flu\u00eddo. Conectado ao sistema de ar comprimido (um para cada torneira) e usando a torneira para dispensar a quantidade desejada. Pontos . 03 Conex\u00e3o de entrada de ar . 0 1\/4&#8243; BSP [&hellip;]<\/p>\n","protected":false},"featured_media":6045,"comment_status":"open","ping_status":"closed","template":"","meta":{"_exactmetrics_skip_tracking":false,"_exactmetrics_sitenote_active":false,"_exactmetrics_sitenote_note":"","_exactmetrics_sitenote_category":0},"product_brand":[],"product_cat":[114],"product_tag":[],"class_list":{"0":"post-6044","1":"product","2":"type-product","3":"status-publish","4":"has-post-thumbnail","6":"product_cat-solucoes-para-abastecimento","8":"first","9":"instock","10":"shipping-taxable","11":"product-type-simple"},"_links":{"self":[{"href":"https:\/\/totallubri.com.br\/index.php?rest_route=\/wp\/v2\/product\/6044","targetHints":{"allow":["GET"]}}],"collection":[{"href":"https:\/\/totallubri.com.br\/index.php?rest_route=\/wp\/v2\/product"}],"about":[{"href":"https:\/\/totallubri.com.br\/index.php?rest_route=\/wp\/v2\/types\/product"}],"replies":[{"embeddable":true,"href":"https:\/\/totallubri.com.br\/index.php?rest_route=%2Fwp%2Fv2%2Fcomments&post=6044"}],"wp:featuredmedia":[{"embeddable":true,"href":"https:\/\/totallubri.com.br\/index.php?rest_route=\/wp\/v2\/media\/6045"}],"wp:attachment":[{"href":"https:\/\/totallubri.com.br\/index.php?rest_route=%2Fwp%2Fv2%2Fmedia&parent=6044"}],"wp:term":[{"taxonomy":"product_brand","embeddable":true,"href":"https:\/\/totallubri.com.br\/index.php?rest_route=%2Fwp%2Fv2%2Fproduct_brand&post=6044"},{"taxonomy":"product_cat","embeddable":true,"href":"https:\/\/totallubri.com.br\/index.php?rest_route=%2Fwp%2Fv2%2Fproduct_cat&post=6044"},{"taxonomy":"product_tag","embeddable":true,"href":"https:\/\/totallubri.com.br\/index.php?rest_route=%2Fwp%2Fv2%2Fproduct_tag&post=6044"}],"curies":[{"name":"wp","href":"https:\/\/api.w.org\/{rel}","templated":true}]}}