{"id":6050,"date":"2017-01-18T13:16:22","date_gmt":"2017-01-18T15:16:22","guid":{"rendered":"http:\/\/totallubri.com.br\/?post_type=product&#038;p=6050"},"modified":"2024-11-19T16:57:10","modified_gmt":"2024-11-19T19:57:10","slug":"elemento-filtrante-para-absorcao-de-particulas-9180-ed-lupus","status":"publish","type":"product","link":"https:\/\/totallubri.com.br\/?product=elemento-filtrante-para-absorcao-de-particulas-9180-ed-lupus","title":{"rendered":"Elemento filtrante para absor\u00e7\u00e3o de part\u00edculas &#8211; 9180-ED &#8211; Lupus"},"content":{"rendered":"<p>Compat\u00edvel \u00e1 unidades de filtragem:<\/p>\n<p>9180-LF\/ 9180-GF<\/p>\n<p>Unidades de filtragem, abastecimento e conten\u00e7\u00e3o<\/p>\n<p>9522 \/ 9524<\/p>\n<p>Unidades de filtragem e abstecimento<\/p>\n<p>9515 \/ 9516 \/ 9515-P \/ 9516-P \/ 9517 \/ 9517-E<\/p>\n<p>Filtragem . Part\u00edculas<\/p>\n<p>Vaz\u00e3o livre . 130L\/min<\/p>\n<p>Press\u00e3o m\u00e1x. opera\u00e7\u00e3o . 560 PSI<\/p>\n<p>Micragem . 10micra \/ Absoluto<\/p>\n<p>Peso: 410<\/p>\n<p>Medidas: (A) 242 mm x (0) 87 mm<\/p>\n","protected":false},"excerpt":{"rendered":"<p>Compat\u00edvel \u00e1 unidades de filtragem: 9180-LF\/ 9180-GF Unidades de filtragem, abastecimento e conten\u00e7\u00e3o 9522 \/ 9524 Unidades de filtragem e abstecimento 9515 \/ 9516 \/ 9515-P \/ 9516-P \/ 9517 \/ 9517-E Filtragem . Part\u00edculas Vaz\u00e3o livre . 130L\/min Press\u00e3o m\u00e1x. opera\u00e7\u00e3o . 560 PSI Micragem . 10micra \/ Absoluto Peso: 410 Medidas: (A) 242 [&hellip;]<\/p>\n","protected":false},"featured_media":6051,"comment_status":"open","ping_status":"closed","template":"","meta":{"_exactmetrics_skip_tracking":false,"_exactmetrics_sitenote_active":false,"_exactmetrics_sitenote_note":"","_exactmetrics_sitenote_category":0},"product_brand":[],"product_cat":[93],"product_tag":[],"class_list":{"0":"post-6050","1":"product","2":"type-product","3":"status-publish","4":"has-post-thumbnail","6":"product_cat-filtros-e-elementos-filtrantes","8":"first","9":"instock","10":"shipping-taxable","11":"product-type-simple"},"_links":{"self":[{"href":"https:\/\/totallubri.com.br\/index.php?rest_route=\/wp\/v2\/product\/6050","targetHints":{"allow":["GET"]}}],"collection":[{"href":"https:\/\/totallubri.com.br\/index.php?rest_route=\/wp\/v2\/product"}],"about":[{"href":"https:\/\/totallubri.com.br\/index.php?rest_route=\/wp\/v2\/types\/product"}],"replies":[{"embeddable":true,"href":"https:\/\/totallubri.com.br\/index.php?rest_route=%2Fwp%2Fv2%2Fcomments&post=6050"}],"wp:featuredmedia":[{"embeddable":true,"href":"https:\/\/totallubri.com.br\/index.php?rest_route=\/wp\/v2\/media\/6051"}],"wp:attachment":[{"href":"https:\/\/totallubri.com.br\/index.php?rest_route=%2Fwp%2Fv2%2Fmedia&parent=6050"}],"wp:term":[{"taxonomy":"product_brand","embeddable":true,"href":"https:\/\/totallubri.com.br\/index.php?rest_route=%2Fwp%2Fv2%2Fproduct_brand&post=6050"},{"taxonomy":"product_cat","embeddable":true,"href":"https:\/\/totallubri.com.br\/index.php?rest_route=%2Fwp%2Fv2%2Fproduct_cat&post=6050"},{"taxonomy":"product_tag","embeddable":true,"href":"https:\/\/totallubri.com.br\/index.php?rest_route=%2Fwp%2Fv2%2Fproduct_tag&post=6050"}],"curies":[{"name":"wp","href":"https:\/\/api.w.org\/{rel}","templated":true}]}}