{"id":6058,"date":"2017-01-19T13:44:24","date_gmt":"2017-01-19T15:44:24","guid":{"rendered":"http:\/\/totallubri.com.br\/?post_type=product&#038;p=6058"},"modified":"2024-12-02T14:07:57","modified_gmt":"2024-12-02T17:07:57","slug":"sistema-de-armazenamento-transferencia-e-filtragem-professional-5551-lupus","status":"publish","type":"product","link":"https:\/\/totallubri.com.br\/?product=sistema-de-armazenamento-transferencia-e-filtragem-professional-5551-lupus","title":{"rendered":"SISTEMA DE ARMAZENAMENTO TRANSFER\u00caNCIA E FILTRAGEM PROFESSIONAL \u2013 5551 \u2013 LUPUS"},"content":{"rendered":"<p>Bombas de engrenagens: 02<br \/>\nReservat\u00f3rios: 02 \/ polietileno 640 mm<br \/>\nFiltragem: 02 filtros \/ absoluto 5 micras<br \/>\nAbastecimento: 2 conectores<br \/>\nControle: (L\/ciclo): 2 med. Digitais<br \/>\nVisor de n\u00edvel: escala graduada na lateral de cada reservat\u00f3rio<br \/>\nSistema de amostragem: tubo de pilot<br \/>\nIdentifica\u00e7\u00e3o: 1 a 2<\/p>\n<p>Peso: 275 Kg<br \/>\nMedidas: (A) 2630 mm x (L) 800 mm x (C) 1560 mm<\/p>\n","protected":false},"excerpt":{"rendered":"<p>Bombas de engrenagens: 02 Reservat\u00f3rios: 02 \/ polietileno 640 mm Filtragem: 02 filtros \/ absoluto 5 micras Abastecimento: 2 conectores Controle: (L\/ciclo): 2 med. Digitais Visor de n\u00edvel: escala graduada na lateral de cada reservat\u00f3rio Sistema de amostragem: tubo de pilot Identifica\u00e7\u00e3o: 1 a 2 Peso: 275 Kg Medidas: (A) 2630 mm x (L) 800 [&hellip;]<\/p>\n","protected":false},"featured_media":6059,"comment_status":"open","ping_status":"closed","template":"","meta":{"_exactmetrics_skip_tracking":false,"_exactmetrics_sitenote_active":false,"_exactmetrics_sitenote_note":"","_exactmetrics_sitenote_category":0},"product_brand":[],"product_cat":[113],"product_tag":[],"class_list":{"0":"post-6058","1":"product","2":"type-product","3":"status-publish","4":"has-post-thumbnail","6":"product_cat-reservatorio-ibc-e-sistema-de-armazenamento","8":"first","9":"instock","10":"shipping-taxable","11":"product-type-simple"},"_links":{"self":[{"href":"https:\/\/totallubri.com.br\/index.php?rest_route=\/wp\/v2\/product\/6058","targetHints":{"allow":["GET"]}}],"collection":[{"href":"https:\/\/totallubri.com.br\/index.php?rest_route=\/wp\/v2\/product"}],"about":[{"href":"https:\/\/totallubri.com.br\/index.php?rest_route=\/wp\/v2\/types\/product"}],"replies":[{"embeddable":true,"href":"https:\/\/totallubri.com.br\/index.php?rest_route=%2Fwp%2Fv2%2Fcomments&post=6058"}],"wp:featuredmedia":[{"embeddable":true,"href":"https:\/\/totallubri.com.br\/index.php?rest_route=\/wp\/v2\/media\/6059"}],"wp:attachment":[{"href":"https:\/\/totallubri.com.br\/index.php?rest_route=%2Fwp%2Fv2%2Fmedia&parent=6058"}],"wp:term":[{"taxonomy":"product_brand","embeddable":true,"href":"https:\/\/totallubri.com.br\/index.php?rest_route=%2Fwp%2Fv2%2Fproduct_brand&post=6058"},{"taxonomy":"product_cat","embeddable":true,"href":"https:\/\/totallubri.com.br\/index.php?rest_route=%2Fwp%2Fv2%2Fproduct_cat&post=6058"},{"taxonomy":"product_tag","embeddable":true,"href":"https:\/\/totallubri.com.br\/index.php?rest_route=%2Fwp%2Fv2%2Fproduct_tag&post=6058"}],"curies":[{"name":"wp","href":"https:\/\/api.w.org\/{rel}","templated":true}]}}