{"id":6060,"date":"2017-01-19T13:45:37","date_gmt":"2017-01-19T15:45:37","guid":{"rendered":"http:\/\/totallubri.com.br\/?post_type=product&#038;p=6060"},"modified":"2024-12-02T14:10:03","modified_gmt":"2024-12-02T17:10:03","slug":"sistema-de-armazenamento-transferencia-e-filtragem-standard-5540-lupus","status":"publish","type":"product","link":"https:\/\/totallubri.com.br\/?product=sistema-de-armazenamento-transferencia-e-filtragem-standard-5540-lupus","title":{"rendered":"SISTEMA DE ARMAZENAMENTO TRANSFER\u00caNCIA E FILTRAGEM STANDARD \u2013 5540 \u2013 LUPUS"},"content":{"rendered":"<p>Bombas de engrenagens: 04<br \/>\nReservat\u00f3rios: 04 \/ metal 565 x 904 \/ pintura ep\u00f3xi<br \/>\nFiltragem: 04 filtros \/ 30 micras<br \/>\nVisor de n\u00edvel: tubo transparente flex\u00edvel com escala graduada na lateral de cada reservat\u00f3rio<br \/>\nSistema de amostragem: tubo de pilot<br \/>\nIdentifica\u00e7\u00e3o: 1 a 4<\/p>\n<p>Peso: 550 Kg<br \/>\nMedidas: (A) 2300 mm x (L) 1420 mm x (C) 1560 mm<\/p>\n","protected":false},"excerpt":{"rendered":"<p>Bombas de engrenagens: 04 Reservat\u00f3rios: 04 \/ metal 565 x 904 \/ pintura ep\u00f3xi Filtragem: 04 filtros \/ 30 micras Visor de n\u00edvel: tubo transparente flex\u00edvel com escala graduada na lateral de cada reservat\u00f3rio Sistema de amostragem: tubo de pilot Identifica\u00e7\u00e3o: 1 a 4 Peso: 550 Kg Medidas: (A) 2300 mm x (L) 1420 mm [&hellip;]<\/p>\n","protected":false},"featured_media":6061,"comment_status":"open","ping_status":"closed","template":"","meta":{"_exactmetrics_skip_tracking":false,"_exactmetrics_sitenote_active":false,"_exactmetrics_sitenote_note":"","_exactmetrics_sitenote_category":0},"product_brand":[],"product_cat":[113],"product_tag":[],"class_list":{"0":"post-6060","1":"product","2":"type-product","3":"status-publish","4":"has-post-thumbnail","6":"product_cat-reservatorio-ibc-e-sistema-de-armazenamento","8":"first","9":"instock","10":"shipping-taxable","11":"product-type-simple"},"_links":{"self":[{"href":"https:\/\/totallubri.com.br\/index.php?rest_route=\/wp\/v2\/product\/6060","targetHints":{"allow":["GET"]}}],"collection":[{"href":"https:\/\/totallubri.com.br\/index.php?rest_route=\/wp\/v2\/product"}],"about":[{"href":"https:\/\/totallubri.com.br\/index.php?rest_route=\/wp\/v2\/types\/product"}],"replies":[{"embeddable":true,"href":"https:\/\/totallubri.com.br\/index.php?rest_route=%2Fwp%2Fv2%2Fcomments&post=6060"}],"wp:featuredmedia":[{"embeddable":true,"href":"https:\/\/totallubri.com.br\/index.php?rest_route=\/wp\/v2\/media\/6061"}],"wp:attachment":[{"href":"https:\/\/totallubri.com.br\/index.php?rest_route=%2Fwp%2Fv2%2Fmedia&parent=6060"}],"wp:term":[{"taxonomy":"product_brand","embeddable":true,"href":"https:\/\/totallubri.com.br\/index.php?rest_route=%2Fwp%2Fv2%2Fproduct_brand&post=6060"},{"taxonomy":"product_cat","embeddable":true,"href":"https:\/\/totallubri.com.br\/index.php?rest_route=%2Fwp%2Fv2%2Fproduct_cat&post=6060"},{"taxonomy":"product_tag","embeddable":true,"href":"https:\/\/totallubri.com.br\/index.php?rest_route=%2Fwp%2Fv2%2Fproduct_tag&post=6060"}],"curies":[{"name":"wp","href":"https:\/\/api.w.org\/{rel}","templated":true}]}}