{"id":6066,"date":"2017-01-19T13:49:08","date_gmt":"2017-01-19T15:49:08","guid":{"rendered":"http:\/\/totallubri.com.br\/?post_type=product&#038;p=6066"},"modified":"2024-12-02T14:01:14","modified_gmt":"2024-12-02T17:01:14","slug":"sistema-de-armazenamento-transferencia-e-filtragem-professional-5546-lupus","status":"publish","type":"product","link":"https:\/\/totallubri.com.br\/?product=sistema-de-armazenamento-transferencia-e-filtragem-professional-5546-lupus","title":{"rendered":"SISTEMA DE ARMAZENAMENTO TRANSFER\u00caNCIA E FILTRAGEM PROFESSIONAL \u2013 5546 \u2013 LUPUS"},"content":{"rendered":"<p>Bombas de engrenagens: 04<br \/>\nReservat\u00f3rios: 04 \/ polietileno 640 mm<br \/>\nFiltragem: 04 filtros \/ absoluto 5 micras<br \/>\nAbastecimento: 4 conectores<br \/>\nControle: (L\/ciclo): 4 med. Digitais<br \/>\nVisor de n\u00edvel: escala graduada na lateral de cada reservat\u00f3rio<br \/>\nSistema de amostragem: tubo de pilot<br \/>\nIdentifica\u00e7\u00e3o: 1 a 4<\/p>\n<p>Peso: 550 Kg<br \/>\nMedidas: (A) 2630 mm x (L) 1600 mm x (C) 1560 mm<\/p>\n","protected":false},"excerpt":{"rendered":"<p>Bombas de engrenagens: 04 Reservat\u00f3rios: 04 \/ polietileno 640 mm Filtragem: 04 filtros \/ absoluto 5 micras Abastecimento: 4 conectores Controle: (L\/ciclo): 4 med. Digitais Visor de n\u00edvel: escala graduada na lateral de cada reservat\u00f3rio Sistema de amostragem: tubo de pilot Identifica\u00e7\u00e3o: 1 a 4 Peso: 550 Kg Medidas: (A) 2630 mm x (L) 1600 [&hellip;]<\/p>\n","protected":false},"featured_media":6067,"comment_status":"open","ping_status":"closed","template":"","meta":{"_exactmetrics_skip_tracking":false,"_exactmetrics_sitenote_active":false,"_exactmetrics_sitenote_note":"","_exactmetrics_sitenote_category":0},"product_brand":[],"product_cat":[113],"product_tag":[],"class_list":{"0":"post-6066","1":"product","2":"type-product","3":"status-publish","4":"has-post-thumbnail","6":"product_cat-reservatorio-ibc-e-sistema-de-armazenamento","8":"first","9":"instock","10":"shipping-taxable","11":"product-type-simple"},"_links":{"self":[{"href":"https:\/\/totallubri.com.br\/index.php?rest_route=\/wp\/v2\/product\/6066","targetHints":{"allow":["GET"]}}],"collection":[{"href":"https:\/\/totallubri.com.br\/index.php?rest_route=\/wp\/v2\/product"}],"about":[{"href":"https:\/\/totallubri.com.br\/index.php?rest_route=\/wp\/v2\/types\/product"}],"replies":[{"embeddable":true,"href":"https:\/\/totallubri.com.br\/index.php?rest_route=%2Fwp%2Fv2%2Fcomments&post=6066"}],"wp:featuredmedia":[{"embeddable":true,"href":"https:\/\/totallubri.com.br\/index.php?rest_route=\/wp\/v2\/media\/6067"}],"wp:attachment":[{"href":"https:\/\/totallubri.com.br\/index.php?rest_route=%2Fwp%2Fv2%2Fmedia&parent=6066"}],"wp:term":[{"taxonomy":"product_brand","embeddable":true,"href":"https:\/\/totallubri.com.br\/index.php?rest_route=%2Fwp%2Fv2%2Fproduct_brand&post=6066"},{"taxonomy":"product_cat","embeddable":true,"href":"https:\/\/totallubri.com.br\/index.php?rest_route=%2Fwp%2Fv2%2Fproduct_cat&post=6066"},{"taxonomy":"product_tag","embeddable":true,"href":"https:\/\/totallubri.com.br\/index.php?rest_route=%2Fwp%2Fv2%2Fproduct_tag&post=6066"}],"curies":[{"name":"wp","href":"https:\/\/api.w.org\/{rel}","templated":true}]}}