{"id":6082,"date":"2017-01-19T13:54:47","date_gmt":"2017-01-19T15:54:47","guid":{"rendered":"http:\/\/totallubri.com.br\/?post_type=product&#038;p=6082"},"modified":"2024-12-02T13:50:58","modified_gmt":"2024-12-02T16:50:58","slug":"sistema-de-armazenamento-e-transferencia-de-polietileno-indivisual-5901-lupus","status":"publish","type":"product","link":"https:\/\/totallubri.com.br\/?product=sistema-de-armazenamento-e-transferencia-de-polietileno-indivisual-5901-lupus","title":{"rendered":"SISTEMA DE ARMAZENAMENTO E TRANSFER\u00caNCIA DE POLIETILENO INDIVISUAL \u2013 5901 \u2013 LUPUS"},"content":{"rendered":"<p>Rack de armazenamento de fluidos disponibilizados em estantes de forma simples, sem contamina\u00e7\u00e3o e segura. Fabricado em polietileno de alta densidade, contem bandeja antigotejante, estrutura met\u00e1lica, v\u00e1lvula, conex\u00f5es e mangueiras. Tanque transl\u00facido com escala de volume em litros e gal\u00f5es para permitir o monitoramento visual do n\u00edvel dos fluidos. Em sua parte superior existem sali\u00eancias que possibilitam o empilhamento de at\u00e9 3 tanques, al\u00e9m de respiro para encaixe de dissecantes (n\u00e3o inclusos). Ideal para salas de lubrifica\u00e7\u00e3o e armazenamento de fluidos em ambientes abertos.<\/p>\n<p>Capacidade: 265 L<\/p>\n<p>Tamanho: (L) 82,5 cm x (C) 82,5 cm x (A) 95 cm<\/p>\n<p>Obs: Bacia de conten\u00e7\u00e3o deve ser adquirida separadamente.<\/p>\n","protected":false},"excerpt":{"rendered":"<p>Rack de armazenamento de fluidos disponibilizados em estantes de forma simples, sem contamina\u00e7\u00e3o e segura. Fabricado em polietileno de alta densidade, contem bandeja antigotejante, estrutura met\u00e1lica, v\u00e1lvula, conex\u00f5es e mangueiras. Tanque transl\u00facido com escala de volume em litros e gal\u00f5es para permitir o monitoramento visual do n\u00edvel dos fluidos. Em sua parte superior existem sali\u00eancias [&hellip;]<\/p>\n","protected":false},"featured_media":6084,"comment_status":"open","ping_status":"closed","template":"","meta":{"_exactmetrics_skip_tracking":false,"_exactmetrics_sitenote_active":false,"_exactmetrics_sitenote_note":"","_exactmetrics_sitenote_category":0},"product_brand":[],"product_cat":[113],"product_tag":[],"class_list":{"0":"post-6082","1":"product","2":"type-product","3":"status-publish","4":"has-post-thumbnail","6":"product_cat-reservatorio-ibc-e-sistema-de-armazenamento","8":"first","9":"instock","10":"shipping-taxable","11":"product-type-simple"},"_links":{"self":[{"href":"https:\/\/totallubri.com.br\/index.php?rest_route=\/wp\/v2\/product\/6082","targetHints":{"allow":["GET"]}}],"collection":[{"href":"https:\/\/totallubri.com.br\/index.php?rest_route=\/wp\/v2\/product"}],"about":[{"href":"https:\/\/totallubri.com.br\/index.php?rest_route=\/wp\/v2\/types\/product"}],"replies":[{"embeddable":true,"href":"https:\/\/totallubri.com.br\/index.php?rest_route=%2Fwp%2Fv2%2Fcomments&post=6082"}],"wp:featuredmedia":[{"embeddable":true,"href":"https:\/\/totallubri.com.br\/index.php?rest_route=\/wp\/v2\/media\/6084"}],"wp:attachment":[{"href":"https:\/\/totallubri.com.br\/index.php?rest_route=%2Fwp%2Fv2%2Fmedia&parent=6082"}],"wp:term":[{"taxonomy":"product_brand","embeddable":true,"href":"https:\/\/totallubri.com.br\/index.php?rest_route=%2Fwp%2Fv2%2Fproduct_brand&post=6082"},{"taxonomy":"product_cat","embeddable":true,"href":"https:\/\/totallubri.com.br\/index.php?rest_route=%2Fwp%2Fv2%2Fproduct_cat&post=6082"},{"taxonomy":"product_tag","embeddable":true,"href":"https:\/\/totallubri.com.br\/index.php?rest_route=%2Fwp%2Fv2%2Fproduct_tag&post=6082"}],"curies":[{"name":"wp","href":"https:\/\/api.w.org\/{rel}","templated":true}]}}