{"id":6109,"date":"2017-01-19T14:09:58","date_gmt":"2017-01-19T16:09:58","guid":{"rendered":"http:\/\/totallubri.com.br\/?post_type=product&#038;p=6109"},"modified":"2025-01-23T16:13:36","modified_gmt":"2025-01-23T19:13:36","slug":"numerador-mecanico-com-capa-2100-mpbs01-lupus","status":"publish","type":"product","link":"https:\/\/totallubri.com.br\/?product=numerador-mecanico-com-capa-2100-mpbs01-lupus","title":{"rendered":"NUMERADOR MECANICO COM CAPA \u2013 2100-MPBS01- LUPUS"},"content":{"rendered":"<p>Em a\u00e7o galvanizado, com totalizador, capa e bot\u00e3o.<\/p>\n<p>D\u00edgitos: 04<\/p>\n<p>Peso: 1,2 Kg<br \/>\nMedidas: (A) 146 mm x (L) 230 mm<\/p>\n","protected":false},"excerpt":{"rendered":"<p>Em a\u00e7o galvanizado, com totalizador, capa e bot\u00e3o. D\u00edgitos: 04 Peso: 1,2 Kg Medidas: (A) 146 mm x (L) 230 mm<\/p>\n","protected":false},"featured_media":6110,"comment_status":"open","ping_status":"closed","template":"","meta":{"_exactmetrics_skip_tracking":false,"_exactmetrics_sitenote_active":false,"_exactmetrics_sitenote_note":"","_exactmetrics_sitenote_category":0},"product_brand":[],"product_cat":[92,109],"product_tag":[],"class_list":{"0":"post-6109","1":"product","2":"type-product","3":"status-publish","4":"has-post-thumbnail","6":"product_cat-combate-a-incendio","7":"product_cat-medidor-mecanico","9":"first","10":"instock","11":"shipping-taxable","12":"product-type-simple"},"_links":{"self":[{"href":"https:\/\/totallubri.com.br\/index.php?rest_route=\/wp\/v2\/product\/6109","targetHints":{"allow":["GET"]}}],"collection":[{"href":"https:\/\/totallubri.com.br\/index.php?rest_route=\/wp\/v2\/product"}],"about":[{"href":"https:\/\/totallubri.com.br\/index.php?rest_route=\/wp\/v2\/types\/product"}],"replies":[{"embeddable":true,"href":"https:\/\/totallubri.com.br\/index.php?rest_route=%2Fwp%2Fv2%2Fcomments&post=6109"}],"wp:featuredmedia":[{"embeddable":true,"href":"https:\/\/totallubri.com.br\/index.php?rest_route=\/wp\/v2\/media\/6110"}],"wp:attachment":[{"href":"https:\/\/totallubri.com.br\/index.php?rest_route=%2Fwp%2Fv2%2Fmedia&parent=6109"}],"wp:term":[{"taxonomy":"product_brand","embeddable":true,"href":"https:\/\/totallubri.com.br\/index.php?rest_route=%2Fwp%2Fv2%2Fproduct_brand&post=6109"},{"taxonomy":"product_cat","embeddable":true,"href":"https:\/\/totallubri.com.br\/index.php?rest_route=%2Fwp%2Fv2%2Fproduct_cat&post=6109"},{"taxonomy":"product_tag","embeddable":true,"href":"https:\/\/totallubri.com.br\/index.php?rest_route=%2Fwp%2Fv2%2Fproduct_tag&post=6109"}],"curies":[{"name":"wp","href":"https:\/\/api.w.org\/{rel}","templated":true}]}}