{"id":6256,"date":"2017-06-09T11:26:30","date_gmt":"2017-06-09T14:26:30","guid":{"rendered":"http:\/\/totallubri.com.br\/?post_type=product&#038;p=6256"},"modified":"2025-03-31T12:15:31","modified_gmt":"2025-03-31T15:15:31","slug":"6256","status":"publish","type":"product","link":"https:\/\/totallubri.com.br\/?product=6256","title":{"rendered":"CILINDRO MINI ISO MA25X125 D\/ACAO BUNA C\/ AMORTIZACAO-TOT-LUB"},"content":{"rendered":"<p><strong>Cilindro Mini\u00a0ISO<br \/>\n<\/strong><br \/>\nConstru\u00eddos conforme norma <strong>ISO 6432<\/strong>. Fornecidos nos di\u00e2metros de \u00a0<strong>25 mm<\/strong> e com cursos vari\u00e1veis de <strong>10 at\u00e9 300 mm<\/strong> de dupla a\u00e7\u00e3o, \u00eambolo magn\u00e9tico, acess\u00f3rios de fixa\u00e7\u00e3o e montagens opcionais. Press\u00e3o m\u00e1xima de trabalho: <strong>10 bar.<\/strong><\/p>\n<p>&#8220;<span class=\"ILfuVd\" lang=\"pt\"><span class=\"hgKElc\">Os cilindros <b>s\u00e3o usados para criar for\u00e7a usando ar comprimido<\/b>. Eles s\u00e3o importantes em v\u00e1rios ramos de atividades como as ind\u00fastrias, agr\u00edcola e a da constru\u00e7\u00e3o civil. Normalmente, t\u00eam uma mola que traz o pist\u00e3o de volta ao come\u00e7o. Isso \u00e9 muito \u00fatil quando h\u00e1 falhas de energia.<\/span><\/span><\/p>\n<p>BS: Outros modelos sob consulta.<\/p>\n","protected":false},"excerpt":{"rendered":"<p>Cilindro Mini\u00a0ISO Constru\u00eddos conforme norma ISO 6432. Fornecidos nos di\u00e2metros de \u00a025 mm e com cursos vari\u00e1veis de 10 at\u00e9 300 mm de dupla a\u00e7\u00e3o, \u00eambolo magn\u00e9tico, acess\u00f3rios de fixa\u00e7\u00e3o e montagens opcionais. Press\u00e3o m\u00e1xima de trabalho: 10 bar. &#8220;Os cilindros s\u00e3o usados para criar for\u00e7a usando ar comprimido. Eles s\u00e3o importantes em v\u00e1rios ramos [&hellip;]<\/p>\n","protected":false},"featured_media":6257,"comment_status":"open","ping_status":"closed","template":"","meta":{"_exactmetrics_skip_tracking":false,"_exactmetrics_sitenote_active":false,"_exactmetrics_sitenote_note":"","_exactmetrics_sitenote_category":0},"product_brand":[],"product_cat":[92],"product_tag":[],"class_list":{"0":"post-6256","1":"product","2":"type-product","3":"status-publish","4":"has-post-thumbnail","6":"product_cat-combate-a-incendio","8":"first","9":"instock","10":"shipping-taxable","11":"product-type-simple"},"_links":{"self":[{"href":"https:\/\/totallubri.com.br\/index.php?rest_route=\/wp\/v2\/product\/6256","targetHints":{"allow":["GET"]}}],"collection":[{"href":"https:\/\/totallubri.com.br\/index.php?rest_route=\/wp\/v2\/product"}],"about":[{"href":"https:\/\/totallubri.com.br\/index.php?rest_route=\/wp\/v2\/types\/product"}],"replies":[{"embeddable":true,"href":"https:\/\/totallubri.com.br\/index.php?rest_route=%2Fwp%2Fv2%2Fcomments&post=6256"}],"wp:featuredmedia":[{"embeddable":true,"href":"https:\/\/totallubri.com.br\/index.php?rest_route=\/wp\/v2\/media\/6257"}],"wp:attachment":[{"href":"https:\/\/totallubri.com.br\/index.php?rest_route=%2Fwp%2Fv2%2Fmedia&parent=6256"}],"wp:term":[{"taxonomy":"product_brand","embeddable":true,"href":"https:\/\/totallubri.com.br\/index.php?rest_route=%2Fwp%2Fv2%2Fproduct_brand&post=6256"},{"taxonomy":"product_cat","embeddable":true,"href":"https:\/\/totallubri.com.br\/index.php?rest_route=%2Fwp%2Fv2%2Fproduct_cat&post=6256"},{"taxonomy":"product_tag","embeddable":true,"href":"https:\/\/totallubri.com.br\/index.php?rest_route=%2Fwp%2Fv2%2Fproduct_tag&post=6256"}],"curies":[{"name":"wp","href":"https:\/\/api.w.org\/{rel}","templated":true}]}}