{"id":6267,"date":"2017-06-09T13:32:53","date_gmt":"2017-06-09T16:32:53","guid":{"rendered":"http:\/\/totallubri.com.br\/?post_type=product&#038;p=6267"},"modified":"2025-03-31T12:18:35","modified_gmt":"2025-03-31T15:18:35","slug":"bomba-hidraulica-bhm","status":"publish","type":"product","link":"https:\/\/totallubri.com.br\/?product=bomba-hidraulica-bhm","title":{"rendered":"1709-BOMBA HIDRAULICA BHM 100\/68 DES 3526 1352600-TOT-LUB"},"content":{"rendered":"<p>B<em>omba hidr\u00e1ulica<\/em> de alto desempenho e tem como objetivo converter energia mec\u00e2nica em energia <em>hidr\u00e1ulica<\/em>, sendo respons\u00e1vel por produzir um fluxo capaz de transmitir press\u00e3o\u00a0&#8230;<\/p>\n<p>Solicite mais informa\u00e7\u00f5es com nossos vendedores<\/p>\n","protected":false},"excerpt":{"rendered":"<p>Bomba hidr\u00e1ulica de alto desempenho e tem como objetivo converter energia mec\u00e2nica em energia hidr\u00e1ulica, sendo respons\u00e1vel por produzir um fluxo capaz de transmitir press\u00e3o\u00a0&#8230; Solicite mais informa\u00e7\u00f5es com nossos vendedores<\/p>\n","protected":false},"featured_media":6268,"comment_status":"open","ping_status":"closed","template":"","meta":{"_exactmetrics_skip_tracking":false,"_exactmetrics_sitenote_active":false,"_exactmetrics_sitenote_note":"","_exactmetrics_sitenote_category":0},"product_brand":[],"product_cat":[92],"product_tag":[],"class_list":{"0":"post-6267","1":"product","2":"type-product","3":"status-publish","4":"has-post-thumbnail","6":"product_cat-combate-a-incendio","8":"first","9":"instock","10":"shipping-taxable","11":"product-type-simple"},"_links":{"self":[{"href":"https:\/\/totallubri.com.br\/index.php?rest_route=\/wp\/v2\/product\/6267","targetHints":{"allow":["GET"]}}],"collection":[{"href":"https:\/\/totallubri.com.br\/index.php?rest_route=\/wp\/v2\/product"}],"about":[{"href":"https:\/\/totallubri.com.br\/index.php?rest_route=\/wp\/v2\/types\/product"}],"replies":[{"embeddable":true,"href":"https:\/\/totallubri.com.br\/index.php?rest_route=%2Fwp%2Fv2%2Fcomments&post=6267"}],"wp:featuredmedia":[{"embeddable":true,"href":"https:\/\/totallubri.com.br\/index.php?rest_route=\/wp\/v2\/media\/6268"}],"wp:attachment":[{"href":"https:\/\/totallubri.com.br\/index.php?rest_route=%2Fwp%2Fv2%2Fmedia&parent=6267"}],"wp:term":[{"taxonomy":"product_brand","embeddable":true,"href":"https:\/\/totallubri.com.br\/index.php?rest_route=%2Fwp%2Fv2%2Fproduct_brand&post=6267"},{"taxonomy":"product_cat","embeddable":true,"href":"https:\/\/totallubri.com.br\/index.php?rest_route=%2Fwp%2Fv2%2Fproduct_cat&post=6267"},{"taxonomy":"product_tag","embeddable":true,"href":"https:\/\/totallubri.com.br\/index.php?rest_route=%2Fwp%2Fv2%2Fproduct_tag&post=6267"}],"curies":[{"name":"wp","href":"https:\/\/api.w.org\/{rel}","templated":true}]}}