{"id":6269,"date":"2017-06-09T13:52:16","date_gmt":"2017-06-09T16:52:16","guid":{"rendered":"http:\/\/totallubri.com.br\/?post_type=product&#038;p=6269"},"modified":"2024-11-28T16:22:16","modified_gmt":"2024-11-28T19:22:16","slug":"lavadora-lav500-plus","status":"publish","type":"product","link":"https:\/\/totallubri.com.br\/?product=lavadora-lav500-plus","title":{"rendered":"LAVADORA JACTO \u2013 LAV500 PLUS -JACTO"},"content":{"rendered":"<h2>Lavadoras &#8211; M\u00e9dia Press\u00e3o<br \/>\n<b>LAV500 Plus<\/b><\/h2>\n<div class=\"textoNew\">\n<ul>\n<li>Bomba radial com 3 pist\u00f5es de cer\u00e2mica<\/li>\n<li>Virabrequim e biela banhados a \u00f3leo<\/li>\n<li>Cabe\u00e7ote de bronze<\/li>\n<li>V\u00e1lvula de a\u00e7o inox<\/li>\n<li>Regulador de press\u00e3o<\/li>\n<li>C\u00e2mara de compensa\u00e7\u00e3o<\/li>\n<li>V\u00e1lvula de reten\u00e7\u00e3o<\/li>\n<\/ul>\n<\/div>\n","protected":false},"excerpt":{"rendered":"<p>Lavadoras &#8211; M\u00e9dia Press\u00e3o LAV500 Plus Bomba radial com 3 pist\u00f5es de cer\u00e2mica Virabrequim e biela banhados a \u00f3leo Cabe\u00e7ote de bronze V\u00e1lvula de a\u00e7o inox Regulador de press\u00e3o C\u00e2mara de compensa\u00e7\u00e3o V\u00e1lvula de reten\u00e7\u00e3o<\/p>\n","protected":false},"featured_media":6270,"comment_status":"open","ping_status":"closed","template":"","meta":{"_exactmetrics_skip_tracking":false,"_exactmetrics_sitenote_active":false,"_exactmetrics_sitenote_note":"","_exactmetrics_sitenote_category":0},"product_brand":[],"product_cat":[58],"product_tag":[],"class_list":{"0":"post-6269","1":"product","2":"type-product","3":"status-publish","4":"has-post-thumbnail","6":"product_cat-linha-industrial","8":"first","9":"instock","10":"shipping-taxable","11":"product-type-simple"},"_links":{"self":[{"href":"https:\/\/totallubri.com.br\/index.php?rest_route=\/wp\/v2\/product\/6269","targetHints":{"allow":["GET"]}}],"collection":[{"href":"https:\/\/totallubri.com.br\/index.php?rest_route=\/wp\/v2\/product"}],"about":[{"href":"https:\/\/totallubri.com.br\/index.php?rest_route=\/wp\/v2\/types\/product"}],"replies":[{"embeddable":true,"href":"https:\/\/totallubri.com.br\/index.php?rest_route=%2Fwp%2Fv2%2Fcomments&post=6269"}],"wp:featuredmedia":[{"embeddable":true,"href":"https:\/\/totallubri.com.br\/index.php?rest_route=\/wp\/v2\/media\/6270"}],"wp:attachment":[{"href":"https:\/\/totallubri.com.br\/index.php?rest_route=%2Fwp%2Fv2%2Fmedia&parent=6269"}],"wp:term":[{"taxonomy":"product_brand","embeddable":true,"href":"https:\/\/totallubri.com.br\/index.php?rest_route=%2Fwp%2Fv2%2Fproduct_brand&post=6269"},{"taxonomy":"product_cat","embeddable":true,"href":"https:\/\/totallubri.com.br\/index.php?rest_route=%2Fwp%2Fv2%2Fproduct_cat&post=6269"},{"taxonomy":"product_tag","embeddable":true,"href":"https:\/\/totallubri.com.br\/index.php?rest_route=%2Fwp%2Fv2%2Fproduct_tag&post=6269"}],"curies":[{"name":"wp","href":"https:\/\/api.w.org\/{rel}","templated":true}]}}