{"id":6370,"date":"2017-08-25T15:32:10","date_gmt":"2017-08-25T18:32:10","guid":{"rendered":"http:\/\/totallubri.com.br\/?product=8032-g3-reservatorio-24-litros-bozza"},"modified":"2024-11-22T10:24:50","modified_gmt":"2024-11-22T13:24:50","slug":"8032-g3-reservatorio-24-litros-bozza","status":"publish","type":"product","link":"https:\/\/totallubri.com.br\/?product=8032-g3-reservatorio-24-litros-bozza","title":{"rendered":"Bomba Manual para \u00d3leo 8032-R20-G3-BOZZA"},"content":{"rendered":"<p>Bomba Manual para \u00d3leo. Reservat\u00f3rio de 20 litros. Vaz\u00e3o de 0,250 l por ciclo.<\/p>\n<p>Indicada para transfer\u00eancia de \u00f3leo lubrificante atrav\u00e9s de bombeamento por manivela.<\/p>\n<div><\/div>\n<div><strong>Caracter\u00edsticas<\/strong><\/div>\n<div><\/div>\n<div>\n<p>| Bomba manual para \u00f3leo<\/p>\n<div>| Mangueira pl\u00e1stica de 1,5 m (mod. 5660-1,5)<\/div>\n<div>| Bico de descarga (mod. 8133)<\/div>\n<div>| Tampa com man\u00edpulo de f\u00e1cil abertura e fechamento<\/div>\n<\/div>\n<div><\/div>\n<div><strong>Dados T\u00e9cnicos<\/strong><\/div>\n<div>\n<div>| Reservat\u00f3rio 20 L<\/div>\n<div>| Vaz\u00e3o livre 0,250 L\/ciclo<\/div>\n<div>| Ciclos por Litro 4<\/div>\n<\/div>\n","protected":false},"excerpt":{"rendered":"<p>Bomba Manual para \u00d3leo. Reservat\u00f3rio de 20 litros. Vaz\u00e3o de 0,250 l por ciclo. Indicada para transfer\u00eancia de \u00f3leo lubrificante atrav\u00e9s de bombeamento por manivela. Caracter\u00edsticas | Bomba manual para \u00f3leo | Mangueira pl\u00e1stica de 1,5 m (mod. 5660-1,5) | Bico de descarga (mod. 8133) | Tampa com man\u00edpulo de f\u00e1cil abertura e fechamento Dados [&hellip;]<\/p>\n","protected":false},"featured_media":6371,"comment_status":"open","ping_status":"closed","template":"","meta":{"_exactmetrics_skip_tracking":false,"_exactmetrics_sitenote_active":false,"_exactmetrics_sitenote_note":"","_exactmetrics_sitenote_category":0},"product_brand":[],"product_cat":[99],"product_tag":[],"class_list":{"0":"post-6370","1":"product","2":"type-product","3":"status-publish","4":"has-post-thumbnail","6":"product_cat-bomba-manual-para-liquidos","8":"first","9":"instock","10":"shipping-taxable","11":"product-type-simple"},"_links":{"self":[{"href":"https:\/\/totallubri.com.br\/index.php?rest_route=\/wp\/v2\/product\/6370","targetHints":{"allow":["GET"]}}],"collection":[{"href":"https:\/\/totallubri.com.br\/index.php?rest_route=\/wp\/v2\/product"}],"about":[{"href":"https:\/\/totallubri.com.br\/index.php?rest_route=\/wp\/v2\/types\/product"}],"replies":[{"embeddable":true,"href":"https:\/\/totallubri.com.br\/index.php?rest_route=%2Fwp%2Fv2%2Fcomments&post=6370"}],"wp:featuredmedia":[{"embeddable":true,"href":"https:\/\/totallubri.com.br\/index.php?rest_route=\/wp\/v2\/media\/6371"}],"wp:attachment":[{"href":"https:\/\/totallubri.com.br\/index.php?rest_route=%2Fwp%2Fv2%2Fmedia&parent=6370"}],"wp:term":[{"taxonomy":"product_brand","embeddable":true,"href":"https:\/\/totallubri.com.br\/index.php?rest_route=%2Fwp%2Fv2%2Fproduct_brand&post=6370"},{"taxonomy":"product_cat","embeddable":true,"href":"https:\/\/totallubri.com.br\/index.php?rest_route=%2Fwp%2Fv2%2Fproduct_cat&post=6370"},{"taxonomy":"product_tag","embeddable":true,"href":"https:\/\/totallubri.com.br\/index.php?rest_route=%2Fwp%2Fv2%2Fproduct_tag&post=6370"}],"curies":[{"name":"wp","href":"https:\/\/api.w.org\/{rel}","templated":true}]}}