{"id":6383,"date":"2017-08-31T17:58:36","date_gmt":"2017-08-31T20:58:36","guid":{"rendered":"http:\/\/totallubri.com.br\/?product=paleteira-eletrica-bremen"},"modified":"2025-02-18T10:06:01","modified_gmt":"2025-02-18T13:06:01","slug":"paleteira-eletrica-bremen","status":"publish","type":"product","link":"https:\/\/totallubri.com.br\/?product=paleteira-eletrica-bremen","title":{"rendered":"PALETEIRA EL\u00c9TRICA \u2013 BREMEN"},"content":{"rendered":"<h2><\/h2>\n<p>PALETEIRA PARA TRANSPORTE DE CARGA.<\/p>\n<p>&#8211; Em A\u00e7o<br \/>\n&#8211; Tracionada (Tra\u00e7\u00e3o e Eleva\u00e7\u00e3o El\u00e9trica)<br \/>\n&#8211; Bateria p\/ 8 Horas Cont\u00ednuas<\/p>\n<p><strong>Dados t\u00e9cnicos:<\/strong><\/p>\n<p><img loading=\"lazy\" decoding=\"async\" class=\"alignnone wp-image-6384\" src=\"http:\/\/totallubri.com.br\/wp-content\/uploads\/2017\/08\/eletrica-300x79.jpg\" alt=\"eletrica\" width=\"429\" height=\"113\" srcset=\"https:\/\/totallubri.com.br\/wp-content\/uploads\/2017\/08\/eletrica-300x79.jpg 300w, https:\/\/totallubri.com.br\/wp-content\/uploads\/2017\/08\/eletrica-400x105.jpg 400w, https:\/\/totallubri.com.br\/wp-content\/uploads\/2017\/08\/eletrica.jpg 638w\" sizes=\"auto, (max-width: 429px) 100vw, 429px\" \/><\/p>\n","protected":false},"excerpt":{"rendered":"<p>PALETEIRA PARA TRANSPORTE DE CARGA. &#8211; Em A\u00e7o &#8211; Tracionada (Tra\u00e7\u00e3o e Eleva\u00e7\u00e3o El\u00e9trica) &#8211; Bateria p\/ 8 Horas Cont\u00ednuas Dados t\u00e9cnicos:<\/p>\n","protected":false},"featured_media":6385,"comment_status":"open","ping_status":"closed","template":"","meta":{"_exactmetrics_skip_tracking":false,"_exactmetrics_sitenote_active":false,"_exactmetrics_sitenote_note":"","_exactmetrics_sitenote_category":0},"product_brand":[],"product_cat":[63],"product_tag":[],"class_list":{"0":"post-6383","1":"product","2":"type-product","3":"status-publish","4":"has-post-thumbnail","6":"product_cat-meio-ambiente","8":"first","9":"instock","10":"shipping-taxable","11":"product-type-simple"},"_links":{"self":[{"href":"https:\/\/totallubri.com.br\/index.php?rest_route=\/wp\/v2\/product\/6383","targetHints":{"allow":["GET"]}}],"collection":[{"href":"https:\/\/totallubri.com.br\/index.php?rest_route=\/wp\/v2\/product"}],"about":[{"href":"https:\/\/totallubri.com.br\/index.php?rest_route=\/wp\/v2\/types\/product"}],"replies":[{"embeddable":true,"href":"https:\/\/totallubri.com.br\/index.php?rest_route=%2Fwp%2Fv2%2Fcomments&post=6383"}],"wp:featuredmedia":[{"embeddable":true,"href":"https:\/\/totallubri.com.br\/index.php?rest_route=\/wp\/v2\/media\/6385"}],"wp:attachment":[{"href":"https:\/\/totallubri.com.br\/index.php?rest_route=%2Fwp%2Fv2%2Fmedia&parent=6383"}],"wp:term":[{"taxonomy":"product_brand","embeddable":true,"href":"https:\/\/totallubri.com.br\/index.php?rest_route=%2Fwp%2Fv2%2Fproduct_brand&post=6383"},{"taxonomy":"product_cat","embeddable":true,"href":"https:\/\/totallubri.com.br\/index.php?rest_route=%2Fwp%2Fv2%2Fproduct_cat&post=6383"},{"taxonomy":"product_tag","embeddable":true,"href":"https:\/\/totallubri.com.br\/index.php?rest_route=%2Fwp%2Fv2%2Fproduct_tag&post=6383"}],"curies":[{"name":"wp","href":"https:\/\/api.w.org\/{rel}","templated":true}]}}