{"id":6494,"date":"2017-11-07T09:17:24","date_gmt":"2017-11-07T11:17:24","guid":{"rendered":"http:\/\/totallubri.com.br\/?post_type=product&#038;p=6494"},"modified":"2024-12-01T21:50:11","modified_gmt":"2024-12-02T00:50:11","slug":"kit-propulsora-pneumatica-oleo-1948-pressol","status":"publish","type":"product","link":"https:\/\/totallubri.com.br\/?product=kit-propulsora-pneumatica-oleo-1948-pressol","title":{"rendered":"KIT PROPULSORA PNEUM\u00c1TICA \u00d3LEO &#8211; 1948 &#8211; PRESSOL"},"content":{"rendered":"<h1><small>Cod: 1948<\/small><\/h1>\n<p class=\"lead\">&#8211; Em Alum\u00ednio<br \/>\n&#8211; Para \u00d3leo Lubrificante at\u00e9 SAE 90<br \/>\n&#8211; Press\u00e3o de Trabalho de 30 a 115 PSI &#8211; 2 a 8 Bar<br \/>\n&#8211; Press\u00e3o de Sa\u00edda de \u00d3leo de 90 a 345 PSI &#8211; 6 a 24 Bar<\/p>\n<p>Acompanha:<br \/>\n&#8211; Lubrifil, Suporte de Parede, V\u00e1lvula Anti-retorno, Mangueira 3\/4&#8243; e Cano de Suc\u00e7\u00e3o<br \/>\n<img loading=\"lazy\" decoding=\"async\" class=\" wp-image-6496 aligncenter\" src=\"http:\/\/totallubri.com.br\/wp-content\/uploads\/2017\/11\/1948-300x118.jpg\" alt=\"1948\" width=\"496\" height=\"195\" srcset=\"https:\/\/totallubri.com.br\/wp-content\/uploads\/2017\/11\/1948-300x118.jpg 300w, https:\/\/totallubri.com.br\/wp-content\/uploads\/2017\/11\/1948-400x157.jpg 400w, https:\/\/totallubri.com.br\/wp-content\/uploads\/2017\/11\/1948-768x302.jpg 768w, https:\/\/totallubri.com.br\/wp-content\/uploads\/2017\/11\/1948.jpg 1004w\" sizes=\"auto, (max-width: 496px) 100vw, 496px\" \/><\/p>\n","protected":false},"excerpt":{"rendered":"<p>Cod: 1948 &#8211; Em Alum\u00ednio &#8211; Para \u00d3leo Lubrificante at\u00e9 SAE 90 &#8211; Press\u00e3o de Trabalho de 30 a 115 PSI &#8211; 2 a 8 Bar &#8211; Press\u00e3o de Sa\u00edda de \u00d3leo de 90 a 345 PSI &#8211; 6 a 24 Bar Acompanha: &#8211; Lubrifil, Suporte de Parede, V\u00e1lvula Anti-retorno, Mangueira 3\/4&#8243; e Cano de [&hellip;]<\/p>\n","protected":false},"featured_media":6495,"comment_status":"open","ping_status":"closed","template":"","meta":{"_exactmetrics_skip_tracking":false,"_exactmetrics_sitenote_active":false,"_exactmetrics_sitenote_note":"","_exactmetrics_sitenote_category":0},"product_brand":[],"product_cat":[110],"product_tag":[],"class_list":{"0":"post-6494","1":"product","2":"type-product","3":"status-publish","4":"has-post-thumbnail","6":"product_cat-propulsora-pneumatica-para-oleo","8":"first","9":"instock","10":"shipping-taxable","11":"product-type-simple"},"_links":{"self":[{"href":"https:\/\/totallubri.com.br\/index.php?rest_route=\/wp\/v2\/product\/6494","targetHints":{"allow":["GET"]}}],"collection":[{"href":"https:\/\/totallubri.com.br\/index.php?rest_route=\/wp\/v2\/product"}],"about":[{"href":"https:\/\/totallubri.com.br\/index.php?rest_route=\/wp\/v2\/types\/product"}],"replies":[{"embeddable":true,"href":"https:\/\/totallubri.com.br\/index.php?rest_route=%2Fwp%2Fv2%2Fcomments&post=6494"}],"wp:featuredmedia":[{"embeddable":true,"href":"https:\/\/totallubri.com.br\/index.php?rest_route=\/wp\/v2\/media\/6495"}],"wp:attachment":[{"href":"https:\/\/totallubri.com.br\/index.php?rest_route=%2Fwp%2Fv2%2Fmedia&parent=6494"}],"wp:term":[{"taxonomy":"product_brand","embeddable":true,"href":"https:\/\/totallubri.com.br\/index.php?rest_route=%2Fwp%2Fv2%2Fproduct_brand&post=6494"},{"taxonomy":"product_cat","embeddable":true,"href":"https:\/\/totallubri.com.br\/index.php?rest_route=%2Fwp%2Fv2%2Fproduct_cat&post=6494"},{"taxonomy":"product_tag","embeddable":true,"href":"https:\/\/totallubri.com.br\/index.php?rest_route=%2Fwp%2Fv2%2Fproduct_tag&post=6494"}],"curies":[{"name":"wp","href":"https:\/\/api.w.org\/{rel}","templated":true}]}}