{"id":6497,"date":"2017-11-07T13:31:29","date_gmt":"2017-11-07T15:31:29","guid":{"rendered":"http:\/\/totallubri.com.br\/?post_type=product&#038;p=6497"},"modified":"2024-12-02T10:48:59","modified_gmt":"2024-12-02T13:48:59","slug":"propulsora-pneumatica-oleo-duplo-efeito-1950-pressol","status":"publish","type":"product","link":"https:\/\/totallubri.com.br\/?product=propulsora-pneumatica-oleo-duplo-efeito-1950-pressol","title":{"rendered":"PROPULSORA PNEUM\u00c1TICA \u00d3LEO \/ DUPLO EFEITO &#8211; 1950 &#8211; PRESSOL"},"content":{"rendered":"<h1><small>Cod: 1950<\/small><\/h1>\n<p class=\"lead\">&#8211; Em Alum\u00ednio<br \/>\n&#8211; Para \u00d3leo Lubrificante at\u00e9 SAE 140<br \/>\n&#8211; Press\u00e3o de Trabalho de 30 a 115 PSI &#8211; 2 a 8 Bar<br \/>\n&#8211; Entrada 1\/4&#8243; BSP<br \/>\n&#8211; Sa\u00edda de \u00d3leo de 1\/2&#8243; BSP<br \/>\n&#8211; Press\u00e3o de Sa\u00edda de \u00d3leo de 150 a 575 PSI &#8211; 10 a 40 Bar<br \/>\n&#8211; Dupla A\u00e7\u00e3o (Opera nos Dois Sentidos de Acionamento do Pist\u00e3o).<\/p>\n<p>Acompanha:<br \/>\n&#8211; Lubrifil e Suporte de Parede<\/p>\n<p class=\"lead\"><img loading=\"lazy\" decoding=\"async\" class=\" wp-image-6501 aligncenter\" src=\"http:\/\/totallubri.com.br\/wp-content\/uploads\/2017\/11\/1950-300x119.jpg\" alt=\"1950\" width=\"486\" height=\"193\" srcset=\"https:\/\/totallubri.com.br\/wp-content\/uploads\/2017\/11\/1950-300x119.jpg 300w, https:\/\/totallubri.com.br\/wp-content\/uploads\/2017\/11\/1950-400x158.jpg 400w, https:\/\/totallubri.com.br\/wp-content\/uploads\/2017\/11\/1950-768x304.jpg 768w, https:\/\/totallubri.com.br\/wp-content\/uploads\/2017\/11\/1950.jpg 915w\" sizes=\"auto, (max-width: 486px) 100vw, 486px\" \/><\/p>\n","protected":false},"excerpt":{"rendered":"<p>Cod: 1950 &#8211; Em Alum\u00ednio &#8211; Para \u00d3leo Lubrificante at\u00e9 SAE 140 &#8211; Press\u00e3o de Trabalho de 30 a 115 PSI &#8211; 2 a 8 Bar &#8211; Entrada 1\/4&#8243; BSP &#8211; Sa\u00edda de \u00d3leo de 1\/2&#8243; BSP &#8211; Press\u00e3o de Sa\u00edda de \u00d3leo de 150 a 575 PSI &#8211; 10 a 40 Bar &#8211; Dupla [&hellip;]<\/p>\n","protected":false},"featured_media":6499,"comment_status":"open","ping_status":"closed","template":"","meta":{"_exactmetrics_skip_tracking":false,"_exactmetrics_sitenote_active":false,"_exactmetrics_sitenote_note":"","_exactmetrics_sitenote_category":0},"product_brand":[],"product_cat":[112],"product_tag":[],"class_list":{"0":"post-6497","1":"product","2":"type-product","3":"status-publish","4":"has-post-thumbnail","6":"product_cat-propulsoras-especiais-e-alta-vazao-suportes-e-acessorios-para-propulsoras","8":"first","9":"instock","10":"shipping-taxable","11":"product-type-simple"},"_links":{"self":[{"href":"https:\/\/totallubri.com.br\/index.php?rest_route=\/wp\/v2\/product\/6497","targetHints":{"allow":["GET"]}}],"collection":[{"href":"https:\/\/totallubri.com.br\/index.php?rest_route=\/wp\/v2\/product"}],"about":[{"href":"https:\/\/totallubri.com.br\/index.php?rest_route=\/wp\/v2\/types\/product"}],"replies":[{"embeddable":true,"href":"https:\/\/totallubri.com.br\/index.php?rest_route=%2Fwp%2Fv2%2Fcomments&post=6497"}],"wp:featuredmedia":[{"embeddable":true,"href":"https:\/\/totallubri.com.br\/index.php?rest_route=\/wp\/v2\/media\/6499"}],"wp:attachment":[{"href":"https:\/\/totallubri.com.br\/index.php?rest_route=%2Fwp%2Fv2%2Fmedia&parent=6497"}],"wp:term":[{"taxonomy":"product_brand","embeddable":true,"href":"https:\/\/totallubri.com.br\/index.php?rest_route=%2Fwp%2Fv2%2Fproduct_brand&post=6497"},{"taxonomy":"product_cat","embeddable":true,"href":"https:\/\/totallubri.com.br\/index.php?rest_route=%2Fwp%2Fv2%2Fproduct_cat&post=6497"},{"taxonomy":"product_tag","embeddable":true,"href":"https:\/\/totallubri.com.br\/index.php?rest_route=%2Fwp%2Fv2%2Fproduct_tag&post=6497"}],"curies":[{"name":"wp","href":"https:\/\/api.w.org\/{rel}","templated":true}]}}