{"id":6509,"date":"2017-11-07T15:49:15","date_gmt":"2017-11-07T17:49:15","guid":{"rendered":"http:\/\/totallubri.com.br\/?post_type=product&#038;p=6509"},"modified":"2024-12-01T21:46:50","modified_gmt":"2024-12-02T00:46:50","slug":"kit-propulsora-pneumatica-rateio-3046-pressol","status":"publish","type":"product","link":"https:\/\/totallubri.com.br\/?product=kit-propulsora-pneumatica-rateio-3046-pressol","title":{"rendered":"KIT PROPULSORA PNEUM\u00c1TICA \u2013 3046 \u2013 PRESSOL"},"content":{"rendered":"<h1><small>Cod: 3046<\/small><\/h1>\n<p class=\"lead\">&#8211; Em Alum\u00ednio<br \/>\n&#8211; Para \u00d3leo Lubrificante at\u00e9 SAE 90<br \/>\n&#8211; Press\u00e3o de Trabalho de 30 a 115 PSI &#8211; 2 a 8 Bar<br \/>\n&#8211; Entrada 1\/4&#8243; BSP<br \/>\n&#8211; Sa\u00edda de \u00d3leo de 1\/2&#8243; BSP<br \/>\n&#8211; Press\u00e3o de Sa\u00edda de \u00d3leo de 90 a 345 PSI &#8211; 10 a 40 Bar<\/p>\n<p>Acompanha:<br \/>\n&#8211; Lubrifil e Suporte de Parede<\/p>\n<p class=\"lead\"><img loading=\"lazy\" decoding=\"async\" class=\" wp-image-6511 aligncenter\" src=\"http:\/\/totallubri.com.br\/wp-content\/uploads\/2017\/11\/3046-300x118.jpg\" alt=\"3046\" width=\"440\" height=\"173\" srcset=\"https:\/\/totallubri.com.br\/wp-content\/uploads\/2017\/11\/3046-300x118.jpg 300w, https:\/\/totallubri.com.br\/wp-content\/uploads\/2017\/11\/3046-400x157.jpg 400w, https:\/\/totallubri.com.br\/wp-content\/uploads\/2017\/11\/3046-768x301.jpg 768w, https:\/\/totallubri.com.br\/wp-content\/uploads\/2017\/11\/3046.jpg 913w\" sizes=\"auto, (max-width: 440px) 100vw, 440px\" \/><\/p>\n","protected":false},"excerpt":{"rendered":"<p>Cod: 3046 &#8211; Em Alum\u00ednio &#8211; Para \u00d3leo Lubrificante at\u00e9 SAE 90 &#8211; Press\u00e3o de Trabalho de 30 a 115 PSI &#8211; 2 a 8 Bar &#8211; Entrada 1\/4&#8243; BSP &#8211; Sa\u00edda de \u00d3leo de 1\/2&#8243; BSP &#8211; Press\u00e3o de Sa\u00edda de \u00d3leo de 90 a 345 PSI &#8211; 10 a 40 Bar Acompanha: &#8211; [&hellip;]<\/p>\n","protected":false},"featured_media":6510,"comment_status":"open","ping_status":"closed","template":"","meta":{"_exactmetrics_skip_tracking":false,"_exactmetrics_sitenote_active":false,"_exactmetrics_sitenote_note":"","_exactmetrics_sitenote_category":0},"product_brand":[],"product_cat":[110],"product_tag":[],"class_list":{"0":"post-6509","1":"product","2":"type-product","3":"status-publish","4":"has-post-thumbnail","6":"product_cat-propulsora-pneumatica-para-oleo","8":"first","9":"instock","10":"shipping-taxable","11":"product-type-simple"},"_links":{"self":[{"href":"https:\/\/totallubri.com.br\/index.php?rest_route=\/wp\/v2\/product\/6509","targetHints":{"allow":["GET"]}}],"collection":[{"href":"https:\/\/totallubri.com.br\/index.php?rest_route=\/wp\/v2\/product"}],"about":[{"href":"https:\/\/totallubri.com.br\/index.php?rest_route=\/wp\/v2\/types\/product"}],"replies":[{"embeddable":true,"href":"https:\/\/totallubri.com.br\/index.php?rest_route=%2Fwp%2Fv2%2Fcomments&post=6509"}],"wp:featuredmedia":[{"embeddable":true,"href":"https:\/\/totallubri.com.br\/index.php?rest_route=\/wp\/v2\/media\/6510"}],"wp:attachment":[{"href":"https:\/\/totallubri.com.br\/index.php?rest_route=%2Fwp%2Fv2%2Fmedia&parent=6509"}],"wp:term":[{"taxonomy":"product_brand","embeddable":true,"href":"https:\/\/totallubri.com.br\/index.php?rest_route=%2Fwp%2Fv2%2Fproduct_brand&post=6509"},{"taxonomy":"product_cat","embeddable":true,"href":"https:\/\/totallubri.com.br\/index.php?rest_route=%2Fwp%2Fv2%2Fproduct_cat&post=6509"},{"taxonomy":"product_tag","embeddable":true,"href":"https:\/\/totallubri.com.br\/index.php?rest_route=%2Fwp%2Fv2%2Fproduct_tag&post=6509"}],"curies":[{"name":"wp","href":"https:\/\/api.w.org\/{rel}","templated":true}]}}