{"id":6513,"date":"2017-11-08T15:13:53","date_gmt":"2017-11-08T17:13:53","guid":{"rendered":"http:\/\/totallubri.com.br\/?post_type=product&#038;p=6513"},"modified":"2024-12-02T11:09:19","modified_gmt":"2024-12-02T14:09:19","slug":"propulsora-pneumatica-para-graxa-3912-flexbimec","status":"publish","type":"product","link":"https:\/\/totallubri.com.br\/?product=propulsora-pneumatica-para-graxa-3912-flexbimec","title":{"rendered":"PROPULSORA PNEUM\u00c1TICA PARA GRAXA &#8211; 3912 &#8211; FLEXBIMEC"},"content":{"rendered":"<h1><small>Cod: 3912<\/small><\/h1>\n<p class=\"lead\">&#8211; Em Alum\u00ednio<br \/>\n&#8211; Press\u00e3o de Trabalho de 45 a 115 PSI &#8211; 3 a 8 Bar<br \/>\n&#8211; Press\u00e3o de Sa\u00edda de Graxa de 2200 a 5750 PSI &#8211; 150 a 396 Bar<br \/>\n&#8211; Entrada de Ar e Sa\u00edda de Graxa 1\/4&#8243; BSP<\/p>\n<p class=\"lead\"><img loading=\"lazy\" decoding=\"async\" class=\" wp-image-6516 aligncenter\" src=\"http:\/\/totallubri.com.br\/wp-content\/uploads\/2017\/11\/3912-300x127.jpg\" alt=\"3912\" width=\"521\" height=\"220\" srcset=\"https:\/\/totallubri.com.br\/wp-content\/uploads\/2017\/11\/3912-300x127.jpg 300w, https:\/\/totallubri.com.br\/wp-content\/uploads\/2017\/11\/3912-400x169.jpg 400w, https:\/\/totallubri.com.br\/wp-content\/uploads\/2017\/11\/3912-768x324.jpg 768w, https:\/\/totallubri.com.br\/wp-content\/uploads\/2017\/11\/3912.jpg 910w\" sizes=\"auto, (max-width: 521px) 100vw, 521px\" \/><\/p>\n<p class=\"lead\">\n","protected":false},"excerpt":{"rendered":"<p>Cod: 3912 &#8211; Em Alum\u00ednio &#8211; Press\u00e3o de Trabalho de 45 a 115 PSI &#8211; 3 a 8 Bar &#8211; Press\u00e3o de Sa\u00edda de Graxa de 2200 a 5750 PSI &#8211; 150 a 396 Bar &#8211; Entrada de Ar e Sa\u00edda de Graxa 1\/4&#8243; BSP<\/p>\n","protected":false},"featured_media":6515,"comment_status":"open","ping_status":"closed","template":"","meta":{"_exactmetrics_skip_tracking":false,"_exactmetrics_sitenote_active":false,"_exactmetrics_sitenote_note":"","_exactmetrics_sitenote_category":0},"product_brand":[],"product_cat":[111],"product_tag":[],"class_list":{"0":"post-6513","1":"product","2":"type-product","3":"status-publish","4":"has-post-thumbnail","6":"product_cat-propulsora-pneumatica-para-graxa","8":"first","9":"instock","10":"shipping-taxable","11":"product-type-simple"},"_links":{"self":[{"href":"https:\/\/totallubri.com.br\/index.php?rest_route=\/wp\/v2\/product\/6513","targetHints":{"allow":["GET"]}}],"collection":[{"href":"https:\/\/totallubri.com.br\/index.php?rest_route=\/wp\/v2\/product"}],"about":[{"href":"https:\/\/totallubri.com.br\/index.php?rest_route=\/wp\/v2\/types\/product"}],"replies":[{"embeddable":true,"href":"https:\/\/totallubri.com.br\/index.php?rest_route=%2Fwp%2Fv2%2Fcomments&post=6513"}],"wp:featuredmedia":[{"embeddable":true,"href":"https:\/\/totallubri.com.br\/index.php?rest_route=\/wp\/v2\/media\/6515"}],"wp:attachment":[{"href":"https:\/\/totallubri.com.br\/index.php?rest_route=%2Fwp%2Fv2%2Fmedia&parent=6513"}],"wp:term":[{"taxonomy":"product_brand","embeddable":true,"href":"https:\/\/totallubri.com.br\/index.php?rest_route=%2Fwp%2Fv2%2Fproduct_brand&post=6513"},{"taxonomy":"product_cat","embeddable":true,"href":"https:\/\/totallubri.com.br\/index.php?rest_route=%2Fwp%2Fv2%2Fproduct_cat&post=6513"},{"taxonomy":"product_tag","embeddable":true,"href":"https:\/\/totallubri.com.br\/index.php?rest_route=%2Fwp%2Fv2%2Fproduct_tag&post=6513"}],"curies":[{"name":"wp","href":"https:\/\/api.w.org\/{rel}","templated":true}]}}