{"id":6539,"date":"2017-11-09T09:25:40","date_gmt":"2017-11-09T11:25:40","guid":{"rendered":"http:\/\/totallubri.com.br\/?post_type=product&#038;p=6539"},"modified":"2024-12-02T10:17:58","modified_gmt":"2024-12-02T13:17:58","slug":"propulsora-pneumatica-oleo-3988-pressol","status":"publish","type":"product","link":"https:\/\/totallubri.com.br\/?product=propulsora-pneumatica-oleo-3988-pressol","title":{"rendered":"PROPULSORA PNEUM\u00c1TICA \u00d3LEO &#8211; 3988 &#8211; PRESSOL"},"content":{"rendered":"<h1><small>Cod: 3988<\/small><\/h1>\n<p class=\"lead\">&#8211; Em Alum\u00ednio<br \/>\n&#8211; Para \u00d3leo Lubrificante at\u00e9 SAE 90<br \/>\n&#8211; Press\u00e3o de Trabalho de 30 a 115 PSI &#8211; 2 A 8 Bar<br \/>\n&#8211; Entrada de Ar 1\/4&#8243; BSP<br \/>\n&#8211; Sa\u00edda de \u00d3leo 1\/2&#8243; BSP<br \/>\n&#8211; Press\u00e3o de Sa\u00edda de \u00d3leo de 90 a 345 PSI &#8211; 6 a 24 Bar<br \/>\n&#8211; Com V\u00e1lvula Antirretorno<br \/>\n&#8211; N\u00e3o Acompanha Lubrifil<\/p>\n","protected":false},"excerpt":{"rendered":"<p>Cod: 3988 &#8211; Em Alum\u00ednio &#8211; Para \u00d3leo Lubrificante at\u00e9 SAE 90 &#8211; Press\u00e3o de Trabalho de 30 a 115 PSI &#8211; 2 A 8 Bar &#8211; Entrada de Ar 1\/4&#8243; BSP &#8211; Sa\u00edda de \u00d3leo 1\/2&#8243; BSP &#8211; Press\u00e3o de Sa\u00edda de \u00d3leo de 90 a 345 PSI &#8211; 6 a 24 Bar &#8211; [&hellip;]<\/p>\n","protected":false},"featured_media":6540,"comment_status":"open","ping_status":"closed","template":"","meta":{"_exactmetrics_skip_tracking":false,"_exactmetrics_sitenote_active":false,"_exactmetrics_sitenote_note":"","_exactmetrics_sitenote_category":0},"product_brand":[],"product_cat":[110],"product_tag":[],"class_list":{"0":"post-6539","1":"product","2":"type-product","3":"status-publish","4":"has-post-thumbnail","6":"product_cat-propulsora-pneumatica-para-oleo","8":"first","9":"instock","10":"shipping-taxable","11":"product-type-simple"},"_links":{"self":[{"href":"https:\/\/totallubri.com.br\/index.php?rest_route=\/wp\/v2\/product\/6539","targetHints":{"allow":["GET"]}}],"collection":[{"href":"https:\/\/totallubri.com.br\/index.php?rest_route=\/wp\/v2\/product"}],"about":[{"href":"https:\/\/totallubri.com.br\/index.php?rest_route=\/wp\/v2\/types\/product"}],"replies":[{"embeddable":true,"href":"https:\/\/totallubri.com.br\/index.php?rest_route=%2Fwp%2Fv2%2Fcomments&post=6539"}],"wp:featuredmedia":[{"embeddable":true,"href":"https:\/\/totallubri.com.br\/index.php?rest_route=\/wp\/v2\/media\/6540"}],"wp:attachment":[{"href":"https:\/\/totallubri.com.br\/index.php?rest_route=%2Fwp%2Fv2%2Fmedia&parent=6539"}],"wp:term":[{"taxonomy":"product_brand","embeddable":true,"href":"https:\/\/totallubri.com.br\/index.php?rest_route=%2Fwp%2Fv2%2Fproduct_brand&post=6539"},{"taxonomy":"product_cat","embeddable":true,"href":"https:\/\/totallubri.com.br\/index.php?rest_route=%2Fwp%2Fv2%2Fproduct_cat&post=6539"},{"taxonomy":"product_tag","embeddable":true,"href":"https:\/\/totallubri.com.br\/index.php?rest_route=%2Fwp%2Fv2%2Fproduct_tag&post=6539"}],"curies":[{"name":"wp","href":"https:\/\/api.w.org\/{rel}","templated":true}]}}