{"id":6541,"date":"2017-11-09T09:42:03","date_gmt":"2017-11-09T11:42:03","guid":{"rendered":"http:\/\/totallubri.com.br\/?post_type=product&#038;p=6541"},"modified":"2026-03-16T17:32:01","modified_gmt":"2026-03-16T20:32:01","slug":"propulsora-pneumatica-oleo-3990-pressol","status":"publish","type":"product","link":"https:\/\/totallubri.com.br\/?product=propulsora-pneumatica-oleo-3990-pressol","title":{"rendered":"PROPULSORA PNEUM\u00c1TICA \u2013 3990 \u2013 PRESSOL"},"content":{"rendered":"<h1><small>Cod: 3990<\/small><\/h1>\n<p class=\"lead\">&#8211; Em A\u00e7o e Lat\u00e3o<br \/>\n&#8211; Para Shampoo, Anticongelante e \u00c1gua<br \/>\n&#8211; Press\u00e3o de Trabalho de 30 a 115 PSI &#8211; 2 a 8 Bar<br \/>\n&#8211; Entrada de Ar 1\/4&#8243; BSP<br \/>\n&#8211; Sa\u00edda de \u00d3leo 3\/4&#8243; BSP<br \/>\n&#8211; Press\u00e3o de Sa\u00edda de \u00d3leo de 30 a 115 PSI &#8211; 2 a 8 Bar<br \/>\n&#8211; N\u00e3o Acompanha Lubrifil<\/p>\n","protected":false},"excerpt":{"rendered":"<p>Cod: 3990 &#8211; Em A\u00e7o e Lat\u00e3o &#8211; Para Shampoo, Anticongelante e \u00c1gua &#8211; Press\u00e3o de Trabalho de 30 a 115 PSI &#8211; 2 a 8 Bar &#8211; Entrada de Ar 1\/4&#8243; BSP &#8211; Sa\u00edda de \u00d3leo 3\/4&#8243; BSP &#8211; Press\u00e3o de Sa\u00edda de \u00d3leo de 30 a 115 PSI &#8211; 2 a 8 Bar [&hellip;]<\/p>\n","protected":false},"featured_media":6542,"comment_status":"open","ping_status":"closed","template":"","meta":{"_exactmetrics_skip_tracking":false,"_exactmetrics_sitenote_active":false,"_exactmetrics_sitenote_note":"","_exactmetrics_sitenote_category":0},"product_brand":[],"product_cat":[112],"product_tag":[],"class_list":{"0":"post-6541","1":"product","2":"type-product","3":"status-publish","4":"has-post-thumbnail","6":"product_cat-propulsoras-especiais-e-alta-vazao-suportes-e-acessorios-para-propulsoras","8":"first","9":"instock","10":"shipping-taxable","11":"product-type-simple"},"_links":{"self":[{"href":"https:\/\/totallubri.com.br\/index.php?rest_route=\/wp\/v2\/product\/6541","targetHints":{"allow":["GET"]}}],"collection":[{"href":"https:\/\/totallubri.com.br\/index.php?rest_route=\/wp\/v2\/product"}],"about":[{"href":"https:\/\/totallubri.com.br\/index.php?rest_route=\/wp\/v2\/types\/product"}],"replies":[{"embeddable":true,"href":"https:\/\/totallubri.com.br\/index.php?rest_route=%2Fwp%2Fv2%2Fcomments&post=6541"}],"wp:featuredmedia":[{"embeddable":true,"href":"https:\/\/totallubri.com.br\/index.php?rest_route=\/wp\/v2\/media\/6542"}],"wp:attachment":[{"href":"https:\/\/totallubri.com.br\/index.php?rest_route=%2Fwp%2Fv2%2Fmedia&parent=6541"}],"wp:term":[{"taxonomy":"product_brand","embeddable":true,"href":"https:\/\/totallubri.com.br\/index.php?rest_route=%2Fwp%2Fv2%2Fproduct_brand&post=6541"},{"taxonomy":"product_cat","embeddable":true,"href":"https:\/\/totallubri.com.br\/index.php?rest_route=%2Fwp%2Fv2%2Fproduct_cat&post=6541"},{"taxonomy":"product_tag","embeddable":true,"href":"https:\/\/totallubri.com.br\/index.php?rest_route=%2Fwp%2Fv2%2Fproduct_tag&post=6541"}],"curies":[{"name":"wp","href":"https:\/\/api.w.org\/{rel}","templated":true}]}}