{"id":6547,"date":"2017-11-09T10:24:51","date_gmt":"2017-11-09T12:24:51","guid":{"rendered":"http:\/\/totallubri.com.br\/?post_type=product&#038;p=6547"},"modified":"2024-12-02T10:21:15","modified_gmt":"2024-12-02T13:21:15","slug":"propulsora-pneumatica-oleo-3992-pressol","status":"publish","type":"product","link":"https:\/\/totallubri.com.br\/?product=propulsora-pneumatica-oleo-3992-pressol","title":{"rendered":"PROPULSORA PNEUM\u00c1TICA \u00d3LEO &#8211; 3992 &#8211; PRESSOL"},"content":{"rendered":"<h1><small>Cod: 3992<\/small><\/h1>\n<p class=\"lead\">&#8211; Em Alum\u00ednio<br \/>\n&#8211; Para \u00d3leo Diesel<br \/>\n&#8211; Press\u00e3o de Trabalho de 30 a 115 PSI &#8211; 2 a 8 Bar<br \/>\n&#8211; Entrada de Ar 1\/4&#8243; NPT<br \/>\n&#8211; Sa\u00edda de \u00d3leo 3\/4&#8243; NPT<br \/>\n&#8211; Press\u00e3o de Sa\u00edda de \u00d3leo de 30 a 115 PSI &#8211; 2 a 8 Bar<br \/>\n&#8211; N\u00e3o Acompanha Lubrifil<\/p>\n","protected":false},"excerpt":{"rendered":"<p>Cod: 3992 &#8211; Em Alum\u00ednio &#8211; Para \u00d3leo Diesel &#8211; Press\u00e3o de Trabalho de 30 a 115 PSI &#8211; 2 a 8 Bar &#8211; Entrada de Ar 1\/4&#8243; NPT &#8211; Sa\u00edda de \u00d3leo 3\/4&#8243; NPT &#8211; Press\u00e3o de Sa\u00edda de \u00d3leo de 30 a 115 PSI &#8211; 2 a 8 Bar &#8211; N\u00e3o Acompanha Lubrifil<\/p>\n","protected":false},"featured_media":6548,"comment_status":"open","ping_status":"closed","template":"","meta":{"_exactmetrics_skip_tracking":false,"_exactmetrics_sitenote_active":false,"_exactmetrics_sitenote_note":"","_exactmetrics_sitenote_category":0},"product_brand":[],"product_cat":[112],"product_tag":[],"class_list":{"0":"post-6547","1":"product","2":"type-product","3":"status-publish","4":"has-post-thumbnail","6":"product_cat-propulsoras-especiais-e-alta-vazao-suportes-e-acessorios-para-propulsoras","8":"first","9":"instock","10":"shipping-taxable","11":"product-type-simple"},"_links":{"self":[{"href":"https:\/\/totallubri.com.br\/index.php?rest_route=\/wp\/v2\/product\/6547","targetHints":{"allow":["GET"]}}],"collection":[{"href":"https:\/\/totallubri.com.br\/index.php?rest_route=\/wp\/v2\/product"}],"about":[{"href":"https:\/\/totallubri.com.br\/index.php?rest_route=\/wp\/v2\/types\/product"}],"replies":[{"embeddable":true,"href":"https:\/\/totallubri.com.br\/index.php?rest_route=%2Fwp%2Fv2%2Fcomments&post=6547"}],"wp:featuredmedia":[{"embeddable":true,"href":"https:\/\/totallubri.com.br\/index.php?rest_route=\/wp\/v2\/media\/6548"}],"wp:attachment":[{"href":"https:\/\/totallubri.com.br\/index.php?rest_route=%2Fwp%2Fv2%2Fmedia&parent=6547"}],"wp:term":[{"taxonomy":"product_brand","embeddable":true,"href":"https:\/\/totallubri.com.br\/index.php?rest_route=%2Fwp%2Fv2%2Fproduct_brand&post=6547"},{"taxonomy":"product_cat","embeddable":true,"href":"https:\/\/totallubri.com.br\/index.php?rest_route=%2Fwp%2Fv2%2Fproduct_cat&post=6547"},{"taxonomy":"product_tag","embeddable":true,"href":"https:\/\/totallubri.com.br\/index.php?rest_route=%2Fwp%2Fv2%2Fproduct_tag&post=6547"}],"curies":[{"name":"wp","href":"https:\/\/api.w.org\/{rel}","templated":true}]}}